{"id":8220,"date":"2023-08-28T10:23:16","date_gmt":"2023-08-28T08:23:16","guid":{"rendered":"https:\/\/padreazul.com\/stiftung-ramon-por-vida-%f0%9f%a4%9d-unterstuetzt-einheimische\/"},"modified":"2024-11-26T16:09:13","modified_gmt":"2024-11-26T15:09:13","slug":"stiftung-ramon-por-vida-%f0%9f%a4%9d-unterstuetzt-einheimische","status":"publish","type":"page","link":"https:\/\/padreazul.com\/de\/stiftung-ramon-por-vida-%f0%9f%a4%9d-unterstuetzt-einheimische\/","title":{"rendered":"#ramonporvida Stiftung unterst\u00fctzt Kinder in Not in Mexiko"},"content":{"rendered":"\n<div class=\"wp-block-uagb-container uagb-block-55574771 alignfull uagb-is-root-container\"><div class=\"uagb-container-inner-blocks-wrap\">\n<div class=\"wp-block-columns is-layout-flex wp-container-core-columns-is-layout-28f84493 wp-block-columns-is-layout-flex\">\n<div class=\"wp-block-column is-layout-flow wp-block-column-is-layout-flow\" style=\"padding-right:var(--wp--preset--spacing--30);padding-left:var(--wp--preset--spacing--30)\">\n<div class=\"wp-block-uagb-image uagb-block-a938cfef wp-block-uagb-image--layout-default wp-block-uagb-image--effect-static wp-block-uagb-image--align-none\"><figure class=\"wp-block-uagb-image__figure\"><img decoding=\"async\" srcset=\"https:\/\/padreazul.com\/wp-content\/uploads\/2023\/08\/magicforthose.svg\n \" sizes=\"auto, (max-width: 480px) 150px\" src=\"https:\/\/padreazul.com\/wp-content\/uploads\/2023\/08\/magicforthose.svg\" alt=\"Wei\u00dfer Text mit der Aufschrift \"Magie f\u00fcr diejenigen, die sie am meisten brauchen\".\" class=\"uag-image-2190\" width=\"545\" height=\"400\" title=\"\" loading=\"lazy\"><\/figure><\/div>\n\n\n\n<div class=\"wp-block-uagb-image uagb-block-d19755e5 wp-block-uagb-image--layout-default wp-block-uagb-image--effect-static wp-block-uagb-image--align-none\"><figure class=\"wp-block-uagb-image__figure\"><img decoding=\"async\" srcset=\"https:\/\/padreazul.com\/wp-content\/uploads\/2023\/08\/Pfad-7305.svg\n \" sizes=\"auto, (max-width: 480px) 150px\" src=\"https:\/\/padreazul.com\/wp-content\/uploads\/2023\/08\/Pfad-7305.svg\" alt=\"Kurze orangefarbene fette Linie\" class=\"uag-image-2210\" width=\"229\" height=\"20\" title=\"\" loading=\"lazy\"><\/figure><\/div>\n\n\n\n<div class=\"wp-block-uagb-advanced-heading uagb-block-485d9cde\"><h1 class=\"uagb-heading-text\">Ramon por vida Stiftung<br\/>von Padre Azul<\/h1><\/div>\n<\/div>\n\n\n\n<div class=\"wp-block-column is-layout-flow wp-block-column-is-layout-flow\">\n<div class=\"wp-block-uagb-image aligncenter uagb-block-5a48d62c wp-block-uagb-image--layout-default wp-block-uagb-image--effect-static wp-block-uagb-image--align-center\"><figure class=\"wp-block-uagb-image__figure\"><img decoding=\"async\" srcset=\"https:\/\/padreazul.com\/wp-content\/uploads\/2023\/12\/ramon_por_vida_foundation_-recipient-1024x1024.png ,https:\/\/padreazul.com\/wp-content\/uploads\/2023\/12\/ramon_por_vida_foundation_-recipient.png 780w, https:\/\/padreazul.com\/wp-content\/uploads\/2023\/12\/ramon_por_vida_foundation_-recipient.png 360w\" sizes=\"auto, (max-width: 480px) 150px\" src=\"https:\/\/padreazul.com\/wp-content\/uploads\/2023\/12\/ramon_por_vida_foundation_-recipient-1024x1024.png\" alt=\"Eine Frau h\u00e4lt ihre Tochter und ein Geschenkpaket der Stiftung Ramon Por Vida in der Hand. \" class=\"uag-image-5145\" width=\"545\" height=\"400\" title=\"\" loading=\"lazy\"><\/figure><\/div>\n<\/div>\n<\/div>\n\n\n\n<div class=\"wp-block-columns is-layout-flex wp-container-core-columns-is-layout-28f84493 wp-block-columns-is-layout-flex\">\n<div class=\"wp-block-column is-layout-flow wp-block-column-is-layout-flow\" style=\"padding-right:var(--wp--preset--spacing--30);padding-left:var(--wp--preset--spacing--30)\">\n<p>Die Tequila Marke Padre Azul entstand aus der Liebesgeschichte und dem Traum von HP Eder, seiner Frau Adriana, ihrer Familie und Freunden. Von Anfang an war f\u00fcr sie klar: Wir machen es anders \u2013 und vor allem nachhaltig.  <\/p>\n\n\n\n<p>Wir haben uns bewusst f\u00fcr familiengef\u00fchrte lokale Unternehmen als Partner entschieden und Mitarbeiter ausgew\u00e4hlt, die f\u00fcr uns wie Familie sind. Gemeinsam haben wir das aufgebaut, was wir heute stolz die Padre-Familie nennen. <\/p>\n\n\n\n<p>Es ist nicht nur ein Gesch\u00e4ft, sondern ein gemeinsamer Traum, der auf Liebe und dem Engagement, die Dinge richtig zu machen, beruht.<\/p>\n<\/div>\n\n\n\n<div class=\"wp-block-column is-layout-flow wp-block-column-is-layout-flow\">\n<div class=\"wp-block-uagb-image aligncenter uagb-block-6c232857 wp-block-uagb-image--layout-default wp-block-uagb-image--effect-static wp-block-uagb-image--align-center\"><figure class=\"wp-block-uagb-image__figure\"><img decoding=\"async\" srcset=\"https:\/\/padreazul.com\/wp-content\/uploads\/2023\/08\/Gruppe-5493.svg\n \" sizes=\"auto, (max-width: 480px) 150px\" src=\"https:\/\/padreazul.com\/wp-content\/uploads\/2023\/08\/Gruppe-5493.svg\" alt=\"wei\u00dfer Text mit der Aufschrift \"Adriana's heart project\".\" class=\"uag-image-2206\" width=\"164\" height=\"137\" title=\"\" loading=\"lazy\"><\/figure><\/div>\n<\/div>\n<\/div>\n<\/div><\/div>\n\n<div class=\"wp-block-uagb-container uagb-block-ac0959b7 alignfull uagb-is-root-container\"><div class=\"uagb-container-inner-blocks-wrap\">\n<div class=\"wp-block-uagb-image aligncenter uagb-block-78526ff5 wp-block-uagb-image--layout-default wp-block-uagb-image--effect-static wp-block-uagb-image--align-center\"><figure class=\"wp-block-uagb-image__figure\"><img decoding=\"async\" srcset=\"https:\/\/padreazul.com\/wp-content\/uploads\/2023\/08\/padre-hr-yellow.webp\n \" sizes=\"auto, (max-width: 480px) 150px\" src=\"https:\/\/padreazul.com\/wp-content\/uploads\/2023\/08\/padre-hr-yellow.webp\" alt=\"Unvollkommene orangefarbene Linie\" class=\"uag-image-2214\" width=\"670\" height=\"15\" title=\"\" loading=\"lazy\"><\/figure><\/div>\n\n\n\n<div class=\"wp-block-uagb-blockquote uagb-block-7fc0f9c1 uagb-blockquote__skin-quotation uagb-blockquote__align-center uagb-blockquote__style-style_1 uagb-blockquote__stack-img-none\"><blockquote class=\"uagb-blockquote\"><span class=\"uagb-blockquote__icon\"><svg width=\"20\" height=\"20\" viewbox=\"0 0 32 32\"><path d=\"M7.031 14c3.866 0 7 3.134 7 7s-3.134 7-7 7-7-3.134-7-7l-0.031-1c0-7.732 6.268-14 14-14v4c-2.671 0-5.182 1.040-7.071 2.929-0.364 0.364-0.695 0.751-0.995 1.157 0.357-0.056 0.724-0.086 1.097-0.086zM25.031 14c3.866 0 7 3.134 7 7s-3.134 7-7 7-7-3.134-7-7l-0.031-1c0-7.732 6.268-14 14-14v4c-2.671 0-5.182 1.040-7.071 2.929-0.364 0.364-0.695 0.751-0.995 1.157 0.358-0.056 0.724-0.086 1.097-0.086z\"><\/path><\/svg><\/span><div class=\"uagb-blockquote__content\">&#8220;Ich bin mir bewusst, dass wir nicht die ganze Welt retten k\u00f6nnen.<br\/>Aber ich glaube, dass jeder Einzelne etwas bewirken kann.&#8221;<\/div><footer><div class=\"uagb-blockquote__author-wrap uagb-blockquote__author-at-left\"><cite class=\"uagb-blockquote__author\">Adriana Alvarez de Eder<br\/>La Madre de Padre Azul und Schirmherrin der<br\/>#ramonporvida Stiftung.<\/cite><\/div><\/footer><\/blockquote><\/div>\n\n\n\n<div class=\"wp-block-uagb-image aligncenter uagb-block-2c73936a wp-block-uagb-image--layout-default wp-block-uagb-image--effect-static wp-block-uagb-image--align-center\"><figure class=\"wp-block-uagb-image__figure\"><img decoding=\"async\" srcset=\"https:\/\/padreazul.com\/wp-content\/uploads\/2023\/08\/padre-hr-yellow.webp\n \" sizes=\"auto, (max-width: 480px) 150px\" src=\"https:\/\/padreazul.com\/wp-content\/uploads\/2023\/08\/padre-hr-yellow.webp\" alt=\"Unvollkommene orangefarbene Linie\" class=\"uag-image-2214\" width=\"670\" height=\"15\" title=\"\" loading=\"lazy\"><\/figure><\/div>\n<\/div><\/div>\n\n<div class=\"wp-block-padre-parallax alignfull\" data-speed=\"30\" data-height=\"75\" data-type=\"image\" style=\"--padre-section-height:75VH;--padre-section-height-mobile:50VH;--padre-element-height:150%\"><img decoding=\"async\" loading=\"lazy\" class=\"parallax-element\" src=\"https:\/\/padreazul.com\/wp-content\/uploads\/2023\/10\/ramon_por_vida_foundation-scaled.webp\" width=\"1920\" height=\"1080\" alt=\"Padre - Premium Tequila\"><\/div>\n\n<div class=\"wp-block-uagb-container uagb-block-c65a2fc7 alignfull uagb-is-root-container\"><div class=\"uagb-container-inner-blocks-wrap\">\n<div class=\"wp-block-columns are-vertically-aligned-center is-layout-flex wp-container-core-columns-is-layout-7e7cccb4 wp-block-columns-is-layout-flex\" style=\"margin-top:120px;padding-top:0;padding-right:0;padding-bottom:0;padding-left:0\">\n<div class=\"wp-block-column is-vertically-aligned-center is-layout-flow wp-container-core-column-is-layout-470e7e12 wp-block-column-is-layout-flow\" style=\"padding-top:0;padding-right:0;padding-bottom:0;padding-left:0\">\n<div class=\"wp-block-uagb-image uagb-block-c831af0f wp-block-uagb-image--layout-default wp-block-uagb-image--effect-static wp-block-uagb-image--align-none\"><figure class=\"wp-block-uagb-image__figure\"><img decoding=\"async\" srcset=\"https:\/\/padreazul.com\/wp-content\/uploads\/2023\/08\/ramon-por-vida.svg\n \" sizes=\"auto, (max-width: 480px) 150px\" src=\"https:\/\/padreazul.com\/wp-content\/uploads\/2023\/08\/ramon-por-vida.svg\" alt=\"Wei\u00dfer Text: \"Ramon Por Vida Stiftung f\u00fcr Kinder\". Oben ist der Totenkopf Ramon mit Herz-Augen zu sehen\" class=\"uag-image-2223\" width=\"545\" height=\"649\" title=\"\" loading=\"lazy\"><\/figure><\/div>\n<\/div>\n\n\n\n<div class=\"wp-block-column is-vertically-aligned-center is-layout-flow wp-block-column-is-layout-flow\" style=\"padding-right:0;padding-left:0\">\n<div class=\"wp-block-uagb-advanced-heading uagb-block-ea67aa06\"><h2 class=\"uagb-heading-text\">Gutes tun mit unserer Stiftung<\/h2><\/div>\n\n\n\n<p style=\"margin-right:0;margin-left:0;font-size:18px\">Mit der #RamonPorVida Stiftung gehen wir<br\/>einen bedeutenden Schritt, um kleine lokale Projekte zu unterst\u00fctzen.<br\/>Jede Padre Azul Flasche wird bald das #RamonPorVida Siegel tragen.<br\/>Ein Teil jedes Erl\u00f6ses flie\u00dft direkt in unsere Organisation und f\u00f6rdert gemeinn\u00fctzige Projekte.  <\/p>\n\n\n\n<p style=\"margin-right:0;margin-left:0;font-size:18px\">Adriana w\u00e4hlt pers\u00f6nlich die lokalen Projekte aus, um sicherzustellen,<br\/>dass unsere Hilfe genau dort ankommt, wo sie am meisten gebraucht wird.<br\/>Es geht bei uns nicht nur um Tequila; es geht darum, einen Unterschied zu machen \u2013 Flasche f\u00fcr Flasche, Schritt f\u00fcr Schritt. <\/p>\n<\/div>\n<\/div>\n\n\n\n<div style=\"height:100px\" aria-hidden=\"true\" class=\"wp-block-spacer\"><\/div>\n<\/div><\/div>\n\n<div class=\"wp-block-padre-parallax alignfull\" data-speed=\"16\" data-height=\"80\" data-type=\"image\" style=\"--padre-section-height:80VH;--padre-section-height-mobile:60VH;--padre-element-height:136%\"><img decoding=\"async\" loading=\"lazy\" class=\"parallax-element\" src=\"https:\/\/padreazul.com\/wp-content\/uploads\/2023\/08\/LRC_8429.jpg\" width=\"1920\" height=\"1080\" alt=\"Padre - Premium Tequila\"><\/div>\n\n<div class=\"wp-block-uagb-container uagb-block-194920fa alignfull uagb-is-root-container\"><div class=\"uagb-container-inner-blocks-wrap\">\n<div class=\"wp-block-columns alignfull is-layout-flex wp-container-core-columns-is-layout-28f84493 wp-block-columns-is-layout-flex\">\n<div class=\"wp-block-column is-layout-flow wp-block-column-is-layout-flow\" style=\"flex-basis:66%\">\n<div class=\"wp-block-uagb-image uagb-block-02620a01 wp-block-uagb-image--layout-default wp-block-uagb-image--effect-static wp-block-uagb-image--align-none\"><figure class=\"wp-block-uagb-image__figure\"><img decoding=\"async\"  sizes=\"auto, (max-width: 480px) 150px\" src=\"https:\/\/padreazul.com\/wp-content\/uploads\/2023\/08\/Element-13.svg\" alt=\"Wei\u00dfer Text mit der Aufschrift \"Verpassen Sie keinen magischen Moment\".\" width=\"645\" height=\"61\" title=\"\" loading=\"lazy\"><\/figure><\/div>\n<\/div>\n\n\n\n<div class=\"wp-block-column is-vertically-aligned-center is-layout-flow wp-block-column-is-layout-flow\" style=\"flex-basis:33%\">\n<div class=\"wp-block-uagb-buttons uagb-buttons__outer-wrap uagb-btn__default-btn uagb-btn-tablet__default-btn uagb-btn-mobile__large-btn uagb-block-74ff2a30\"><div class=\"uagb-buttons__wrap uagb-buttons-layout-wrap\">\n<div class=\"wp-block-uagb-buttons-child uagb-buttons__outer-wrap uagb-block-89072927 wp-block-button\"><div class=\"uagb-button__wrapper\"><a class=\"uagb-buttons-repeater wp-block-button__link\" href=\"https:\/\/padreazul.com\/newsletter\/\" onclick=\"return true;\" rel=\"follow noopener\" target=\"_self\"><div class=\"uagb-button__link\">NEWSLETTER<\/div><span class=\"uagb-button__icon uagb-button__icon-position-after\"><svg xmlns=\"https:\/\/www.w3.org\/2000\/svg\" viewbox=\"0 0 448 512\"><path d=\"M438.6 278.6l-160 160C272.4 444.9 264.2 448 256 448s-16.38-3.125-22.62-9.375c-12.5-12.5-12.5-32.75 0-45.25L338.8 288H32C14.33 288 .0016 273.7 .0016 256S14.33 224 32 224h306.8l-105.4-105.4c-12.5-12.5-12.5-32.75 0-45.25s32.75-12.5 45.25 0l160 160C451.1 245.9 451.1 266.1 438.6 278.6z\"><\/path><\/svg><\/span><\/a><\/div><\/div>\n<\/div><\/div>\n<\/div>\n<\/div>\n\n\n\n<div class=\"wp-block-uagb-image uagb-block-49ddbe96 wp-block-uagb-image--layout-default wp-block-uagb-image--effect-static wp-block-uagb-image--align-none\"><figure class=\"wp-block-uagb-image__figure\"><img decoding=\"async\" srcset=\"https:\/\/padreazul.com\/wp-content\/uploads\/2023\/08\/line.svg\n \" sizes=\"auto, (max-width: 480px) 150px\" src=\"https:\/\/padreazul.com\/wp-content\/uploads\/2023\/08\/line.svg\" alt=\"Unvollkommene wei\u00dfe Linie\" class=\"uag-image-2021\" width=\"681\" height=\"14\" title=\"\" loading=\"lazy\"><\/figure><\/div>\n\n\n\n<div class=\"wp-block-columns alignfull is-layout-flex wp-container-core-columns-is-layout-28f84493 wp-block-columns-is-layout-flex\">\n<div class=\"wp-block-column is-layout-flow wp-block-column-is-layout-flow\" style=\"flex-basis:33%\">\n<div class=\"wp-block-uagb-image uagb-block-95bf4bf4 wp-block-uagb-image--layout-default wp-block-uagb-image--effect-static wp-block-uagb-image--align-none\"><figure class=\"wp-block-uagb-image__figure\"><img decoding=\"async\" srcset=\"https:\/\/padreazul.com\/wp-content\/uploads\/2023\/08\/ftm_with_ramon.svg\n \" sizes=\"auto, (max-width: 480px) 150px\" src=\"https:\/\/padreazul.com\/wp-content\/uploads\/2023\/08\/ftm_with_ramon.svg\" alt=\"Wei\u00dfer Text mit der Aufschrift \"Folgen Sie der Magie\".\" class=\"uag-image-2026\" width=\"394\" height=\"243\" title=\"\" loading=\"lazy\"><\/figure><\/div>\n<\/div>\n\n\n\n<div class=\"wp-block-column is-vertically-aligned-center is-layout-flow wp-block-column-is-layout-flow\" style=\"flex-basis:33%\">\n<div class=\"wp-block-columns is-not-stacked-on-mobile is-layout-flex wp-container-core-columns-is-layout-28f84493 wp-block-columns-is-layout-flex\">\n<div class=\"wp-block-column is-vertically-aligned-top is-layout-flow wp-block-column-is-layout-flow\">\n<div class=\"wp-block-uagb-image alignright uagb-block-c9e0da26 wp-block-uagb-image--layout-default wp-block-uagb-image--effect-zoomin wp-block-uagb-image--align-right\"><figure class=\"wp-block-uagb-image__figure\"><a class=\"\" href=\"https:\/\/www.facebook.com\/drink.padre\" target=\"_blank\" rel=\"noreferrer noopener\"><img decoding=\"async\"  sizes=\"auto, (max-width: 480px) 150px\" src=\"https:\/\/padreazul.com\/wp-content\/uploads\/2023\/08\/facebook_w.svg\" alt=\"Facebook-Symbol als wei\u00dfer Umriss\" width=\"50\" height=\"50\" title=\"\" loading=\"lazy\"><\/a><\/figure><\/div>\n<\/div>\n\n\n\n<div class=\"wp-block-column is-vertically-aligned-top is-layout-flow wp-block-column-is-layout-flow\">\n<div class=\"wp-block-uagb-image aligncenter uagb-block-00938121 wp-block-uagb-image--layout-default wp-block-uagb-image--effect-zoomin wp-block-uagb-image--align-center\"><figure class=\"wp-block-uagb-image__figure\"><a class=\"\" href=\"https:\/\/www.instagram.com\/padreazul.tequila\/?hl=de\" target=\"_blank\" rel=\"noreferrer noopener\"><img decoding=\"async\"  sizes=\"auto, (max-width: 480px) 150px\" src=\"https:\/\/padreazul.com\/wp-content\/uploads\/2023\/08\/instagram_w.svg\" alt=\"Instagram-Symbol als wei\u00dfer Umriss\" width=\"50\" height=\"50\" title=\"\" loading=\"lazy\"><\/a><\/figure><\/div>\n<\/div>\n\n\n\n<div class=\"wp-block-column is-vertically-aligned-top is-layout-flow wp-block-column-is-layout-flow\">\n<div class=\"wp-block-uagb-image uagb-block-9293810a wp-block-uagb-image--layout-default wp-block-uagb-image--effect-zoomin wp-block-uagb-image--align-none\"><figure class=\"wp-block-uagb-image__figure\"><a class=\"\" href=\"https:\/\/www.youtube.com\/@Padreazul%20\" target=\"_blank\" rel=\"noreferrer noopener\"><img decoding=\"async\"  sizes=\"auto, (max-width: 480px) 150px\" src=\"https:\/\/padreazul.com\/wp-content\/uploads\/2023\/08\/youtube_w.svg\" alt=\"YouTube-Symbol als wei\u00dfer Umriss\" width=\"60\" height=\"50\" title=\"\" loading=\"lazy\"><\/a><\/figure><\/div>\n<\/div>\n<\/div>\n<\/div>\n<\/div>\n<\/div><\/div>\n","protected":false},"excerpt":{"rendered":"<p>Ramon por vida Stiftungvon Padre Azul Die Tequila Marke Padre Azul entstand aus der Liebesgeschichte und dem Traum von HP [&hellip;]<\/p>\n","protected":false},"author":2,"featured_media":0,"parent":0,"menu_order":0,"comment_status":"closed","ping_status":"closed","template":"","meta":{"content-type":"","_uag_custom_page_level_css":"","site-sidebar-layout":"default","site-content-layout":"","ast-site-content-layout":"full-width-container","site-content-style":"default","site-sidebar-style":"default","ast-global-header-display":"","ast-banner-title-visibility":"","ast-main-header-display":"","ast-hfb-above-header-display":"","ast-hfb-below-header-display":"","ast-hfb-mobile-header-display":"","site-post-title":"disabled","ast-breadcrumbs-content":"","ast-featured-img":"","footer-sml-layout":"","ast-disable-related-posts":"","theme-transparent-header-meta":"","adv-header-id-meta":"","stick-header-meta":"","header-above-stick-meta":"","header-main-stick-meta":"","header-below-stick-meta":"","astra-migrate-meta-layouts":"default","ast-page-background-enabled":"default","ast-page-background-meta":{"desktop":{"background-color":"","background-image":"","background-repeat":"repeat","background-position":"center center","background-size":"auto","background-attachment":"scroll","background-type":"","background-media":"","overlay-type":"","overlay-color":"","overlay-opacity":"","overlay-gradient":""},"tablet":{"background-color":"","background-image":"","background-repeat":"repeat","background-position":"center center","background-size":"auto","background-attachment":"scroll","background-type":"","background-media":"","overlay-type":"","overlay-color":"","overlay-opacity":"","overlay-gradient":""},"mobile":{"background-color":"","background-image":"","background-repeat":"repeat","background-position":"center center","background-size":"auto","background-attachment":"scroll","background-type":"","background-media":"","overlay-type":"","overlay-color":"","overlay-opacity":"","overlay-gradient":""}},"ast-content-background-meta":{"desktop":{"background-color":"var(--ast-global-color-5)","background-image":"","background-repeat":"repeat","background-position":"center center","background-size":"auto","background-attachment":"scroll","background-type":"","background-media":"","overlay-type":"","overlay-color":"","overlay-opacity":"","overlay-gradient":""},"tablet":{"background-color":"var(--ast-global-color-5)","background-image":"","background-repeat":"repeat","background-position":"center center","background-size":"auto","background-attachment":"scroll","background-type":"","background-media":"","overlay-type":"","overlay-color":"","overlay-opacity":"","overlay-gradient":""},"mobile":{"background-color":"var(--ast-global-color-5)","background-image":"","background-repeat":"repeat","background-position":"center center","background-size":"auto","background-attachment":"scroll","background-type":"","background-media":"","overlay-type":"","overlay-color":"","overlay-opacity":"","overlay-gradient":""}},"footnotes":""},"class_list":["post-8220","page","type-page","status-publish","hentry"],"uagb_featured_image_src":{"full":false,"thumbnail":false,"medium":false,"medium_large":false,"large":false,"product_image_size":false,"product_image_size_small":false,"1536x1536":false,"2048x2048":false,"woocommerce_thumbnail":false,"woocommerce_single":false,"woocommerce_gallery_thumbnail":false},"uagb_author_info":{"display_name":"Wordpress Web-Crossing","author_link":"https:\/\/padreazul.com\/de\/author\/wordpress_webcrossing\/"},"uagb_comment_info":0,"uagb_excerpt":"Ramon por vida Stiftungvon Padre Azul Die Tequila Marke Padre Azul entstand aus der Liebesgeschichte und dem Traum von HP [&hellip;]","_links":{"self":[{"href":"https:\/\/padreazul.com\/de\/wp-json\/wp\/v2\/pages\/8220","targetHints":{"allow":["GET"]}}],"collection":[{"href":"https:\/\/padreazul.com\/de\/wp-json\/wp\/v2\/pages"}],"about":[{"href":"https:\/\/padreazul.com\/de\/wp-json\/wp\/v2\/types\/page"}],"author":[{"embeddable":true,"href":"https:\/\/padreazul.com\/de\/wp-json\/wp\/v2\/users\/2"}],"replies":[{"embeddable":true,"href":"https:\/\/padreazul.com\/de\/wp-json\/wp\/v2\/comments?post=8220"}],"version-history":[{"count":0,"href":"https:\/\/padreazul.com\/de\/wp-json\/wp\/v2\/pages\/8220\/revisions"}],"wp:attachment":[{"href":"https:\/\/padreazul.com\/de\/wp-json\/wp\/v2\/media?parent=8220"}],"curies":[{"name":"wp","href":"https:\/\/api.w.org\/{rel}","templated":true}]}}