{"id":8265,"date":"2023-09-18T14:15:50","date_gmt":"2023-09-18T12:15:50","guid":{"rendered":"https:\/\/padreazul.com\/impressum-%f0%9f%93%87-alles-ueber-padre-azul\/"},"modified":"2024-11-04T11:59:03","modified_gmt":"2024-11-04T10:59:03","slug":"impressum-%f0%9f%93%87-alles-ueber-padre-azul","status":"publish","type":"page","link":"https:\/\/padreazul.com\/de\/impressum-%f0%9f%93%87-alles-ueber-padre-azul\/","title":{"rendered":"Impressum \ud83d\udcc7 alles \u00fcber Padre Azul"},"content":{"rendered":"\n<div class=\"wp-block-uagb-container uagb-block-0833fe8c alignfull uagb-is-root-container\"><div class=\"uagb-container-inner-blocks-wrap\">\n<h1 class=\"wp-block-heading\">Impressum<\/h1>\n\n\n\n<p>Informationspflicht nach \u00a75 E-Commerce-Gesetz, \u00a714 Unternehmensgesetzbuch, \u00a763 Gewerbeordnung und Auskunftspflicht nach \u00a725 Mediengesetz. Die Europ\u00e4ische Kommission stellt eine Plattform zur Online-Streitbeilegung (OS) zur Verf\u00fcgung, die Sie unter AT finden <br\/><br\/><a href=\"https:\/\/ec.europa.eu\/consumers\/odr\/\" target=\"_blank\" rel=\"noopener\">https:\/\/ec.europa.eu\/consumers\/odr\/<\/a><\/p>\n\n\n\n<h2 class=\"wp-block-heading\">MEDIENINHABER &amp; VERLEGER<\/h2>\n\n\n\n<p>Tradition Mexico GmbH<br\/>Auweg 20<br\/>6112 Wattens<br\/>\u00d6sterreich<\/p>\n\n\n\n<p>CEO: Stefan Lackner<br\/>Tel: <a href=\"tel:+43%205224%2022023%20400\">+43 5224 22023 400<\/a><br\/>E-Mail: <a href=\"mailto:info@padrecito.mx\">info@padrecito.mx<\/a><\/p>\n\n\n\n<h2 class=\"wp-block-heading\">UNTERNEHMEN<\/h2>\n\n\n\n<p>Rechtsform: Gesellschaft mit beschr\u00e4nkter Haftung (GmbH)<br\/>Unternehmensgegenstand: Handel<br\/>Firmenbuchgericht: LG Innsbruck<br\/>Handelsregisternummer: 425753h<br\/>Umsatzsteuer-ID: ATU69159019<\/p>\n\n\n\n<h2 class=\"wp-block-heading\">ANMERKUNG ZUM EINTRAG<\/h2>\n\n\n\n<p>Beh\u00f6rde: Stadt Innsbruck<\/p>\n\n\n\n<p>Mitglied der Wirtschaftskammer Tirol<\/p>\n\n\n\n<p>Handelsbestimmungen: <a target=\"_blank\" href=\"http:\/\/www.ris2.bka.gv.at\/\" rel=\"noreferrer noopener\">www.ris2.bka.gv.at<\/a><\/p>\n\n\n\n<h2 class=\"wp-block-heading\">ALLGEMEINES<\/h2>\n\n\n\n<p>Das Webportal dient der F\u00f6rderung und dem Verkauf der von uns vertriebenen Waren und Dienstleistungen sowie der Pr\u00e4sentation des Unternehmens.<\/p>\n\n\n\n<h2 class=\"wp-block-heading\">HAFTUNGSHINWEIS<\/h2>\n\n\n\n<p>Die Informationen auf dieser Website erheben keinen Anspruch auf Richtigkeit oder Vollst\u00e4ndigkeit. Die Nutzung erfolgt auf Ihr eigenes Risiko. Wir weisen ausdr\u00fccklich darauf hin, dass wir f\u00fcr die Angebote Dritter im Internet (sog. &#8220;Deep Links&#8221;) nicht verantwortlich sind. Da Links auf die Angebote Dritter verweisen, enthalten diese nach unserer Kenntnis keine strafbaren oder sonst verbotenen Inhalte. F\u00fcr Inhalte, die durch einen Urheberrechtsvermerk oder eine entsprechende Kennzeichnung als fremde Inhalte gekennzeichnet sind, ist die Tradition Mexico GmbH nicht verantwortlich und lehnt jegliche Haftung f\u00fcr diese Inhalte ab.    <\/p>\n\n\n\n<h2 class=\"wp-block-heading\">SHOP ERF\u00dcLLUNG EU<\/h2>\n\n\n\n<p>Tradition Mexico GmbH<br\/>Auweg 20<br\/>6112 Wattens<br\/>\u00d6sterreich<\/p>\n\n\n\n<div class=\"woocommerce woocommerce-gzd woocommerce-gzd-complaints-shortcode\">\n\t\t\t<h3>Information gem. \u00a7 19 Abs 3 AStG<\/h3>\n\t\t<p>Alternative Streitbeilegung Gesetz - Online Gesch\u00e4fte<\/p>\n\t\nWe are not obliged nor willing to participate in dispute settlement proceedings before a consumer arbitration board.<\/div>\n<\/div><\/div>\n","protected":false},"excerpt":{"rendered":"<p>Impressum Informationspflicht nach \u00a75 E-Commerce-Gesetz, \u00a714 Unternehmensgesetzbuch, \u00a763 Gewerbeordnung und Auskunftspflicht nach \u00a725 Mediengesetz. Die Europ\u00e4ische Kommission stellt eine Plattform [&hellip;]<\/p>\n","protected":false},"author":2,"featured_media":0,"parent":0,"menu_order":0,"comment_status":"closed","ping_status":"closed","template":"","meta":{"content-type":"","_uag_custom_page_level_css":"","site-sidebar-layout":"default","site-content-layout":"","ast-site-content-layout":"full-width-container","site-content-style":"default","site-sidebar-style":"default","ast-global-header-display":"","ast-banner-title-visibility":"","ast-main-header-display":"","ast-hfb-above-header-display":"","ast-hfb-below-header-display":"","ast-hfb-mobile-header-display":"","site-post-title":"disabled","ast-breadcrumbs-content":"","ast-featured-img":"","footer-sml-layout":"","ast-disable-related-posts":"","theme-transparent-header-meta":"default","adv-header-id-meta":"","stick-header-meta":"","header-above-stick-meta":"","header-main-stick-meta":"","header-below-stick-meta":"","astra-migrate-meta-layouts":"default","ast-page-background-enabled":"default","ast-page-background-meta":{"desktop":{"background-color":"","background-image":"","background-repeat":"repeat","background-position":"center center","background-size":"auto","background-attachment":"scroll","background-type":"","background-media":"","overlay-type":"","overlay-color":"","overlay-opacity":"","overlay-gradient":""},"tablet":{"background-color":"","background-image":"","background-repeat":"repeat","background-position":"center center","background-size":"auto","background-attachment":"scroll","background-type":"","background-media":"","overlay-type":"","overlay-color":"","overlay-opacity":"","overlay-gradient":""},"mobile":{"background-color":"","background-image":"","background-repeat":"repeat","background-position":"center center","background-size":"auto","background-attachment":"scroll","background-type":"","background-media":"","overlay-type":"","overlay-color":"","overlay-opacity":"","overlay-gradient":""}},"ast-content-background-meta":{"desktop":{"background-color":"var(--ast-global-color-5)","background-image":"","background-repeat":"repeat","background-position":"center center","background-size":"auto","background-attachment":"scroll","background-type":"","background-media":"","overlay-type":"","overlay-color":"","overlay-opacity":"","overlay-gradient":""},"tablet":{"background-color":"var(--ast-global-color-5)","background-image":"","background-repeat":"repeat","background-position":"center center","background-size":"auto","background-attachment":"scroll","background-type":"","background-media":"","overlay-type":"","overlay-color":"","overlay-opacity":"","overlay-gradient":""},"mobile":{"background-color":"var(--ast-global-color-5)","background-image":"","background-repeat":"repeat","background-position":"center center","background-size":"auto","background-attachment":"scroll","background-type":"","background-media":"","overlay-type":"","overlay-color":"","overlay-opacity":"","overlay-gradient":""}},"footnotes":""},"class_list":["post-8265","page","type-page","status-publish","hentry"],"uagb_featured_image_src":{"full":false,"thumbnail":false,"medium":false,"medium_large":false,"large":false,"product_image_size":false,"product_image_size_small":false,"1536x1536":false,"2048x2048":false,"woocommerce_thumbnail":false,"woocommerce_single":false,"woocommerce_gallery_thumbnail":false},"uagb_author_info":{"display_name":"Wordpress Web-Crossing","author_link":"https:\/\/padreazul.com\/de\/author\/wordpress_webcrossing\/"},"uagb_comment_info":0,"uagb_excerpt":"Impressum Informationspflicht nach \u00a75 E-Commerce-Gesetz, \u00a714 Unternehmensgesetzbuch, \u00a763 Gewerbeordnung und Auskunftspflicht nach \u00a725 Mediengesetz. Die Europ\u00e4ische Kommission stellt eine Plattform [&hellip;]","_links":{"self":[{"href":"https:\/\/padreazul.com\/de\/wp-json\/wp\/v2\/pages\/8265","targetHints":{"allow":["GET"]}}],"collection":[{"href":"https:\/\/padreazul.com\/de\/wp-json\/wp\/v2\/pages"}],"about":[{"href":"https:\/\/padreazul.com\/de\/wp-json\/wp\/v2\/types\/page"}],"author":[{"embeddable":true,"href":"https:\/\/padreazul.com\/de\/wp-json\/wp\/v2\/users\/2"}],"replies":[{"embeddable":true,"href":"https:\/\/padreazul.com\/de\/wp-json\/wp\/v2\/comments?post=8265"}],"version-history":[{"count":0,"href":"https:\/\/padreazul.com\/de\/wp-json\/wp\/v2\/pages\/8265\/revisions"}],"wp:attachment":[{"href":"https:\/\/padreazul.com\/de\/wp-json\/wp\/v2\/media?parent=8265"}],"curies":[{"name":"wp","href":"https:\/\/api.w.org\/{rel}","templated":true}]}}