{"id":8291,"date":"2023-11-09T13:06:24","date_gmt":"2023-11-09T12:06:24","guid":{"rendered":"https:\/\/padreazul.com\/tequila-single-barrel-reposado-%f0%9f%92%80-info\/"},"modified":"2024-11-29T09:05:47","modified_gmt":"2024-11-29T08:05:47","slug":"tequila-single-barrel-reposado-%f0%9f%92%80-info","status":"publish","type":"page","link":"https:\/\/padreazul.com\/de\/tequila-single-barrel-reposado-%f0%9f%92%80-info\/","title":{"rendered":"Tequila Single Barrel Reposado \ud83d\udc80 Info"},"content":{"rendered":"\n<div class=\"wp-block-uagb-container uagb-block-26a96bb4 alignfull uagb-is-root-container\"><div class=\"uagb-container-inner-blocks-wrap\">\n<div class=\"wp-block-columns is-layout-flex wp-container-core-columns-is-layout-28f84493 wp-block-columns-is-layout-flex\">\n<div class=\"wp-block-column is-layout-flow wp-block-column-is-layout-flow\" style=\"flex-basis:40%\">\n<div style=\"height:286px\" aria-hidden=\"true\" class=\"wp-block-spacer\"><\/div>\n\n\n\n<div class=\"wp-block-uagb-image aligncenter uagb-block-c8713193 wp-block-uagb-image--layout-default wp-block-uagb-image--effect-static wp-block-uagb-image--align-center\"><figure class=\"wp-block-uagb-image__figure\"><img decoding=\"async\" src=\"https:\/\/padreazul.com\/wp-content\/uploads\/2023\/09\/time-time-time.svg\" alt=\"\" class=\"uag-image-2433\" width=\"412\" height=\"910\" title=\"\" loading=\"lazy\"><\/figure><\/div>\n\n\n\n<div class=\"wp-block-uagb-image aligncenter uagb-block-dbb2a5b2 wp-block-uagb-image--layout-default wp-block-uagb-image--effect-static wp-block-uagb-image--align-center uag-hide-desktop uag-hide-tab\"><figure class=\"wp-block-uagb-image__figure\"><img decoding=\"async\" src=\"https:\/\/padreazul.com\/wp-content\/uploads\/2023\/11\/singlebarrel_reposado_700ml_webshop-474x1024.webp\" alt=\"\" class=\"uag-image-4606\" width=\"474\" height=\"1024\" title=\"\" loading=\"lazy\"><\/figure><\/div>\n\n\n\n<div style=\"height:40px\" aria-hidden=\"true\" class=\"wp-block-spacer\"><\/div>\n\n\n\n<p style=\"padding-top:var(--wp--preset--spacing--50)\">Begeben Sie sich auf ein Tequila-Abenteuer mit unserem Single Barrel Reposado &#8211; ein Muss f\u00fcr Entdecker, die einen Geschmack suchen, der die Zeit \u00fcberdauert.Erleben Sie den Geschmack unserer Single Barrels! <\/p>\n<\/div>\n\n\n\n<div class=\"wp-block-column is-layout-flow wp-block-column-is-layout-flow\" style=\"flex-basis:40%\">\n<div class=\"wp-block-uagb-image aligncenter uagb-block-1779a497 wp-block-uagb-image--layout-default wp-block-uagb-image--effect-static wp-block-uagb-image--align-center uag-hide-mob\"><figure class=\"wp-block-uagb-image__figure\"><img decoding=\"async\" src=\"https:\/\/padreazul.com\/wp-content\/uploads\/2023\/11\/singlebarrel_reposado_700ml_webshop-474x1024.webp\" alt=\"\" class=\"uag-image-4606\" width=\"474\" height=\"1024\" title=\"\" loading=\"lazy\"><\/figure><\/div>\n\n\n\n<div style=\"height:113px\" aria-hidden=\"true\" class=\"wp-block-spacer\"><\/div>\n<\/div>\n\n\n\n<div class=\"wp-block-column is-vertically-aligned-center is-layout-flow wp-block-column-is-layout-flow\">\n<div class=\"wp-block-uagb-image uagb-block-8c866e38 wp-block-uagb-image--layout-default wp-block-uagb-image--effect-zoomin wp-block-uagb-image--align-none\"><figure class=\"wp-block-uagb-image__figure\"><a class=\"\" href=\"https:\/\/padreazul.com\/de\/product\/single-barrel-reposado-700ml-probierset-2-nosing-glaeser\/\" target=\"\" rel=\"noopener\"><img decoding=\"async\" src=\"https:\/\/padreazul.com\/wp-content\/uploads\/2023\/08\/SHOP_Magic-1.gif\" alt=\"\" class=\"uag-image-1431\" width=\"757\" height=\"906\" title=\"\" loading=\"lazy\"><\/a><\/figure><\/div>\n<\/div>\n<\/div>\n<\/div><\/div>\n\n<div class=\"wp-block-padre-parallax alignfull\" data-speed=\"30\" data-height=\"50\" data-type=\"image\" style=\"--padre-section-height:50VH;--padre-section-height-mobile:50VH;--padre-element-height:150%\"><img decoding=\"async\" class=\"parallax-element\" src=\"https:\/\/padreazul.com\/wp-content\/uploads\/2023\/09\/aging.webp\" alt=\"Padre - Premium Tequila\"><\/div>\n\n<div class=\"wp-block-uagb-container uagb-block-e03f1c26 alignfull uagb-is-root-container\"><div class=\"uagb-container-inner-blocks-wrap\">\n<div class=\"wp-block-columns is-layout-flex wp-container-core-columns-is-layout-28f84493 wp-block-columns-is-layout-flex\">\n<div class=\"wp-block-column is-layout-flow wp-block-column-is-layout-flow\">\n<div style=\"height:100px\" aria-hidden=\"true\" class=\"wp-block-spacer\"><\/div>\n\n\n\n<div class=\"wp-block-uagb-image uagb-block-d5a27a2b wp-block-uagb-image--layout-default wp-block-uagb-image--effect-static wp-block-uagb-image--align-none\"><figure class=\"wp-block-uagb-image__figure\"><img decoding=\"async\" srcset=\"https:\/\/padreazul.com\/wp-content\/uploads\/2023\/09\/magic-times.svg ,https:\/\/padreazul.com\/wp-content\/uploads\/2023\/09\/magic-times.svg 780w, https:\/\/padreazul.com\/wp-content\/uploads\/2023\/09\/magic-times.svg 360w\" sizes=\"auto, (max-width: 480px) 150px\" src=\"https:\/\/padreazul.com\/wp-content\/uploads\/2023\/09\/magic-times.svg\" alt=\"\" class=\"uag-image-2479\" width=\"460\" height=\"177\" title=\"\" loading=\"lazy\"><\/figure><\/div>\n<\/div>\n\n\n\n<div class=\"wp-block-column is-layout-flow wp-block-column-is-layout-flow\">\n<div class=\"wp-block-uagb-advanced-heading uagb-block-97144126\"><h2 class=\"uagb-heading-text\">eine Symphonie k\u00f6stlicher Aromen<\/h2><\/div>\n\n\n\n<p>Genie\u00dfen Sie die Essenz der Zeit mit unserem Single Barrel Reposado \u2013 eine tiefgreifende Reise, die in einer Flasche eingefangen wurde. Mit h\u00f6chster Geduld und Hingabe gewachsen, reift dieser Tequila in handverlesenen Bourbonf\u00e4ssern und entfaltet ein meisterhaftes Zusammenspiel von Aromen. Die vollmundigen Noten von gekochtem Agave, Vanille und reifen Aprikosen verbinden sich harmonisch mit zarten Nuancen von Zimt, Karamell und edelster Schokolade.<br\/>Jeder Schluck ist ein exquisiter Genuss, der Ihre Sinne auf eine unvergessliche Reise entf\u00fchrt \u2013 der ideale Begleiter, um jene magischen Momente zu kr\u00f6nen, die nur das Besondere verdienen.  <\/p>\n<\/div>\n<\/div>\n<\/div><\/div>\n\n<div style=\"height:55px\" aria-hidden=\"true\" class=\"wp-block-spacer\"><\/div>\n\n<div class=\"wp-block-uagb-container uagb-block-fb661113 alignfull uagb-is-root-container\"><div class=\"uagb-container-inner-blocks-wrap\">\n<div class=\"wp-block-uagb-container uagb-block-fe84684e\">\n<div class=\"wp-block-uagb-advanced-heading uagb-block-01ceb806\"><h2 class=\"uagb-heading-text\">wir nehmen uns Zeit zum Ruhen<\/h2><\/div>\n\n\n\n<p>F\u00fcr abenteuerlustige Genie\u00dfer, die Authentizit\u00e4t sch\u00e4tzen, verk\u00f6rpert unser Single Barrel Reposado den Geist der Entdeckung. Hergestellt aus der besten blauen Weberagave, reift jeder Barrel mindestens neun Monate lang und entwickelt ein ausgewogenes, komplexes Profil.<br\/>Mit nur einer begrenzten Anzahl an F\u00e4ssern, die j\u00e4hrlich produziert werden, verspricht dieser exklusive Tequila ein unverwechselbares und authentisches Geschmackserlebnis. Jede Flasche ist individuell nummeriert und hand-signiert \u2013 ein wahres Sammlerst\u00fcck und ein Symbol f\u00fcr die einzigartige Reise, die in jedem Tropfen steckt.   <\/p>\n<\/div>\n\n\n\n<div class=\"wp-block-uagb-container uagb-block-8c1cce12\">\n<div class=\"wp-block-uagb-image aligncenter uagb-block-cae1dd91 wp-block-uagb-image--layout-default wp-block-uagb-image--effect-zoomin wp-block-uagb-image--align-center\"><figure class=\"wp-block-uagb-image__figure\"><a class=\"\" href=\"https:\/\/padreazul.com\/de\/product\/single-barrel-reposado-700ml-probierset-2-nosing-glaeser\/\" target=\"\" rel=\"noopener\"><img decoding=\"async\" src=\"https:\/\/padreazul.com\/wp-content\/uploads\/2023\/08\/SHOP-TIME.gif\" alt=\"\" class=\"uag-image-1423\" width=\"188\" height=\"234\" title=\"\" loading=\"lazy\"><\/a><\/figure><\/div>\n<\/div>\n<\/div><\/div>\n\n<div style=\"height:100px\" aria-hidden=\"true\" class=\"wp-block-spacer\"><\/div>\n","protected":false},"excerpt":{"rendered":"<p>Begeben Sie sich auf ein Tequila-Abenteuer mit unserem Single Barrel Reposado &#8211; ein Muss f\u00fcr Entdecker, die einen Geschmack suchen, [&hellip;]<\/p>\n","protected":false},"author":4,"featured_media":0,"parent":0,"menu_order":0,"comment_status":"closed","ping_status":"closed","template":"","meta":{"content-type":"","_uag_custom_page_level_css":"","site-sidebar-layout":"default","site-content-layout":"","ast-site-content-layout":"full-width-container","site-content-style":"default","site-sidebar-style":"default","ast-global-header-display":"","ast-banner-title-visibility":"","ast-main-header-display":"","ast-hfb-above-header-display":"","ast-hfb-below-header-display":"","ast-hfb-mobile-header-display":"","site-post-title":"disabled","ast-breadcrumbs-content":"","ast-featured-img":"","footer-sml-layout":"","ast-disable-related-posts":"","theme-transparent-header-meta":"","adv-header-id-meta":"","stick-header-meta":"","header-above-stick-meta":"","header-main-stick-meta":"","header-below-stick-meta":"","astra-migrate-meta-layouts":"default","ast-page-background-enabled":"default","ast-page-background-meta":{"desktop":{"background-color":"","background-image":"","background-repeat":"repeat","background-position":"center center","background-size":"auto","background-attachment":"scroll","background-type":"","background-media":"","overlay-type":"","overlay-color":"","overlay-opacity":"","overlay-gradient":""},"tablet":{"background-color":"","background-image":"","background-repeat":"repeat","background-position":"center center","background-size":"auto","background-attachment":"scroll","background-type":"","background-media":"","overlay-type":"","overlay-color":"","overlay-opacity":"","overlay-gradient":""},"mobile":{"background-color":"","background-image":"","background-repeat":"repeat","background-position":"center center","background-size":"auto","background-attachment":"scroll","background-type":"","background-media":"","overlay-type":"","overlay-color":"","overlay-opacity":"","overlay-gradient":""}},"ast-content-background-meta":{"desktop":{"background-color":"var(--ast-global-color-5)","background-image":"","background-repeat":"repeat","background-position":"center center","background-size":"auto","background-attachment":"scroll","background-type":"","background-media":"","overlay-type":"","overlay-color":"","overlay-opacity":"","overlay-gradient":""},"tablet":{"background-color":"var(--ast-global-color-5)","background-image":"","background-repeat":"repeat","background-position":"center center","background-size":"auto","background-attachment":"scroll","background-type":"","background-media":"","overlay-type":"","overlay-color":"","overlay-opacity":"","overlay-gradient":""},"mobile":{"background-color":"var(--ast-global-color-5)","background-image":"","background-repeat":"repeat","background-position":"center center","background-size":"auto","background-attachment":"scroll","background-type":"","background-media":"","overlay-type":"","overlay-color":"","overlay-opacity":"","overlay-gradient":""}},"footnotes":""},"class_list":["post-8291","page","type-page","status-publish","hentry"],"uagb_featured_image_src":{"full":false,"thumbnail":false,"medium":false,"medium_large":false,"large":false,"product_image_size":false,"product_image_size_small":false,"1536x1536":false,"2048x2048":false,"woocommerce_thumbnail":false,"woocommerce_single":false,"woocommerce_gallery_thumbnail":false},"uagb_author_info":{"display_name":"Ramon","author_link":"https:\/\/padreazul.com\/de\/author\/florian_springer\/"},"uagb_comment_info":0,"uagb_excerpt":"Begeben Sie sich auf ein Tequila-Abenteuer mit unserem Single Barrel Reposado &#8211; ein Muss f\u00fcr Entdecker, die einen Geschmack suchen, [&hellip;]","_links":{"self":[{"href":"https:\/\/padreazul.com\/de\/wp-json\/wp\/v2\/pages\/8291","targetHints":{"allow":["GET"]}}],"collection":[{"href":"https:\/\/padreazul.com\/de\/wp-json\/wp\/v2\/pages"}],"about":[{"href":"https:\/\/padreazul.com\/de\/wp-json\/wp\/v2\/types\/page"}],"author":[{"embeddable":true,"href":"https:\/\/padreazul.com\/de\/wp-json\/wp\/v2\/users\/4"}],"replies":[{"embeddable":true,"href":"https:\/\/padreazul.com\/de\/wp-json\/wp\/v2\/comments?post=8291"}],"version-history":[{"count":0,"href":"https:\/\/padreazul.com\/de\/wp-json\/wp\/v2\/pages\/8291\/revisions"}],"wp:attachment":[{"href":"https:\/\/padreazul.com\/de\/wp-json\/wp\/v2\/media?parent=8291"}],"curies":[{"name":"wp","href":"https:\/\/api.w.org\/{rel}","templated":true}]}}