{"id":8317,"date":"2023-10-02T17:25:26","date_gmt":"2023-10-02T15:25:26","guid":{"rendered":"https:\/\/padreazul.com\/artist-edition-2022-tequila-double-barrel-reposado-%f0%9f%92%80-info\/"},"modified":"2024-11-04T12:41:45","modified_gmt":"2024-11-04T11:41:45","slug":"artist-edition-2022-tequila-double-barrel-reposado-%f0%9f%92%80-info","status":"publish","type":"page","link":"https:\/\/padreazul.com\/de\/artist-edition-2022-tequila-double-barrel-reposado-%f0%9f%92%80-info\/","title":{"rendered":"Artist Edition 2022 Tequila Double Barrel Reposado \ud83d\udc80 Info"},"content":{"rendered":"\n<div class=\"wp-block-padre-blocks-product-display\"><div class=\"product-display\"><div class=\"product-title\"><div class=\"product-title-image\" style=\"max-height:420px\"><img decoding=\"async\" src=\"https:\/\/padreazul.com\/wp-content\/uploads\/2023\/10\/doublebarrelreposado-517x900.webp\" alt=\"\"><\/div><\/div><div class=\"product-description\">magischer Reposado mit doppelter Reifung in zwei Ex-Bourbon-F\u00e4ssern. Tequila, der in Zusammenarbeit mit Frauen hergestellt wird, wobei der Erl\u00f6s an die VIFAC-Organisation in Mexiko geht. <\/div><div class=\"product-image\"><img decoding=\"async\" src=\"https:\/\/padreazul.com\/wp-content\/uploads\/2023\/10\/double-reposado-453x900.webp\" alt=\"\"><\/div><div class=\"product-link\"><a href=\"https:\/\/padreazul.com\/product\/artist-edition-2022-tequila-double-barrel-reposado-700ml\/\"><img decoding=\"async\" src=\"https:\/\/padreazul.com\/wp-content\/plugins\/padre-blocks\/build\/product-display\/..\/images\/SHOP_Magic.150098ff.gif\" alt=\"shop-link\"><\/a><\/div><\/div><\/div>\n\n<div style=\"height:100px\" aria-hidden=\"true\" class=\"wp-block-spacer\"><\/div>\n\n<div class=\"wp-block-padre-parallax alignfull\" data-speed=\"30\" data-height=\"50\" data-type=\"image\" style=\"--padre-section-height:50VH;--padre-section-height-mobile:50VH;--padre-element-height:150%\"><img decoding=\"async\" class=\"parallax-element\" src=\"https:\/\/padreazul.com\/wp-content\/uploads\/2023\/10\/laura_paints_adriana.webp\" alt=\"Padre - Premium Tequila\"><\/div>\n\n<div style=\"height:80px\" aria-hidden=\"true\" class=\"wp-block-spacer\"><\/div>\n\n<h2 class=\"wp-block-heading has-text-align-center\">limitierte K\u00fcnstleredition 2022 &#8211; mit der K\u00fcnstlerin Laura Garcia Rulfo<\/h2>\n\n<div style=\"height:60px\" aria-hidden=\"true\" class=\"wp-block-spacer\"><\/div>\n\n<div class=\"wp-block-uagb-container uagb-block-f006c428 alignfull uagb-is-root-container\"><div class=\"uagb-container-inner-blocks-wrap\">\n<div class=\"wp-block-uagb-container uagb-block-164c2f45\">\n<h3 class=\"wp-block-heading\">Drei Frauen &#8211; ein Tequila<\/h3>\n\n\n\n<p class=\"has-text-align-left\">Unsere Artist Edition 2022 wurde in weiblicher Zusammenarbeit und mit Hingabe an unsere geliebten Frauen hergestellt. Es sind drei Frauen, die diese Kreation zum Leben erweckt haben: <br\/><br\/>&#8211; Adriana hat diese Idee ins Leben gerufen.<br\/>&#8211; Laura hat das Kunstwerk der Flasche entworfen.<br\/>&#8211; Erika hat den Geist erschaffen.<\/p>\n<\/div>\n\n\n\n<div class=\"wp-block-uagb-container uagb-block-1960632d\">\n<div class=\"wp-block-uagb-image aligncenter uagb-block-72c96aa5 wp-block-uagb-image--layout-default wp-block-uagb-image--effect-static wp-block-uagb-image--align-center\"><figure class=\"wp-block-uagb-image__figure\"><img decoding=\"async\" srcset=\"https:\/\/padreazul.com\/wp-content\/uploads\/2023\/11\/laura_garcia_artwork-1024x763.webp ,https:\/\/padreazul.com\/wp-content\/uploads\/2023\/11\/laura_garcia_artwork-scaled.webp 780w, https:\/\/padreazul.com\/wp-content\/uploads\/2023\/11\/laura_garcia_artwork-scaled.webp 360w\" sizes=\"auto, (max-width: 480px) 150px\" src=\"https:\/\/padreazul.com\/wp-content\/uploads\/2023\/11\/laura_garcia_artwork-1024x763.webp\" alt=\"\" class=\"uag-image-4173\" width=\"491\" height=\"299\" title=\"\" loading=\"lazy\"><\/figure><\/div>\n<\/div>\n<\/div><\/div>\n\n<div style=\"height:100px\" aria-hidden=\"true\" class=\"wp-block-spacer\"><\/div>\n\n<div class=\"wp-block-uagb-container uagb-block-a0f94eb2 alignfull uagb-is-root-container\"><div class=\"uagb-container-inner-blocks-wrap\">\n<div class=\"wp-block-uagb-container uagb-block-d0b90562\">\n<div class=\"wp-block-uagb-image aligncenter uagb-block-f333fb15 wp-block-uagb-image--layout-default wp-block-uagb-image--effect-static wp-block-uagb-image--align-center\"><figure class=\"wp-block-uagb-image__figure\"><img decoding=\"async\" srcset=\"https:\/\/padreazul.com\/wp-content\/uploads\/2023\/09\/female-power.svg ,https:\/\/padreazul.com\/wp-content\/uploads\/2023\/09\/female-power.svg 780w, https:\/\/padreazul.com\/wp-content\/uploads\/2023\/09\/female-power.svg 360w\" sizes=\"auto, (max-width: 480px) 150px\" src=\"https:\/\/padreazul.com\/wp-content\/uploads\/2023\/09\/female-power.svg\" alt=\"Eine Grafik mit wei\u00dfen Gro\u00dfbuchstaben mit der Aufschrift \"Frauenpower\".\" class=\"uag-image-2452\" width=\"484\" height=\"199\" title=\"\" loading=\"lazy\"><\/figure><\/div>\n<\/div>\n\n\n\n<div class=\"wp-block-uagb-container uagb-block-3d1bfbf1\">\n<h3 class=\"wp-block-heading\">dieser Tequila ist fl\u00fcssige Liebe!<\/h3>\n\n\n\n<p>Wir haben all unsere Liebe und Leidenschaft in diese Flasche gesteckt &#8211; 100% blauer Weber Agave Tequila f\u00fcr 8 Monate doppelt gereift in handverlesenen Bourbonf\u00e4ssern. Limitiert auf 5000 St\u00fcck weltweit, verdient diese Edition nur das Beste! s\u00fc\u00dfe Zitrusnoten, gekochte Agavenaromen und ein Hauch von Karamell. Das herausragende Design der Flasche von Laura Garcia Rulfo macht ihn nicht nur zu einem Genuss f\u00fcr den Gaumen, sondern auch f\u00fcr die Augen. Das ist unsere limitierte Artist Edition 2022   <\/p>\n<\/div>\n<\/div><\/div>\n\n<div class=\"wp-block-uagb-container uagb-block-e03f1c26 alignfull uagb-is-root-container\"><div class=\"uagb-container-inner-blocks-wrap\">\n<div class=\"wp-block-columns is-layout-flex wp-container-core-columns-is-layout-28f84493 wp-block-columns-is-layout-flex\">\n<div class=\"wp-block-column is-layout-flow wp-block-column-is-layout-flow\">\n<h3 class=\"wp-block-heading\">das Kunstwerk &#8220;tesoro de agave&#8221;<\/h3>\n\n\n\n<p>Die Agave wird aus der Gro\u00dfz\u00fcgigkeit der Erde geboren und vom Wetter, der Sonne und dem von Mutter Natur gesandten Wasser gen\u00e4hrt. Es ist auch die Agave, die uns Tequila liefert, die uralte Spirituose, die der G\u00f6tter w\u00fcrdig ist. Das Getr\u00e4nk, das die Mexikaner dazu bringt, ihre Frauen zu verehren, die ihre Gedichte und Lieder inspirieren, w\u00e4hrend sie ihren Agavengeist genie\u00dfen. Unter dem farbenfrohen Himmel von Jalisco wandelt sie sanft und meditiert zwischen den blauen Agaven, aus denen unser Lieblingsgetr\u00e4nk entsteht &#8211; Padre Azul Tequila.   <\/p>\n<\/div>\n\n\n\n<div class=\"wp-block-column is-layout-flow wp-block-column-is-layout-flow\">\n<div class=\"wp-block-uagb-image aligncenter uagb-block-29da17d2 wp-block-uagb-image--layout-default wp-block-uagb-image--effect-zoomin wp-block-uagb-image--align-center\"><figure class=\"wp-block-uagb-image__figure\"><a class=\"\" href=\"https:\/\/padreazul.com\/product\/artist-edition-2022-tequila-double-barrel-reposado-700ml\/\" target=\"\" rel=\"noopener\"><img decoding=\"async\" srcset=\"https:\/\/padreazul.com\/wp-content\/uploads\/2023\/08\/SHOP-LOVE.gif ,https:\/\/padreazul.com\/wp-content\/uploads\/2023\/08\/SHOP-LOVE.gif 780w, https:\/\/padreazul.com\/wp-content\/uploads\/2023\/08\/SHOP-LOVE.gif 360w\" sizes=\"auto, (max-width: 480px) 150px\" src=\"https:\/\/padreazul.com\/wp-content\/uploads\/2023\/08\/SHOP-LOVE.gif\" alt=\"\" class=\"uag-image-1347\" width=\"173\" height=\"883\" title=\"\" loading=\"lazy\"><\/a><\/figure><\/div>\n<\/div>\n<\/div>\n<\/div><\/div>\n\n<div style=\"height:100px\" aria-hidden=\"true\" class=\"wp-block-spacer\"><\/div>\n","protected":false},"excerpt":{"rendered":"<p>limitierte K\u00fcnstleredition 2022 &#8211; mit der K\u00fcnstlerin Laura Garcia Rulfo Drei Frauen &#8211; ein Tequila Unsere Artist Edition 2022 wurde [&hellip;]<\/p>\n","protected":false},"author":2,"featured_media":0,"parent":0,"menu_order":0,"comment_status":"closed","ping_status":"closed","template":"","meta":{"content-type":"","_uag_custom_page_level_css":"","site-sidebar-layout":"default","site-content-layout":"","ast-site-content-layout":"full-width-container","site-content-style":"default","site-sidebar-style":"default","ast-global-header-display":"","ast-banner-title-visibility":"","ast-main-header-display":"","ast-hfb-above-header-display":"","ast-hfb-below-header-display":"","ast-hfb-mobile-header-display":"","site-post-title":"disabled","ast-breadcrumbs-content":"","ast-featured-img":"","footer-sml-layout":"","ast-disable-related-posts":"","theme-transparent-header-meta":"","adv-header-id-meta":"","stick-header-meta":"","header-above-stick-meta":"","header-main-stick-meta":"","header-below-stick-meta":"","astra-migrate-meta-layouts":"default","ast-page-background-enabled":"default","ast-page-background-meta":{"desktop":{"background-color":"","background-image":"","background-repeat":"repeat","background-position":"center center","background-size":"auto","background-attachment":"scroll","background-type":"","background-media":"","overlay-type":"","overlay-color":"","overlay-opacity":"","overlay-gradient":""},"tablet":{"background-color":"","background-image":"","background-repeat":"repeat","background-position":"center center","background-size":"auto","background-attachment":"scroll","background-type":"","background-media":"","overlay-type":"","overlay-color":"","overlay-opacity":"","overlay-gradient":""},"mobile":{"background-color":"","background-image":"","background-repeat":"repeat","background-position":"center center","background-size":"auto","background-attachment":"scroll","background-type":"","background-media":"","overlay-type":"","overlay-color":"","overlay-opacity":"","overlay-gradient":""}},"ast-content-background-meta":{"desktop":{"background-color":"var(--ast-global-color-5)","background-image":"","background-repeat":"repeat","background-position":"center center","background-size":"auto","background-attachment":"scroll","background-type":"","background-media":"","overlay-type":"","overlay-color":"","overlay-opacity":"","overlay-gradient":""},"tablet":{"background-color":"var(--ast-global-color-5)","background-image":"","background-repeat":"repeat","background-position":"center center","background-size":"auto","background-attachment":"scroll","background-type":"","background-media":"","overlay-type":"","overlay-color":"","overlay-opacity":"","overlay-gradient":""},"mobile":{"background-color":"var(--ast-global-color-5)","background-image":"","background-repeat":"repeat","background-position":"center center","background-size":"auto","background-attachment":"scroll","background-type":"","background-media":"","overlay-type":"","overlay-color":"","overlay-opacity":"","overlay-gradient":""}},"footnotes":""},"class_list":["post-8317","page","type-page","status-publish","hentry"],"uagb_featured_image_src":{"full":false,"thumbnail":false,"medium":false,"medium_large":false,"large":false,"product_image_size":false,"product_image_size_small":false,"1536x1536":false,"2048x2048":false,"woocommerce_thumbnail":false,"woocommerce_single":false,"woocommerce_gallery_thumbnail":false},"uagb_author_info":{"display_name":"Wordpress Web-Crossing","author_link":"https:\/\/padreazul.com\/de\/author\/wordpress_webcrossing\/"},"uagb_comment_info":0,"uagb_excerpt":"limitierte K\u00fcnstleredition 2022 &#8211; mit der K\u00fcnstlerin Laura Garcia Rulfo Drei Frauen &#8211; ein Tequila Unsere Artist Edition 2022 wurde [&hellip;]","_links":{"self":[{"href":"https:\/\/padreazul.com\/de\/wp-json\/wp\/v2\/pages\/8317","targetHints":{"allow":["GET"]}}],"collection":[{"href":"https:\/\/padreazul.com\/de\/wp-json\/wp\/v2\/pages"}],"about":[{"href":"https:\/\/padreazul.com\/de\/wp-json\/wp\/v2\/types\/page"}],"author":[{"embeddable":true,"href":"https:\/\/padreazul.com\/de\/wp-json\/wp\/v2\/users\/2"}],"replies":[{"embeddable":true,"href":"https:\/\/padreazul.com\/de\/wp-json\/wp\/v2\/comments?post=8317"}],"version-history":[{"count":0,"href":"https:\/\/padreazul.com\/de\/wp-json\/wp\/v2\/pages\/8317\/revisions"}],"wp:attachment":[{"href":"https:\/\/padreazul.com\/de\/wp-json\/wp\/v2\/media?parent=8317"}],"curies":[{"name":"wp","href":"https:\/\/api.w.org\/{rel}","templated":true}]}}