{"id":8325,"date":"2023-10-02T17:34:56","date_gmt":"2023-10-02T15:34:56","guid":{"rendered":"https:\/\/padreazul.com\/xiaman-mezcal-%f0%9f%92%80-infos\/"},"modified":"2024-11-29T09:04:47","modified_gmt":"2024-11-29T08:04:47","slug":"xiaman-mezcal-%f0%9f%92%80-infos","status":"publish","type":"page","link":"https:\/\/padreazul.com\/de\/xiaman-mezcal-%f0%9f%92%80-infos\/","title":{"rendered":"Xiaman Mezcal Infos"},"content":{"rendered":"\n<div class=\"wp-block-uagb-container uagb-block-26a96bb4 alignfull uagb-is-root-container\"><div class=\"uagb-container-inner-blocks-wrap\">\n<div class=\"wp-block-columns is-layout-flex wp-container-core-columns-is-layout-28f84493 wp-block-columns-is-layout-flex\">\n<div class=\"wp-block-column is-layout-flow wp-block-column-is-layout-flow\" style=\"flex-basis:40%\">\n<div class=\"wp-block-uagb-image aligncenter uagb-block-c8713193 wp-block-uagb-image--layout-default wp-block-uagb-image--effect-static wp-block-uagb-image--align-center\"><figure class=\"wp-block-uagb-image__figure\"><img decoding=\"async\" srcset=\"https:\/\/padreazul.com\/wp-content\/uploads\/2023\/10\/xiaman.svg\n \" sizes=\"auto, (max-width: 480px) 150px\" src=\"https:\/\/padreazul.com\/wp-content\/uploads\/2023\/10\/xiaman.svg\" alt=\"\" class=\"uag-image-2961\" width=\"450\" height=\"150\" title=\"\" loading=\"lazy\"><\/figure><\/div>\n\n\n\n<div class=\"wp-block-uagb-image aligncenter uagb-block-dbb2a5b2 wp-block-uagb-image--layout-default wp-block-uagb-image--effect-static wp-block-uagb-image--align-center uag-hide-desktop uag-hide-tab\"><figure class=\"wp-block-uagb-image__figure\"><img decoding=\"async\" srcset=\"https:\/\/padreazul.com\/wp-content\/uploads\/2023\/12\/xiaman_700ml_webshop-474x1024.png ,https:\/\/padreazul.com\/wp-content\/uploads\/2023\/12\/xiaman_700ml_webshop.png 780w, https:\/\/padreazul.com\/wp-content\/uploads\/2023\/12\/xiaman_700ml_webshop.png 360w\" sizes=\"auto, (max-width: 480px) 150px\" src=\"https:\/\/padreazul.com\/wp-content\/uploads\/2023\/12\/xiaman_700ml_webshop-474x1024.png\" alt=\"\" class=\"uag-image-5054\" width=\"474\" height=\"1024\" title=\"\" loading=\"lazy\"><\/figure><\/div>\n\n\n\n<div style=\"height:40px\" aria-hidden=\"true\" class=\"wp-block-spacer\"><\/div>\n\n\n\n<p>unser Xiaman Mezcal ist das Getr\u00e4nk der G\u00f6tter! Der gro\u00dfe Bruder des Tequila ist ein rauchiges Kraftpaket &#8211; eine Mischung aus zwei verschiedenen Agaven, im Ofen gekocht, fermentiert und auf traditionelle Weise destilliert. Entdecken sie eine neue Welt der Aromen! <\/p>\n<\/div>\n\n\n\n<div class=\"wp-block-column is-layout-flow wp-block-column-is-layout-flow\" style=\"flex-basis:40%\">\n<div class=\"wp-block-uagb-image aligncenter uagb-block-1779a497 wp-block-uagb-image--layout-default wp-block-uagb-image--effect-static wp-block-uagb-image--align-center uag-hide-mob\"><figure class=\"wp-block-uagb-image__figure\"><img decoding=\"async\" srcset=\"https:\/\/padreazul.com\/wp-content\/uploads\/2023\/12\/xiaman_700ml_webshop-474x1024.png ,https:\/\/padreazul.com\/wp-content\/uploads\/2023\/12\/xiaman_700ml_webshop.png 780w, https:\/\/padreazul.com\/wp-content\/uploads\/2023\/12\/xiaman_700ml_webshop.png 360w\" sizes=\"auto, (max-width: 480px) 150px\" src=\"https:\/\/padreazul.com\/wp-content\/uploads\/2023\/12\/xiaman_700ml_webshop-474x1024.png\" alt=\"\" class=\"uag-image-5054\" width=\"474\" height=\"1024\" title=\"\" loading=\"lazy\"><\/figure><\/div>\n\n\n\n<div style=\"height:100px\" aria-hidden=\"true\" class=\"wp-block-spacer\"><\/div>\n<\/div>\n\n\n\n<div class=\"wp-block-column is-vertically-aligned-center is-layout-flow wp-block-column-is-layout-flow\">\n<div class=\"wp-block-uagb-image uagb-block-8c866e38 wp-block-uagb-image--layout-default wp-block-uagb-image--effect-zoomin wp-block-uagb-image--align-none\"><figure class=\"wp-block-uagb-image__figure\"><a class=\"\" href=\"https:\/\/padreazul.com\/de\/?post_type=product&#038;p=8710\" target=\"\" rel=\"noopener\"><img decoding=\"async\" srcset=\"https:\/\/padreazul.com\/wp-content\/uploads\/2023\/08\/SHOP_Magic-1.gif\n \" sizes=\"auto, (max-width: 480px) 150px\" src=\"https:\/\/padreazul.com\/wp-content\/uploads\/2023\/08\/SHOP_Magic-1.gif\" alt=\"\" class=\"uag-image-1431\" width=\"757\" height=\"906\" title=\"\" loading=\"lazy\"><\/a><\/figure><\/div>\n<\/div>\n<\/div>\n<\/div><\/div>\n\n<div class=\"wp-block-padre-parallax alignfull\" data-speed=\"30\" data-height=\"50\" data-type=\"image\" style=\"--padre-section-height:50VH;--padre-section-height-mobile:50VH;--padre-element-height:150%\"><img decoding=\"async\" loading=\"lazy\" class=\"parallax-element\" src=\"https:\/\/padreazul.com\/wp-content\/uploads\/2023\/11\/xiaman_oven.webp\" srcset=\"image 600w, https:\/\/padreazul.com\/wp-content\/uploads\/2023\/11\/xiaman_oven.webp 1920w\" sizes=\"auto, (max-width: 600px) 600px, 1920px\" width=\"1920\" height=\"1080\" alt=\"Padre - Premium Tequila\"><\/div>\n\n<div class=\"wp-block-uagb-advanced-heading uagb-block-97144126\"><h2 class=\"uagb-heading-text\">Was ist Xiaman Mezcal?<\/h2><\/div>\n\n<div class=\"wp-block-uagb-container uagb-block-a0a3d75f alignfull uagb-is-root-container\"><div class=\"uagb-container-inner-blocks-wrap\">\n<div class=\"wp-block-uagb-container uagb-block-67a918d9\">\n<p>Bereits in der Vergangenheit wurde eine fr\u00fche Form des Mezcals von den indigenen V\u00f6lkern Mexikos verehrt. Heutzutage findet dieser edle Trank weltweite Anerkennung bei Kennern feinster Spirituosen. Werden auch Sie der N\u00e4chste sein, der sich dieser au\u00dfergew\u00f6hnlichen Erfahrung anschlie\u00dft?  <\/p>\n\n\n\n<p>W\u00e4hrend Tequila-Produzenten ausschlie\u00dflich die Blue Weber Agave f\u00fcr die Herstellung von Tequila verwenden d\u00fcrfen, haben Mezcaleros die Freiheit, aus einer gr\u00f6\u00dferen Auswahl an Agavenarten f\u00fcr ihren Mezcal zu w\u00e4hlen. F\u00fcr unseren wunderbaren Mezcal haben wir die Tepextate- und Espad\u00edn-Agave miteinander kombiniert. <\/p>\n\n\n\n<p>Mezcal zeichnet sich durch einen komplexeren Produktionsprozess und ein vielschichtigeres Geschmackserlebnis aus. Dennoch bleibt die Destillation hochwertigen Mezcals eine wahre Kunst. W\u00e4hrend moderne Produktionsmethoden die Branche dominieren, bewahren wir die Authentizit\u00e4t, bleiben der Tradition treu und betrachten die Herstellung als Handwerkskunst.  <\/p>\n<\/div>\n\n\n\n<div class=\"wp-block-uagb-container uagb-block-428b6fb6\">\n<figure class=\"wp-block-image size-large\"><img loading=\"lazy\" decoding=\"async\" width=\"1024\" height=\"683\" src=\"https:\/\/padreazul.com\/wp-content\/uploads\/2023\/11\/xiaman_harvest-1024x683.webp\" alt=\"\" class=\"wp-image-4358\" srcset=\"https:\/\/padreazul.com\/wp-content\/uploads\/2023\/11\/xiaman_harvest-1024x683.webp 1024w, https:\/\/padreazul.com\/wp-content\/uploads\/2023\/11\/xiaman_harvest-300x200.webp 300w, https:\/\/padreazul.com\/wp-content\/uploads\/2023\/11\/xiaman_harvest-768x512.webp 768w, https:\/\/padreazul.com\/wp-content\/uploads\/2023\/11\/xiaman_harvest-1350x900.webp 1350w, https:\/\/padreazul.com\/wp-content\/uploads\/2023\/11\/xiaman_harvest-900x600.webp 900w, https:\/\/padreazul.com\/wp-content\/uploads\/2023\/11\/xiaman_harvest-1536x1024.webp 1536w, https:\/\/padreazul.com\/wp-content\/uploads\/2023\/11\/xiaman_harvest-2048x1365.webp 2048w, https:\/\/padreazul.com\/wp-content\/uploads\/2023\/11\/xiaman_harvest-500x333.webp 500w\" sizes=\"auto, (max-width: 1024px) 100vw, 1024px\" \/><\/figure>\n<\/div>\n<\/div><\/div>\n\n<div style=\"height:70px\" aria-hidden=\"true\" class=\"wp-block-spacer\"><\/div>\n\n<figure class=\"wp-block-image aligncenter size-full is-resized\"><img decoding=\"async\" src=\"https:\/\/padreazul.com\/wp-content\/uploads\/2023\/09\/hard-wark-smooth-taste.svg\" alt=\"\" class=\"wp-image-2414\" style=\"width:577px;height:auto\"\/><\/figure>\n\n<div class=\"wp-block-uagb-container uagb-block-e03f1c26 alignfull uagb-is-root-container\"><div class=\"uagb-container-inner-blocks-wrap\">\n<div class=\"wp-block-columns is-layout-flex wp-container-core-columns-is-layout-28f84493 wp-block-columns-is-layout-flex\">\n<div class=\"wp-block-column is-layout-flow wp-block-column-is-layout-flow\">\n<div style=\"height:89px\" aria-hidden=\"true\" class=\"wp-block-spacer\"><\/div>\n\n\n\n<figure class=\"wp-block-image size-large\"><img loading=\"lazy\" decoding=\"async\" width=\"1024\" height=\"683\" src=\"https:\/\/padreazul.com\/wp-content\/uploads\/2023\/11\/ximan_tahona-1024x683.webp\" alt=\"\" class=\"wp-image-4357\" srcset=\"https:\/\/padreazul.com\/wp-content\/uploads\/2023\/11\/ximan_tahona-1024x683.webp 1024w, https:\/\/padreazul.com\/wp-content\/uploads\/2023\/11\/ximan_tahona-300x200.webp 300w, https:\/\/padreazul.com\/wp-content\/uploads\/2023\/11\/ximan_tahona-768x512.webp 768w, https:\/\/padreazul.com\/wp-content\/uploads\/2023\/11\/ximan_tahona-1350x900.webp 1350w, https:\/\/padreazul.com\/wp-content\/uploads\/2023\/11\/ximan_tahona-900x600.webp 900w, https:\/\/padreazul.com\/wp-content\/uploads\/2023\/11\/ximan_tahona-1536x1024.webp 1536w, https:\/\/padreazul.com\/wp-content\/uploads\/2023\/11\/ximan_tahona-2048x1365.webp 2048w, https:\/\/padreazul.com\/wp-content\/uploads\/2023\/11\/ximan_tahona-500x333.webp 500w\" sizes=\"auto, (max-width: 1024px) 100vw, 1024px\" \/><\/figure>\n<\/div>\n\n\n\n<div class=\"wp-block-column is-layout-flow wp-block-column-is-layout-flow\">\n<h2 class=\"wp-block-heading\">Produktionsprozess<\/h2>\n\n\n\n<p>Die Herstellung des Xiaman Mezcal erfolgt in strengster \u201eartesanal\u201c Tradition, das hei\u00dft nach \u00fcberlieferten Methoden und festgelegten Regeln. Mit einem Alkoholgehalt von 44 % vereint diese \u201eEnsemble\u201c-Mischung aus ger\u00f6stetem Tepextate und Espad\u00edn h\u00f6chste Qualit\u00e4t und entspricht in vollem Umfang den Standards des Mezcal-Regulierungsrates. <\/p>\n\n\n\n<div style=\"height:15px\" aria-hidden=\"true\" class=\"wp-block-spacer\"><\/div>\n\n\n\n<p>Xiaman ist eine Mischung aus zwei Agaven, 50% Tepextate-Agave und 50% Espad\u00edn-Agave. Diese Mischung sorgt f\u00fcr ein perfektes Gleichgewicht zwischen den komplexen Aromen der Tepextate und den reichen Aromen der reifen Espadin. <\/p>\n\n\n\n<div style=\"height:15px\" aria-hidden=\"true\" class=\"wp-block-spacer\"><\/div>\n\n\n\n<div class=\"wp-block-uagb-image aligncenter uagb-block-cacdf781 wp-block-uagb-image--layout-default wp-block-uagb-image--effect-zoomin wp-block-uagb-image--align-center\"><figure class=\"wp-block-uagb-image__figure\"><a class=\"\" href=\"https:\/\/padreazul.com\/de\/?post_type=product&#038;p=8710\" target=\"\" rel=\"noopener\"><img decoding=\"async\" src=\"https:\/\/padreazul.com\/wp-content\/uploads\/2023\/08\/SHOP_Magic-1.gif\" alt=\"\" class=\"uag-image-1431\" width=\"163\" height=\"195\" title=\"\" loading=\"lazy\"><\/a><\/figure><\/div>\n<\/div>\n<\/div>\n<\/div><\/div>\n\n<div style=\"height:100px\" aria-hidden=\"true\" class=\"wp-block-spacer\"><\/div>\n","protected":false},"excerpt":{"rendered":"<p>unser Xiaman Mezcal ist das Getr\u00e4nk der G\u00f6tter! Der gro\u00dfe Bruder des Tequila ist ein rauchiges Kraftpaket &#8211; eine Mischung [&hellip;]<\/p>\n","protected":false},"author":2,"featured_media":0,"parent":0,"menu_order":0,"comment_status":"closed","ping_status":"closed","template":"","meta":{"content-type":"","_uag_custom_page_level_css":"","site-sidebar-layout":"default","site-content-layout":"","ast-site-content-layout":"full-width-container","site-content-style":"default","site-sidebar-style":"default","ast-global-header-display":"","ast-banner-title-visibility":"","ast-main-header-display":"","ast-hfb-above-header-display":"","ast-hfb-below-header-display":"","ast-hfb-mobile-header-display":"","site-post-title":"disabled","ast-breadcrumbs-content":"","ast-featured-img":"","footer-sml-layout":"","theme-transparent-header-meta":"","adv-header-id-meta":"","stick-header-meta":"","header-above-stick-meta":"","header-main-stick-meta":"","header-below-stick-meta":"","astra-migrate-meta-layouts":"default","ast-page-background-enabled":"default","ast-page-background-meta":{"desktop":{"background-color":"","background-image":"","background-repeat":"repeat","background-position":"center center","background-size":"auto","background-attachment":"scroll","background-type":"","background-media":"","overlay-type":"","overlay-color":"","overlay-opacity":"","overlay-gradient":""},"tablet":{"background-color":"","background-image":"","background-repeat":"repeat","background-position":"center center","background-size":"auto","background-attachment":"scroll","background-type":"","background-media":"","overlay-type":"","overlay-color":"","overlay-opacity":"","overlay-gradient":""},"mobile":{"background-color":"","background-image":"","background-repeat":"repeat","background-position":"center center","background-size":"auto","background-attachment":"scroll","background-type":"","background-media":"","overlay-type":"","overlay-color":"","overlay-opacity":"","overlay-gradient":""}},"ast-content-background-meta":{"desktop":{"background-color":"var(--ast-global-color-5)","background-image":"","background-repeat":"repeat","background-position":"center center","background-size":"auto","background-attachment":"scroll","background-type":"","background-media":"","overlay-type":"","overlay-color":"","overlay-opacity":"","overlay-gradient":""},"tablet":{"background-color":"var(--ast-global-color-5)","background-image":"","background-repeat":"repeat","background-position":"center center","background-size":"auto","background-attachment":"scroll","background-type":"","background-media":"","overlay-type":"","overlay-color":"","overlay-opacity":"","overlay-gradient":""},"mobile":{"background-color":"var(--ast-global-color-5)","background-image":"","background-repeat":"repeat","background-position":"center center","background-size":"auto","background-attachment":"scroll","background-type":"","background-media":"","overlay-type":"","overlay-color":"","overlay-opacity":"","overlay-gradient":""}},"footnotes":""},"class_list":["post-8325","page","type-page","status-publish","hentry"],"uagb_featured_image_src":{"full":false,"thumbnail":false,"medium":false,"medium_large":false,"large":false,"product_image_size":false,"product_image_size_small":false,"1536x1536":false,"2048x2048":false,"woocommerce_thumbnail":false,"woocommerce_single":false,"woocommerce_gallery_thumbnail":false},"uagb_author_info":{"display_name":"Wordpress Web-Crossing","author_link":"https:\/\/padreazul.com\/de\/author\/wordpress_webcrossing\/"},"uagb_comment_info":0,"uagb_excerpt":"unser Xiaman Mezcal ist das Getr\u00e4nk der G\u00f6tter! Der gro\u00dfe Bruder des Tequila ist ein rauchiges Kraftpaket &#8211; eine Mischung [&hellip;]","_links":{"self":[{"href":"https:\/\/padreazul.com\/de\/wp-json\/wp\/v2\/pages\/8325","targetHints":{"allow":["GET"]}}],"collection":[{"href":"https:\/\/padreazul.com\/de\/wp-json\/wp\/v2\/pages"}],"about":[{"href":"https:\/\/padreazul.com\/de\/wp-json\/wp\/v2\/types\/page"}],"author":[{"embeddable":true,"href":"https:\/\/padreazul.com\/de\/wp-json\/wp\/v2\/users\/2"}],"replies":[{"embeddable":true,"href":"https:\/\/padreazul.com\/de\/wp-json\/wp\/v2\/comments?post=8325"}],"version-history":[{"count":0,"href":"https:\/\/padreazul.com\/de\/wp-json\/wp\/v2\/pages\/8325\/revisions"}],"wp:attachment":[{"href":"https:\/\/padreazul.com\/de\/wp-json\/wp\/v2\/media?parent=8325"}],"curies":[{"name":"wp","href":"https:\/\/api.w.org\/{rel}","templated":true}]}}