{"id":8481,"date":"2024-09-24T14:33:22","date_gmt":"2024-09-24T12:33:22","guid":{"rendered":"https:\/\/padreazul.com\/artist-edition-2024-joven-tequila-blanco-%f0%9f%92%80-info\/"},"modified":"2024-11-04T12:47:00","modified_gmt":"2024-11-04T11:47:00","slug":"artist-edition-2024-joven-tequila-blanco-%f0%9f%92%80-info","status":"publish","type":"page","link":"https:\/\/padreazul.com\/de\/artist-edition-2024-joven-tequila-blanco-%f0%9f%92%80-info\/","title":{"rendered":"Artist Edition 2024 Joven Tequila Blanco \ud83d\udc80 Info"},"content":{"rendered":"\n<div class=\"wp-block-padre-blocks-product-display\"><div class=\"product-display\"><div class=\"product-title\"><div class=\"product-title-image\" style=\"max-height:405px\"><img decoding=\"async\" src=\"https:\/\/padreazul.com\/wp-content\/uploads\/2024\/08\/ae24-website-1-1.png\" alt=\"\"><\/div><\/div><div class=\"product-description\">wir pr\u00e4sentieren stolz unsere neue artist edition 2024 in Zusammenarbeit mit dem mexikanischen K\u00fcnstler Benji Rodriguez! limitiert auf 3000 Flaschen weltweit. eine Flasche so einzigartig wie ihr Tequila! <\/div><div class=\"product-image\"><img decoding=\"async\" src=\"https:\/\/padreazul.com\/wp-content\/uploads\/2024\/08\/ae24-bottle-website-453x900.png\" alt=\"\"><\/div><div class=\"product-link\"><a href=\"https:\/\/padreazul.com\/product\/artist-edition-2024-joven-tequila-blanco\/\"><img decoding=\"async\" src=\"https:\/\/padreazul.com\/wp-content\/plugins\/padre-blocks\/build\/product-display\/..\/images\/SHOP_Magic.150098ff.gif\" alt=\"shop-link\"><\/a><\/div><\/div><\/div>\n\n<div style=\"height:100px\" aria-hidden=\"true\" class=\"wp-block-spacer\"><\/div>\n\n<div class=\"wp-block-padre-parallax alignfull\" data-speed=\"30\" data-height=\"60\" data-type=\"image\" style=\"--padre-section-height:60VH;--padre-section-height-mobile:50VH;--padre-element-height:150%\"><img decoding=\"async\" loading=\"lazy\" class=\"parallax-element\" src=\"https:\/\/padreazul.com\/wp-content\/uploads\/2024\/09\/benji.jpg\" srcset=\"https:\/\/padreazul.com\/wp-content\/uploads\/2024\/09\/benji.jpg 600w, https:\/\/padreazul.com\/wp-content\/uploads\/2024\/09\/benji.jpg 1920w\" sizes=\"auto, (max-width: 600px) 600px, 1920px\" width=\"1920\" height=\"1080\" alt=\"Padre - Premium Tequila\"><\/div>\n\n<div style=\"height:100px\" aria-hidden=\"true\" class=\"wp-block-spacer\"><\/div>\n\n<h2 class=\"wp-block-heading has-text-align-center\" style=\"padding-top:0;padding-right:0;padding-bottom:0;padding-left:0\">Limitierte K\u00fcnstleredition 2024 &#8211; mit dem K\u00fcnstler Benji Rodriguez<\/h2>\n\n<div class=\"wp-block-uagb-container uagb-block-e03f1c26 alignfull uagb-is-root-container\"><div class=\"uagb-container-inner-blocks-wrap\">\n<div class=\"wp-block-columns is-layout-flex wp-container-core-columns-is-layout-28f84493 wp-block-columns-is-layout-flex\">\n<div class=\"wp-block-column is-layout-flow wp-block-column-is-layout-flow\">\n<h3 class=\"wp-block-heading\">Joven Tequila Blanco<\/h3>\n\n\n\n<p>Dieser Premium Tequila Joven kombiniert<br\/>die Frische eines Blanco mit der Eleganz<br\/>eines A\u00f1ejo. Entdecken Sie seine cremige Textur und<br\/>harmonische Mischung aus s\u00fc\u00dfen und w\u00fcrzigen Aromen,<br\/>die ihn zu einem unverwechselbaren Geschmackserlebnis machen.<br\/>Kosten Sie die Balance zwischen Sanftheit und<br\/>Komplexit\u00e4t, die ihm einen langen, raffinierten Abgang verleiht. <\/p>\n\n\n\n<div style=\"height:40px\" aria-hidden=\"true\" class=\"wp-block-spacer\"><\/div>\n\n\n\n<h3 class=\"wp-block-heading\">Entworfen vom K\u00fcnstler Benji Rodriguez<\/h3>\n\n\n\n<p><br\/><a href=\"https:\/\/www.instagram.com\/luismorales.art\/?hl=de\" target=\"_blank\" rel=\"noreferrer noopener\"><\/a><\/p>\n\n\n\n<p><a href=\"https:\/\/www.instagram.com\/luismorales.art\/?hl=de\" target=\"_blank\" rel=\"noreferrer noopener\">Seien Sie<\/a><a href=\"https:\/\/www.instagram.com\/benjirodriguez\/?hl=de\" target=\"_blank\" rel=\"noreferrer noopener\">nji Rodr\u00edguez, ein aufsteigender Stern am mexikanischen Kunsthimmel, ist bekannt f\u00fcr seine lebhaften<br\/>und dynamischen Werke. Seine Kunst vermischt traditionelle mexikanische Motive mit modernen urbanen Einfl\u00fcssen und schafft so eine einzigartige und kraftvolle Bildsprache. <\/a><\/p>\n\n\n\n<div style=\"height:40px\" aria-hidden=\"true\" class=\"wp-block-spacer\"><\/div>\n\n\n\n<h3 class=\"wp-block-heading\">Kunstwerk &#8220;Encuentro Espiritual&#8221;<\/h3>\n\n\n\n<p>Die Freude des Augenblicks, die durch das Zusammenspiel von Blumen, Sternen und magischen Elementen wie der Tequilaflasche Padre Azul gepr\u00e4gt ist, symbolisiert die einzigartige Alchemie von Erde, Pflanze, Sonne, Wasser und Zeit und schafft unvergessliche Erinnerungen an das Bl\u00fchen, das L\u00e4cheln und die Zeit mit Freunden.<\/p>\n\n\n\n<div style=\"height:40px\" aria-hidden=\"true\" class=\"wp-block-spacer\"><\/div>\n\n\n\n<h3 class=\"wp-block-heading\">Stiftung Ramon por vida<\/h3>\n\n\n\n<p>Dieser Tequila ist nicht nur geschmacklich und vom Design her ein Meisterwerk, sondern hilft auch bed\u00fcrftigen mexikanischen Gemeinden! Ein Teil jedes Verkaufs dieses Tequilas flie\u00dft direkt in unsere Stiftung, um dort zu helfen, wo die Unterst\u00fctzung am dringendsten ben\u00f6tigt wird!  <a href=\"https:\/\/padreazul.com\/de\/?page_id=8220\" data-type=\"page\" data-id=\"2187\"><mark class=\"has-inline-color has-ast-global-color-0-color\">Lesen Sie mehr \u00fcber unsere Stiftung<\/mark><\/a><\/p>\n<\/div>\n\n\n\n<div class=\"wp-block-column is-layout-flow wp-container-core-column-is-layout-8a368f38 wp-block-column-is-layout-flow\">\n<figure class=\"wp-block-image\"><img decoding=\"async\" src=\"https:\/\/padreazul.com\/wp-content\/uploads\/2024\/09\/IMG_4854.jpg\" alt=\"\" class=\"wp-image-6568\"\/><\/figure>\n\n\n\n<div style=\"height:40px\" aria-hidden=\"true\" class=\"wp-block-spacer\"><\/div>\n\n\n\n<div class=\"wp-block-uagb-image aligncenter uagb-block-d3e25f6e wp-block-uagb-image--layout-default wp-block-uagb-image--effect-zoomin wp-block-uagb-image--align-center\"><figure class=\"wp-block-uagb-image__figure\"><a class=\"\" href=\"https:\/\/padreazul.com\/product\/artist-edition-2024-joven-tequila-blanco\/\" target=\"\" rel=\"noopener\"><img decoding=\"async\" srcset=\"https:\/\/padreazul.com\/wp-content\/uploads\/2023\/08\/SHOP-TASTE.gif ,https:\/\/padreazul.com\/wp-content\/uploads\/2023\/08\/SHOP-TASTE.gif 780w, https:\/\/padreazul.com\/wp-content\/uploads\/2023\/08\/SHOP-TASTE.gif 360w\" sizes=\"auto, (max-width: 480px) 150px\" src=\"https:\/\/padreazul.com\/wp-content\/uploads\/2023\/08\/SHOP-TASTE.gif\" alt=\"\" class=\"uag-image-1432\" width=\"232\" height=\"300\" title=\"\" loading=\"lazy\" role=\"img\"><\/a><\/figure><\/div>\n<\/div>\n<\/div>\n<\/div><\/div>\n\n<div style=\"height:100px\" aria-hidden=\"true\" class=\"wp-block-spacer\"><\/div>\n","protected":false},"excerpt":{"rendered":"<p>Limitierte K\u00fcnstleredition 2024 &#8211; mit dem K\u00fcnstler Benji Rodriguez Joven Tequila Blanco Dieser Premium Tequila Joven kombiniertdie Frische eines Blanco [&hellip;]<\/p>\n","protected":false},"author":3,"featured_media":8120,"parent":0,"menu_order":0,"comment_status":"closed","ping_status":"closed","template":"","meta":{"content-type":"","_uag_custom_page_level_css":"","site-sidebar-layout":"default","site-content-layout":"","ast-site-content-layout":"full-width-container","site-content-style":"default","site-sidebar-style":"default","ast-global-header-display":"","ast-banner-title-visibility":"","ast-main-header-display":"","ast-hfb-above-header-display":"","ast-hfb-below-header-display":"","ast-hfb-mobile-header-display":"","site-post-title":"disabled","ast-breadcrumbs-content":"","ast-featured-img":"","footer-sml-layout":"","ast-disable-related-posts":"","theme-transparent-header-meta":"","adv-header-id-meta":"","stick-header-meta":"","header-above-stick-meta":"","header-main-stick-meta":"","header-below-stick-meta":"","astra-migrate-meta-layouts":"default","ast-page-background-enabled":"default","ast-page-background-meta":{"desktop":{"background-color":"","background-image":"","background-repeat":"repeat","background-position":"center center","background-size":"auto","background-attachment":"scroll","background-type":"","background-media":"","overlay-type":"","overlay-color":"","overlay-opacity":"","overlay-gradient":""},"tablet":{"background-color":"","background-image":"","background-repeat":"repeat","background-position":"center center","background-size":"auto","background-attachment":"scroll","background-type":"","background-media":"","overlay-type":"","overlay-color":"","overlay-opacity":"","overlay-gradient":""},"mobile":{"background-color":"","background-image":"","background-repeat":"repeat","background-position":"center center","background-size":"auto","background-attachment":"scroll","background-type":"","background-media":"","overlay-type":"","overlay-color":"","overlay-opacity":"","overlay-gradient":""}},"ast-content-background-meta":{"desktop":{"background-color":"var(--ast-global-color-5)","background-image":"","background-repeat":"repeat","background-position":"center center","background-size":"auto","background-attachment":"scroll","background-type":"","background-media":"","overlay-type":"","overlay-color":"","overlay-opacity":"","overlay-gradient":""},"tablet":{"background-color":"var(--ast-global-color-5)","background-image":"","background-repeat":"repeat","background-position":"center center","background-size":"auto","background-attachment":"scroll","background-type":"","background-media":"","overlay-type":"","overlay-color":"","overlay-opacity":"","overlay-gradient":""},"mobile":{"background-color":"var(--ast-global-color-5)","background-image":"","background-repeat":"repeat","background-position":"center center","background-size":"auto","background-attachment":"scroll","background-type":"","background-media":"","overlay-type":"","overlay-color":"","overlay-opacity":"","overlay-gradient":""}},"footnotes":""},"class_list":["post-8481","page","type-page","status-publish","has-post-thumbnail","hentry"],"uagb_featured_image_src":{"full":["https:\/\/padreazul.com\/wp-content\/uploads\/2024\/08\/ae24-website-1-1.png",559,900,false],"thumbnail":["https:\/\/padreazul.com\/wp-content\/uploads\/2024\/08\/ae24-website-1-1-150x150.png",150,150,true],"medium":["https:\/\/padreazul.com\/wp-content\/uploads\/2024\/08\/ae24-website-1-1-186x300.png",186,300,true],"medium_large":["https:\/\/padreazul.com\/wp-content\/uploads\/2024\/08\/ae24-website-1-1.png",559,900,false],"large":["https:\/\/padreazul.com\/wp-content\/uploads\/2024\/08\/ae24-website-1-1.png",559,900,false],"product_image_size":["https:\/\/padreazul.com\/wp-content\/uploads\/2024\/08\/ae24-website-1-1.png",559,900,false],"product_image_size_small":["https:\/\/padreazul.com\/wp-content\/uploads\/2024\/08\/ae24-website-1-1-373x600.png",373,600,true],"1536x1536":["https:\/\/padreazul.com\/wp-content\/uploads\/2024\/08\/ae24-website-1-1.png",559,900,false],"2048x2048":["https:\/\/padreazul.com\/wp-content\/uploads\/2024\/08\/ae24-website-1-1.png",559,900,false],"woocommerce_thumbnail":["https:\/\/padreazul.com\/wp-content\/uploads\/2024\/08\/ae24-website-1-1-500x500.png",500,500,true],"woocommerce_single":["https:\/\/padreazul.com\/wp-content\/uploads\/2024\/08\/ae24-website-1-1-500x805.png",500,805,true],"woocommerce_gallery_thumbnail":["https:\/\/padreazul.com\/wp-content\/uploads\/2024\/08\/ae24-website-1-1-100x100.png",100,100,true]},"uagb_author_info":{"display_name":"David","author_link":"https:\/\/padreazul.com\/de\/author\/shop_manager\/"},"uagb_comment_info":0,"uagb_excerpt":"Limitierte K\u00fcnstleredition 2024 &#8211; mit dem K\u00fcnstler Benji Rodriguez Joven Tequila Blanco Dieser Premium Tequila Joven kombiniertdie Frische eines Blanco [&hellip;]","_links":{"self":[{"href":"https:\/\/padreazul.com\/de\/wp-json\/wp\/v2\/pages\/8481","targetHints":{"allow":["GET"]}}],"collection":[{"href":"https:\/\/padreazul.com\/de\/wp-json\/wp\/v2\/pages"}],"about":[{"href":"https:\/\/padreazul.com\/de\/wp-json\/wp\/v2\/types\/page"}],"author":[{"embeddable":true,"href":"https:\/\/padreazul.com\/de\/wp-json\/wp\/v2\/users\/3"}],"replies":[{"embeddable":true,"href":"https:\/\/padreazul.com\/de\/wp-json\/wp\/v2\/comments?post=8481"}],"version-history":[{"count":0,"href":"https:\/\/padreazul.com\/de\/wp-json\/wp\/v2\/pages\/8481\/revisions"}],"wp:featuredmedia":[{"embeddable":true,"href":"https:\/\/padreazul.com\/de\/wp-json\/wp\/v2\/media\/8120"}],"wp:attachment":[{"href":"https:\/\/padreazul.com\/de\/wp-json\/wp\/v2\/media?parent=8481"}],"curies":[{"name":"wp","href":"https:\/\/api.w.org\/{rel}","templated":true}]}}