{"id":8501,"date":"2024-09-24T13:59:51","date_gmt":"2024-09-24T11:59:51","guid":{"rendered":"https:\/\/padreazul.com\/artist-edition-2023-tequila-double-barrel-anejo-%f0%9f%92%80-info\/"},"modified":"2025-01-16T11:51:12","modified_gmt":"2025-01-16T10:51:12","slug":"artist-edition-2023-tequila-double-barrel-anejo-%f0%9f%92%80-info","status":"publish","type":"page","link":"https:\/\/padreazul.com\/de\/artist-edition-2023-tequila-double-barrel-anejo-%f0%9f%92%80-info\/","title":{"rendered":"Artist Edition 2023 Tequila Double Barrel A\u00f1ejo \ud83d\udc80 Info"},"content":{"rendered":"\n<div class=\"wp-block-padre-blocks-product-display\"><div class=\"product-display\"><div class=\"product-title\"><div class=\"product-title-image\" style=\"max-height:405px\"><img decoding=\"async\" src=\"https:\/\/padreazul.com\/wp-content\/uploads\/2024\/02\/artist_edition_23_luis_morales-559x900.webp\" alt=\"\"><\/div><\/div><div class=\"product-description\">wir pr\u00e4sentieren stolz unsere neue artist edition 2023 in Zusammenarbeit mit dem peruanischen K\u00fcnstler Luis Morales! limitiert auf 3000 Flaschen weltweit. eine Flasche so einzigartig wie ihr Tequila! <\/div><div class=\"product-image\"><img decoding=\"async\" src=\"https:\/\/padreazul.com\/wp-content\/uploads\/2023\/10\/artist-edition-luis-morales-1-453x900.webp\" alt=\"\"><\/div><div class=\"product-link\"><a href=\"0\"><img decoding=\"async\" src=\"https:\/\/padreazul.com\/wp-content\/plugins\/padre-blocks\/build\/product-display\/..\/images\/SHOP_Magic.150098ff.gif\" alt=\"shop-link\"><\/a><\/div><\/div><\/div>\n\n<div style=\"height:100px\" aria-hidden=\"true\" class=\"wp-block-spacer\"><\/div>\n\n<div class=\"wp-block-padre-parallax alignfull\" data-speed=\"30\" data-height=\"60\" data-type=\"image\" style=\"--padre-section-height:60VH;--padre-section-height-mobile:50VH;--padre-element-height:150%\"><img decoding=\"async\" loading=\"lazy\" class=\"parallax-element\" src=\"https:\/\/padreazul.com\/wp-content\/uploads\/2023\/11\/luis_morales_2023-scaled.webp\" srcset=\"image 600w, https:\/\/padreazul.com\/wp-content\/uploads\/2023\/11\/luis_morales_2023-scaled.webp 1920w\" sizes=\"auto, (max-width: 600px) 600px, 1920px\" width=\"1920\" height=\"1080\" alt=\"Padre - Premium Tequila\"><\/div>\n\n<div style=\"height:100px\" aria-hidden=\"true\" class=\"wp-block-spacer\"><\/div>\n\n<h2 class=\"wp-block-heading has-text-align-center\" style=\"padding-top:0;padding-right:0;padding-bottom:0;padding-left:0\">Limitierte K\u00fcnstleredition 2023 &#8211; mit K\u00fcnstler Luis Morales<\/h2>\n\n<div class=\"wp-block-uagb-container uagb-block-e03f1c26 alignfull uagb-is-root-container\"><div class=\"uagb-container-inner-blocks-wrap\">\n<div class=\"wp-block-columns is-layout-flex wp-container-core-columns-is-layout-28f84493 wp-block-columns-is-layout-flex\">\n<div class=\"wp-block-column is-layout-flow wp-block-column-is-layout-flow\">\n<h3 class=\"wp-block-heading\">Double Barrel A\u00f1ejo Tequila<\/h3>\n\n\n\n<p>Dieser Tequila ist einzigartig! Doppelt gereift in zwei handverlesenen Ex-Eichen-Bourbonf\u00e4ssern f\u00fcr je 6 und 12 Monate. Mit jedem Schluck k\u00f6nnen Sie die Liebe und Hingabe schmecken, die in diesen au\u00dfergew\u00f6hnlichen Tequila geflossen sind! <\/p>\n\n\n\n<div style=\"height:40px\" aria-hidden=\"true\" class=\"wp-block-spacer\"><\/div>\n\n\n\n<h3 class=\"wp-block-heading\">Entworfen vom K\u00fcnstler Luis Morales<\/h3>\n\n\n\n<p><a href=\"https:\/\/www.instagram.com\/luismorales.art\/?hl=de\" target=\"_blank\" rel=\"noreferrer noopener\"><mark style=\"background-color:rgba(0, 0, 0, 0)\" class=\"has-inline-color has-ast-global-color-0-color\">Luis Morales<\/mark><\/a> ist ein in Wien lebender K\u00fcnstler mit s\u00fcdamerikanischen Wurzeln. Seine Kunst ist von der farbenfrohen Welt der Graffiti inspiriert, doch sein Stil ist einzigartig und unverkennbar! 2023 hat Luis unsere limitierte Edition entworfen, in der er die Kunst der Tequila-Herstellung mit seinem einzigartigen Pop-Art Stil verbindet. <\/p>\n\n\n\n<div style=\"height:40px\" aria-hidden=\"true\" class=\"wp-block-spacer\"><\/div>\n\n\n\n<h3 class=\"wp-block-heading\">Kunstwerk &#8220;La Esencia del Agave&#8221;<\/h3>\n\n\n\n<p>Das Design der Flasche stellt die gro\u00dfe Vielfalt und Komplexit\u00e4t innerhalb unseres Tequila-Produktionsprozesses dar. Farbenfroh wie Mexiko, detailverliebt wie Ramon &#8211; einfach die perfekte Kreation f\u00fcr diese Edition! <\/p>\n\n\n\n<div style=\"height:40px\" aria-hidden=\"true\" class=\"wp-block-spacer\"><\/div>\n\n\n\n<h3 class=\"wp-block-heading\">Stiftung Ramon por vida<\/h3>\n\n\n\n<p>Dieser Tequila ist nicht nur ein Meisterwerk in Geschmack und Design, sondern leistet auch einen wichtigen Beitrag f\u00fcr mexikanische Gemeinschaften in Not! Ein Teil jedes Verkaufs flie\u00dft direkt in unsere Stiftung, um dort zu helfen, wo Unterst\u00fctzung am dringendsten ben\u00f6tigt wird. Genie\u00dfen Sie und tun Sie gleichzeitig etwas Gutes \u2013 f\u00fcr eine bessere Zukunft! <a href=\"https:\/\/padreazul.com\/de\/stiftung-ramon-por-vida-%f0%9f%a4%9d-unterstuetzt-einheimische\/\" data-type=\"page\" data-id=\"2187\"><mark class=\"has-inline-color has-ast-global-color-0-color\">Lesen Sie mehr \u00fcber unsere Stiftung<\/mark><\/a><\/p>\n<\/div>\n\n\n\n<div class=\"wp-block-column is-layout-flow wp-container-core-column-is-layout-8a368f38 wp-block-column-is-layout-flow\">\n<figure style=\"padding-top:0;padding-right:var(--wp--preset--spacing--70);padding-bottom:0;padding-left:var(--wp--preset--spacing--70)\" class=\"wp-block-video\"><video height=\"1280\" style=\"aspect-ratio: 720 \/ 1280;\" width=\"720\" controls=\"\" src=\"https:\/\/padreazul.com\/wp-content\/uploads\/2023\/11\/v2-Artist-Edition-Padre-Azul-x-Luis-Morales.mp4\"><\/video><\/figure>\n\n\n\n<div style=\"height:40px\" aria-hidden=\"true\" class=\"wp-block-spacer\"><\/div>\n\n\n\n<div class=\"wp-block-uagb-image aligncenter uagb-block-d3e25f6e wp-block-uagb-image--layout-default wp-block-uagb-image--effect-zoomin wp-block-uagb-image--align-center\"><figure class=\"wp-block-uagb-image__figure\"><a class=\"\" href=\"https:\/\/padreazul.com\/de\/product\/artist-edition-2023-luis-morales-tequila-double-barrel-anejo-700ml\/\" target=\"\" rel=\"noopener\"><img decoding=\"async\" srcset=\"https:\/\/padreazul.com\/wp-content\/uploads\/2023\/08\/SHOP-TASTE.gif ,https:\/\/padreazul.com\/wp-content\/uploads\/2023\/08\/SHOP-TASTE.gif 780w, https:\/\/padreazul.com\/wp-content\/uploads\/2023\/08\/SHOP-TASTE.gif 360w\" sizes=\"auto, (max-width: 480px) 150px\" src=\"https:\/\/padreazul.com\/wp-content\/uploads\/2023\/08\/SHOP-TASTE.gif\" alt=\"\" class=\"uag-image-1432\" width=\"232\" height=\"300\" title=\"\" loading=\"lazy\" role=\"img\"><\/a><\/figure><\/div>\n<\/div>\n<\/div>\n<\/div><\/div>\n\n<div style=\"height:100px\" aria-hidden=\"true\" class=\"wp-block-spacer\"><\/div>\n","protected":false},"excerpt":{"rendered":"<p>Limitierte K\u00fcnstleredition 2023 &#8211; mit K\u00fcnstler Luis Morales Double Barrel A\u00f1ejo Tequila Dieser Tequila ist einzigartig! Doppelt gereift in zwei [&hellip;]<\/p>\n","protected":false},"author":3,"featured_media":0,"parent":0,"menu_order":0,"comment_status":"closed","ping_status":"closed","template":"","meta":{"content-type":"","_uag_custom_page_level_css":"","site-sidebar-layout":"default","site-content-layout":"","ast-site-content-layout":"full-width-container","site-content-style":"default","site-sidebar-style":"default","ast-global-header-display":"","ast-banner-title-visibility":"","ast-main-header-display":"","ast-hfb-above-header-display":"","ast-hfb-below-header-display":"","ast-hfb-mobile-header-display":"","site-post-title":"disabled","ast-breadcrumbs-content":"","ast-featured-img":"","footer-sml-layout":"","ast-disable-related-posts":"","theme-transparent-header-meta":"","adv-header-id-meta":"","stick-header-meta":"","header-above-stick-meta":"","header-main-stick-meta":"","header-below-stick-meta":"","astra-migrate-meta-layouts":"default","ast-page-background-enabled":"default","ast-page-background-meta":{"desktop":{"background-color":"","background-image":"","background-repeat":"repeat","background-position":"center center","background-size":"auto","background-attachment":"scroll","background-type":"","background-media":"","overlay-type":"","overlay-color":"","overlay-opacity":"","overlay-gradient":""},"tablet":{"background-color":"","background-image":"","background-repeat":"repeat","background-position":"center center","background-size":"auto","background-attachment":"scroll","background-type":"","background-media":"","overlay-type":"","overlay-color":"","overlay-opacity":"","overlay-gradient":""},"mobile":{"background-color":"","background-image":"","background-repeat":"repeat","background-position":"center center","background-size":"auto","background-attachment":"scroll","background-type":"","background-media":"","overlay-type":"","overlay-color":"","overlay-opacity":"","overlay-gradient":""}},"ast-content-background-meta":{"desktop":{"background-color":"var(--ast-global-color-5)","background-image":"","background-repeat":"repeat","background-position":"center center","background-size":"auto","background-attachment":"scroll","background-type":"","background-media":"","overlay-type":"","overlay-color":"","overlay-opacity":"","overlay-gradient":""},"tablet":{"background-color":"var(--ast-global-color-5)","background-image":"","background-repeat":"repeat","background-position":"center center","background-size":"auto","background-attachment":"scroll","background-type":"","background-media":"","overlay-type":"","overlay-color":"","overlay-opacity":"","overlay-gradient":""},"mobile":{"background-color":"var(--ast-global-color-5)","background-image":"","background-repeat":"repeat","background-position":"center center","background-size":"auto","background-attachment":"scroll","background-type":"","background-media":"","overlay-type":"","overlay-color":"","overlay-opacity":"","overlay-gradient":""}},"footnotes":""},"class_list":["post-8501","page","type-page","status-publish","hentry"],"uagb_featured_image_src":{"full":false,"thumbnail":false,"medium":false,"medium_large":false,"large":false,"product_image_size":false,"product_image_size_small":false,"1536x1536":false,"2048x2048":false,"woocommerce_thumbnail":false,"woocommerce_single":false,"woocommerce_gallery_thumbnail":false},"uagb_author_info":{"display_name":"David","author_link":"https:\/\/padreazul.com\/de\/author\/shop_manager\/"},"uagb_comment_info":0,"uagb_excerpt":"Limitierte K\u00fcnstleredition 2023 &#8211; mit K\u00fcnstler Luis Morales Double Barrel A\u00f1ejo Tequila Dieser Tequila ist einzigartig! Doppelt gereift in zwei [&hellip;]","_links":{"self":[{"href":"https:\/\/padreazul.com\/de\/wp-json\/wp\/v2\/pages\/8501","targetHints":{"allow":["GET"]}}],"collection":[{"href":"https:\/\/padreazul.com\/de\/wp-json\/wp\/v2\/pages"}],"about":[{"href":"https:\/\/padreazul.com\/de\/wp-json\/wp\/v2\/types\/page"}],"author":[{"embeddable":true,"href":"https:\/\/padreazul.com\/de\/wp-json\/wp\/v2\/users\/3"}],"replies":[{"embeddable":true,"href":"https:\/\/padreazul.com\/de\/wp-json\/wp\/v2\/comments?post=8501"}],"version-history":[{"count":1,"href":"https:\/\/padreazul.com\/de\/wp-json\/wp\/v2\/pages\/8501\/revisions"}],"predecessor-version":[{"id":9615,"href":"https:\/\/padreazul.com\/de\/wp-json\/wp\/v2\/pages\/8501\/revisions\/9615"}],"wp:attachment":[{"href":"https:\/\/padreazul.com\/de\/wp-json\/wp\/v2\/media?parent=8501"}],"curies":[{"name":"wp","href":"https:\/\/api.w.org\/{rel}","templated":true}]}}