{"id":8511,"date":"2024-01-17T15:44:43","date_gmt":"2024-01-17T14:44:43","guid":{"rendered":"https:\/\/padreazul.com\/anmeldung-zum-partnerprogramm-%f0%9f%a4%9d\/"},"modified":"2025-01-07T09:12:14","modified_gmt":"2025-01-07T08:12:14","slug":"anmeldung-zum-partnerprogramm-%f0%9f%a4%9d","status":"publish","type":"page","link":"https:\/\/padreazul.com\/de\/anmeldung-zum-partnerprogramm-%f0%9f%a4%9d\/","title":{"rendered":"Anmeldung zum Partnerprogramm \ud83e\udd1d."},"content":{"rendered":"\n<div style=\"height:40px\" aria-hidden=\"true\" class=\"wp-block-spacer\"><\/div>\n\n<figure class=\"wp-block-image aligncenter size-large is-resized\"><img loading=\"lazy\" decoding=\"async\" width=\"1024\" height=\"212\" src=\"https:\/\/padreazul.com\/wp-content\/uploads\/2024\/01\/affiliate_registration-1024x212.webp\" alt=\"In der Kopfzeile der Seite steht in wei&#xDF;en Gro&#xDF;buchstaben &quot;Affiliate Registration&quot;.\" class=\"wp-image-5420\" style=\"width:652px;height:auto\" srcset=\"https:\/\/padreazul.com\/wp-content\/uploads\/2024\/01\/affiliate_registration-1024x212.webp 1024w, https:\/\/padreazul.com\/wp-content\/uploads\/2024\/01\/affiliate_registration-300x62.webp 300w, https:\/\/padreazul.com\/wp-content\/uploads\/2024\/01\/affiliate_registration-768x159.webp 768w, https:\/\/padreazul.com\/wp-content\/uploads\/2024\/01\/affiliate_registration-1536x318.webp 1536w, https:\/\/padreazul.com\/wp-content\/uploads\/2024\/01\/affiliate_registration-2048x423.webp 2048w, https:\/\/padreazul.com\/wp-content\/uploads\/2024\/01\/affiliate_registration-500x103.webp 500w\" sizes=\"auto, (max-width: 1024px) 100vw, 1024px\" \/><\/figure>\n\n<div style=\"height:40px\" aria-hidden=\"true\" class=\"wp-block-spacer\"><\/div>\n\n<div class=\"wp-block-uagb-container uagb-block-0c237dd2 alignfull uagb-is-root-container\"><div class=\"uagb-container-inner-blocks-wrap\">\n<div class=\"wp-block-uagb-container uagb-block-3c86e4e9\">\n<div class=\"wp-block-uagb-advanced-heading uagb-block-6f4f090a\"><h1 class=\"uagb-heading-text\">Registrieren Sie sich f\u00fcr unser Partnerprogramm Padre Azul<\/h1><\/div>\n\n\n\n<p>Werden Sie Teil der magischen Padre-Welt. Verteilen Sie Ihren pers\u00f6nlichen Code und verdienen Sie Geld, indem Sie mehr Padre Azul und Freude in die Welt bringen. F\u00fcllen Sie einfach das Formular aus und erz\u00e4hlen Sie uns mehr \u00fcber sich. Wir freuen uns darauf, Sie kennen zu lernen und mit Ihnen zusammenzuarbeiten!   <\/p>\n\n\n\n<p>&gt;  Verdienen Sie mit jedem Verkauf<br\/>&gt; individuelle Provision<br\/>&gt; transparentes Affiliate-Dashboard<br\/>&gt; sichere Auszahlung (min. 100\u20ac)<\/p>\n<\/div>\n\n\n\n<div class=\"wp-block-uagb-container uagb-block-cbddebf0\"><div class=\"wpforms-container wpforms-block wpforms-block-0579663c-8ac6-443e-990c-28d75a8e54c3\" id=\"wpforms-9570\"><form id=\"wpforms-form-9570\" class=\"wpforms-validate wpforms-form wpforms-ajax-form\" data-formid=\"9570\" method=\"post\" enctype=\"multipart\/form-data\" action=\"\/de\/wp-json\/wp\/v2\/pages\/8511\" data-token=\"348e2f72d09e35d275839ff913d293e5\" data-token-time=\"1775999648\"><noscript class=\"wpforms-error-noscript\">Bitte aktiviere JavaScript in deinem Browser, um dieses Formular fertigzustellen.<\/noscript><div class=\"wpforms-field-container\"><div id=\"wpforms-9570-field_6-container\" class=\"wpforms-field wpforms-field-email\" data-field-id=\"6\"><label class=\"wpforms-field-label\" for=\"wpforms-9570-field_6\">Email <span class=\"wpforms-required-label\">*<\/span><\/label><input type=\"email\" id=\"wpforms-9570-field_6\" class=\"wpforms-field-large wpforms-field-required\" name=\"wpforms[fields][6]\" spellcheck=\"false\" required><\/div><div id=\"wpforms-9570-field_2-container\" class=\"wpforms-field wpforms-field-text\" data-field-id=\"2\"><label class=\"wpforms-field-label\" for=\"wpforms-9570-field_2\">Preferred Coupon Code: <span class=\"wpforms-required-label\">*<\/span><\/label><input type=\"text\" id=\"wpforms-9570-field_2\" class=\"wpforms-field-large wpforms-field-required\" name=\"wpforms[fields][2]\" required><\/div>\t\t<div id=\"wpforms-9570-field_1-container\"\n\t\t\tclass=\"wpforms-field wpforms-field-text\"\n\t\t\tdata-field-type=\"text\"\n\t\t\tdata-field-id=\"1\"\n\t\t\t>\n\t\t\t<label class=\"wpforms-field-label\" for=\"wpforms-9570-field_1\" >Number Code: Azul?<\/label>\n\t\t\t<input type=\"text\" id=\"wpforms-9570-field_1\" class=\"wpforms-field-medium\" name=\"wpforms[fields][1]\" >\n\t\t<\/div>\n\t\t<div id=\"wpforms-9570-field_3-container\" class=\"wpforms-field wpforms-field-text\" data-field-id=\"3\"><label class=\"wpforms-field-label\" for=\"wpforms-9570-field_3\">How will you promote Padre Azul? <span class=\"wpforms-required-label\">*<\/span><\/label><input type=\"text\" id=\"wpforms-9570-field_3\" class=\"wpforms-field-large wpforms-field-required\" name=\"wpforms[fields][3]\" required><\/div><div id=\"wpforms-9570-field_4-container\" class=\"wpforms-field wpforms-field-text\" data-field-id=\"4\"><label class=\"wpforms-field-label\" for=\"wpforms-9570-field_4\">Where will you promote Padre Azul? <span class=\"wpforms-required-label\">*<\/span><\/label><input type=\"text\" id=\"wpforms-9570-field_4\" class=\"wpforms-field-large wpforms-field-required\" name=\"wpforms[fields][4]\" required><\/div><div id=\"wpforms-9570-field_7-container\" class=\"wpforms-field wpforms-field-text\" data-field-id=\"7\"><label class=\"wpforms-field-label\" for=\"wpforms-9570-field_7\">Phone Number <span class=\"wpforms-required-label\">*<\/span><\/label><input type=\"text\" id=\"wpforms-9570-field_7\" class=\"wpforms-field-large wpforms-field-required\" name=\"wpforms[fields][7]\" required><\/div><div id=\"wpforms-9570-field_8-container\" class=\"wpforms-field wpforms-field-text\" data-field-id=\"8\"><label class=\"wpforms-field-label\" for=\"wpforms-9570-field_8\">Social Media Account(s)<\/label><input type=\"text\" id=\"wpforms-9570-field_8\" class=\"wpforms-field-large\" name=\"wpforms[fields][8]\" ><\/div><script>\n\t\t\t\t( function() {\n\t\t\t\t\tconst style = document.createElement( 'style' );\n\t\t\t\t\tstyle.appendChild( document.createTextNode( '#wpforms-9570-field_1-container { position: absolute !important; overflow: hidden !important; display: inline !important; height: 1px !important; width: 1px !important; z-index: -1000 !important; padding: 0 !important; } #wpforms-9570-field_1-container input { visibility: hidden; } #wpforms-conversational-form-page #wpforms-9570-field_1-container label { counter-increment: none; }' ) );\n\t\t\t\t\tdocument.head.appendChild( style );\n\t\t\t\t\tdocument.currentScript?.remove();\n\t\t\t\t} )();\n\t\t\t<\/script><\/div><!-- .wpforms-field-container --><div class=\"wpforms-submit-container\" ><input type=\"hidden\" name=\"wpforms[id]\" value=\"9570\"><input type=\"hidden\" name=\"page_title\" value=\"\"><input type=\"hidden\" name=\"page_url\" value=\"https:\/\/padreazul.com\/de\/wp-json\/wp\/v2\/pages\/8511\"><input type=\"hidden\" name=\"url_referer\" value=\"\"><div class=\"altcha-widget-wrap\"><altcha-widget challengeurl=\"https:\/\/padreazul.com\/de\/wp-json\/altcha\/v1\/challenge\" strings=\"{&quot;error&quot;:&quot;Verifizierung fehlgeschlagen. Bitte versuchen Sie es sp\\u00e4ter erneut.&quot;,&quot;footer&quot;:&quot;Gesch\\u00fctzt durch &lt;a href=\\&quot;https:\\\/\\\/altcha.org\\\/\\&quot; target=\\&quot;_blank\\&quot;&gt;ALTCHA&lt;\\\/a&gt;&quot;,&quot;label&quot;:&quot;Ich bin kein Roboter&quot;,&quot;verified&quot;:&quot;\\u00dcberpr\\u00fcft&quot;,&quot;verifying&quot;:&quot;\\u00dcberpr\\u00fcfung...&quot;,&quot;waitAlert&quot;:&quot;\\u00dcberpr\\u00fcfung... Bitte warten.&quot;}\" hidefooter=\"1\"><\/altcha-widget><noscript><div class=\"altcha-no-javascript\">This form requires JavaScript!<\/div><\/noscript><\/div><button type=\"submit\" name=\"wpforms[submit]\" id=\"wpforms-submit-9570\" class=\"wpforms-submit\" data-alt-text=\"Sending...\" data-submit-text=\"Submit\" aria-live=\"assertive\" value=\"wpforms-submit\">Submit<\/button><img loading=\"lazy\" decoding=\"async\" src=\"https:\/\/padreazul.com\/wp-content\/plugins\/wpforms-lite\/assets\/images\/submit-spin.svg\" class=\"wpforms-submit-spinner\" style=\"display: none;\" width=\"26\" height=\"26\" alt=\"Wird geladen\"><\/div><\/form><\/div>  <!-- .wpforms-container --><\/div>\n<\/div><\/div>\n\n<div style=\"height:40px\" aria-hidden=\"true\" class=\"wp-block-spacer\"><\/div>\n","protected":false},"excerpt":{"rendered":"<p>Registrieren Sie sich f\u00fcr unser Partnerprogramm Padre Azul Werden Sie Teil der magischen Padre-Welt. Verteilen Sie Ihren pers\u00f6nlichen Code und [&hellip;]<\/p>\n","protected":false},"author":4,"featured_media":0,"parent":0,"menu_order":0,"comment_status":"closed","ping_status":"closed","template":"","meta":{"content-type":"","_uag_custom_page_level_css":"","site-sidebar-layout":"default","site-content-layout":"","ast-site-content-layout":"default","site-content-style":"default","site-sidebar-style":"default","ast-global-header-display":"","ast-banner-title-visibility":"","ast-main-header-display":"","ast-hfb-above-header-display":"","ast-hfb-below-header-display":"","ast-hfb-mobile-header-display":"","site-post-title":"disabled","ast-breadcrumbs-content":"","ast-featured-img":"","footer-sml-layout":"","ast-disable-related-posts":"","theme-transparent-header-meta":"","adv-header-id-meta":"","stick-header-meta":"","header-above-stick-meta":"","header-main-stick-meta":"","header-below-stick-meta":"","astra-migrate-meta-layouts":"default","ast-page-background-enabled":"default","ast-page-background-meta":{"desktop":{"background-color":"","background-image":"","background-repeat":"repeat","background-position":"center center","background-size":"auto","background-attachment":"scroll","background-type":"","background-media":"","overlay-type":"","overlay-color":"","overlay-opacity":"","overlay-gradient":""},"tablet":{"background-color":"","background-image":"","background-repeat":"repeat","background-position":"center center","background-size":"auto","background-attachment":"scroll","background-type":"","background-media":"","overlay-type":"","overlay-color":"","overlay-opacity":"","overlay-gradient":""},"mobile":{"background-color":"","background-image":"","background-repeat":"repeat","background-position":"center center","background-size":"auto","background-attachment":"scroll","background-type":"","background-media":"","overlay-type":"","overlay-color":"","overlay-opacity":"","overlay-gradient":""}},"ast-content-background-meta":{"desktop":{"background-color":"var(--ast-global-color-5)","background-image":"","background-repeat":"repeat","background-position":"center center","background-size":"auto","background-attachment":"scroll","background-type":"","background-media":"","overlay-type":"","overlay-color":"","overlay-opacity":"","overlay-gradient":""},"tablet":{"background-color":"var(--ast-global-color-5)","background-image":"","background-repeat":"repeat","background-position":"center center","background-size":"auto","background-attachment":"scroll","background-type":"","background-media":"","overlay-type":"","overlay-color":"","overlay-opacity":"","overlay-gradient":""},"mobile":{"background-color":"var(--ast-global-color-5)","background-image":"","background-repeat":"repeat","background-position":"center center","background-size":"auto","background-attachment":"scroll","background-type":"","background-media":"","overlay-type":"","overlay-color":"","overlay-opacity":"","overlay-gradient":""}},"footnotes":""},"class_list":["post-8511","page","type-page","status-publish","hentry"],"uagb_featured_image_src":{"full":false,"thumbnail":false,"medium":false,"medium_large":false,"large":false,"product_image_size":false,"product_image_size_small":false,"1536x1536":false,"2048x2048":false,"woocommerce_thumbnail":false,"woocommerce_single":false,"woocommerce_gallery_thumbnail":false},"uagb_author_info":{"display_name":"Ramon","author_link":"https:\/\/padreazul.com\/de\/author\/florian_springer\/"},"uagb_comment_info":0,"uagb_excerpt":"Registrieren Sie sich f\u00fcr unser Partnerprogramm Padre Azul Werden Sie Teil der magischen Padre-Welt. Verteilen Sie Ihren pers\u00f6nlichen Code und [&hellip;]","_links":{"self":[{"href":"https:\/\/padreazul.com\/de\/wp-json\/wp\/v2\/pages\/8511","targetHints":{"allow":["GET"]}}],"collection":[{"href":"https:\/\/padreazul.com\/de\/wp-json\/wp\/v2\/pages"}],"about":[{"href":"https:\/\/padreazul.com\/de\/wp-json\/wp\/v2\/types\/page"}],"author":[{"embeddable":true,"href":"https:\/\/padreazul.com\/de\/wp-json\/wp\/v2\/users\/4"}],"replies":[{"embeddable":true,"href":"https:\/\/padreazul.com\/de\/wp-json\/wp\/v2\/comments?post=8511"}],"version-history":[{"count":1,"href":"https:\/\/padreazul.com\/de\/wp-json\/wp\/v2\/pages\/8511\/revisions"}],"predecessor-version":[{"id":9583,"href":"https:\/\/padreazul.com\/de\/wp-json\/wp\/v2\/pages\/8511\/revisions\/9583"}],"wp:attachment":[{"href":"https:\/\/padreazul.com\/de\/wp-json\/wp\/v2\/media?parent=8511"}],"curies":[{"name":"wp","href":"https:\/\/api.w.org\/{rel}","templated":true}]}}