{"id":8518,"date":"2024-01-24T15:32:23","date_gmt":"2024-01-24T14:32:23","guid":{"rendered":"https:\/\/padreazul.com\/padre-azul-flaschendesign-%f0%9f%92%80\/"},"modified":"2024-11-28T16:47:38","modified_gmt":"2024-11-28T15:47:38","slug":"padre-azul-flaschendesign-%f0%9f%92%80","status":"publish","type":"page","link":"https:\/\/padreazul.com\/de\/padre-azul-flaschendesign-%f0%9f%92%80\/","title":{"rendered":"Padre Azul Flaschendesign"},"content":{"rendered":"\n<div style=\"height:50px\" aria-hidden=\"true\" class=\"wp-block-spacer\"><\/div>\n\n\n\n<div class=\"wp-block-uagb-image aligncenter uagb-block-89e1d3ab wp-block-uagb-image--layout-default wp-block-uagb-image--effect-static wp-block-uagb-image--align-center animated fadeInDown\"><figure class=\"wp-block-uagb-image__figure\"><img decoding=\"async\" srcset=\"https:\/\/padreazul.com\/wp-content\/uploads\/2024\/01\/bottled_magic-1024x266.webp ,https:\/\/padreazul.com\/wp-content\/uploads\/2024\/01\/bottled_magic.webp 780w, https:\/\/padreazul.com\/wp-content\/uploads\/2024\/01\/bottled_magic.webp 360w\" sizes=\"auto, (max-width: 480px) 150px\" src=\"https:\/\/padreazul.com\/wp-content\/uploads\/2024\/01\/bottled_magic-1024x266.webp\" alt=\"\" class=\"uag-image-5521\" width=\"766\" height=\"153\" title=\"\" loading=\"lazy\" role=\"img\"\/><\/figure><\/div>\n\n\n\n<div style=\"height:50px\" aria-hidden=\"true\" class=\"wp-block-spacer\"><\/div>\n\n\n\n<div class=\"wp-block-uagb-container uagb-block-2df6b9b2 alignfull uagb-is-root-container\"><div class=\"uagb-container-inner-blocks-wrap\">\n<div class=\"wp-block-uagb-container uagb-block-ac3844c0\">\n<h1 class=\"wp-block-heading animated fadeInUp\">unsere magische Padre-Flasche<\/h1>\n\n\n\n<p class=\"animated fadeInUp\">Unsere Tequila-Flasche ist nicht nur ein Kunstwerk, sondern auch ein St\u00fcck mexikanischer Kultur, das wir zu Ihnen nach Hause bringen. Sie ist nicht nur ein einzigartiger Blickfang; sie ist eine durchdachte Kombination aus exquisitem Design und tiefer Bedeutung. Bis zur Auslieferung durchl\u00e4uft dieses Meisterst\u00fcck 200 H\u00e4nde!   <\/p>\n\n\n\n<p class=\"animated fadeInUp\">Erfahren Sie mehr \u00fcber unser einzigartiges Padre Azul Flaschendesign. Sie werden \u00fcberrascht sein. <\/p>\n<\/div>\n\n\n\n<div class=\"wp-block-uagb-container uagb-block-76fd736a\">\n<div class=\"wp-block-uagb-image aligncenter uagb-block-7f8a40c2 wp-block-uagb-image--layout-default wp-block-uagb-image--effect-static wp-block-uagb-image--align-center animated fadeInUp\"><figure class=\"wp-block-uagb-image__figure\"><img decoding=\"async\" srcset=\"https:\/\/padreazul.com\/wp-content\/uploads\/2023\/08\/bottles-724x1024.webp ,https:\/\/padreazul.com\/wp-content\/uploads\/2023\/08\/bottles.webp 780w, https:\/\/padreazul.com\/wp-content\/uploads\/2023\/08\/bottles.webp 360w\" sizes=\"auto, (max-width: 480px) 150px\" src=\"https:\/\/padreazul.com\/wp-content\/uploads\/2023\/08\/bottles-724x1024.webp\" alt=\"\" class=\"uag-image-2010\" width=\"430\" height=\"608\" title=\"\" loading=\"lazy\" role=\"img\"\/><\/figure><\/div>\n<\/div>\n<\/div><\/div>\n\n\n\n<div style=\"height:100px\" aria-hidden=\"true\" class=\"wp-block-spacer\"><\/div>\n\n\n\n<div class=\"wp-block-padre-parallax alignfull\" data-speed=\"30\" data-height=\"50\" data-type=\"video\" style=\"--padre-section-height:50VH;--padre-section-height-mobile:50VH;--padre-element-height:150%\"><video loading=\"lazy\" class=\"parallax-element\" src=\"https:\/\/padreazul.com\/wp-content\/uploads\/2024\/01\/Padre_Reposado_video_2020.mp4\" width=\"1920\" height=\"1080\" alt=\"Padre - Premium Tequila\" playsinline loop muted autoplay><\/video><\/div>\n\n\n\n<div style=\"height:100px\" aria-hidden=\"true\" class=\"wp-block-spacer\"><\/div>\n\n\n\n<div class=\"wp-block-uagb-container uagb-block-cf156de1 alignfull uagb-is-root-container\"><div class=\"uagb-container-inner-blocks-wrap\">\n<div class=\"wp-block-uagb-container uagb-block-8ab2243a\">\n<div class=\"wp-block-uagb-image aligncenter uagb-block-ad50ab53 wp-block-uagb-image--layout-default wp-block-uagb-image--effect-static wp-block-uagb-image--align-center sticky-image animated fadeInLeft\"><figure class=\"wp-block-uagb-image__figure\"><img decoding=\"async\" srcset=\"https:\/\/padreazul.com\/wp-content\/uploads\/2024\/01\/padre_azul_metal_skull_cap-683x1024.jpg ,https:\/\/padreazul.com\/wp-content\/uploads\/2024\/01\/padre_azul_metal_skull_cap-scaled.jpg 780w, https:\/\/padreazul.com\/wp-content\/uploads\/2024\/01\/padre_azul_metal_skull_cap-scaled.jpg 360w\" sizes=\"auto, (max-width: 480px) 150px\" src=\"https:\/\/padreazul.com\/wp-content\/uploads\/2024\/01\/padre_azul_metal_skull_cap-683x1024.jpg\" alt=\"A close-up shot of the metal skull bottle cap of the Padre Azul bottle design\" class=\"uag-image-5505\" width=\"326\" height=\"440\" title=\"\" loading=\"lazy\" role=\"img\"\/><\/figure><\/div>\n<\/div>\n\n\n\n<div class=\"wp-block-uagb-container uagb-block-6312cad1\">\n<h2 class=\"wp-block-heading has-text-align-center\">Unser massiver Metall-Totenkopf<\/h2>\n\n\n\n<p>Das herausragendste Merkmal unseres Designs ist die beeindruckende Totenkopf aus Metall. Aus recyceltem Metall gefertigt, wird er kunstvoll in einem einzigen St\u00fcck gegossen und bringt stolze 270 Gramm auf die Waage. Der Totenkopf steht f\u00fcr ewige Freundschaft, wie sie am D\u00eda de los Muertos gefeiert wird \u2013 ein Symbol mit tiefen Wurzeln in den Traditionen der mexikanischen Kultur.  <\/p>\n<\/div>\n<\/div><\/div>\n\n\n\n<div style=\"height:50px\" aria-hidden=\"true\" class=\"wp-block-spacer\"><\/div>\n\n\n\n<div class=\"wp-block-uagb-image aligncenter uagb-block-168a06f2 wp-block-uagb-image--layout-default wp-block-uagb-image--effect-zoomin wp-block-uagb-image--align-center animated fadeInRight\"><figure class=\"wp-block-uagb-image__figure\"><a class=\"\" href=\"https:\/\/padreazul.com\/shop\/\" target=\"\" rel=\"noopener\"><img decoding=\"async\" srcset=\"https:\/\/padreazul.com\/wp-content\/uploads\/2023\/08\/SHOP_Magic-1.gif ,https:\/\/padreazul.com\/wp-content\/uploads\/2023\/08\/SHOP_Magic-1.gif 780w, https:\/\/padreazul.com\/wp-content\/uploads\/2023\/08\/SHOP_Magic-1.gif 360w\" sizes=\"auto, (max-width: 480px) 150px\" src=\"https:\/\/padreazul.com\/wp-content\/uploads\/2023\/08\/SHOP_Magic-1.gif\" alt=\"A circle with a shopping cart on top of it. Above the cart it is written &quot;Shop&quot; in capital letters. In the middle of the circle it is written &quot;Magic in a bottle&quot;. The circle is shaking as it is a gif and guides towards the Padre Azul online shop.\" class=\"uag-image-1431\" width=\"174\" height=\"120\" title=\"\" loading=\"lazy\" role=\"img\"\/><\/a><\/figure><\/div>\n\n\n\n<div style=\"height:50px\" aria-hidden=\"true\" class=\"wp-block-spacer\"><\/div>\n\n\n\n<div class=\"wp-block-uagb-container uagb-block-dd3c2de3 alignfull uagb-is-root-container\"><div class=\"uagb-container-inner-blocks-wrap\">\n<div class=\"wp-block-uagb-container uagb-block-3c9c2a54\">\n<h2 class=\"wp-block-heading alignwide has-text-align-center\">Unsere handgefertigte Glasflasche<\/h2>\n\n\n\n<p class=\"has-text-align-left\">Das Glas unserer Flasche wird mit viel Hingabe und Liebe zum Detail in einer familiengef\u00fchrten Manufaktur in der N\u00e4he unserer Tequila-Destillerie gefertigt. Dabei verwenden wir eine edle Mischung aus neuem und recyceltem Glas. Hast du schon einmal den Boden der Flasche betrachtet? Ramon beobachtet dich, w\u00e4hrend du seinen geliebten Tropfen genie\u00dft.   <\/p>\n<\/div>\n\n\n\n<div class=\"wp-block-uagb-container uagb-block-3a574346\">\n<div class=\"wp-block-uagb-image aligncenter uagb-block-bfa17df6 wp-block-uagb-image--layout-default wp-block-uagb-image--effect-static wp-block-uagb-image--align-center sticky-image animated fadeInRight\"><figure class=\"wp-block-uagb-image__figure\"><img decoding=\"async\" srcset=\"https:\/\/padreazul.com\/wp-content\/uploads\/2024\/01\/padre_azul_bottle_production-710x1024.jpg ,https:\/\/padreazul.com\/wp-content\/uploads\/2024\/01\/padre_azul_bottle_production-scaled.jpg 780w, https:\/\/padreazul.com\/wp-content\/uploads\/2024\/01\/padre_azul_bottle_production-scaled.jpg 360w\" sizes=\"auto, (max-width: 480px) 150px\" src=\"https:\/\/padreazul.com\/wp-content\/uploads\/2024\/01\/padre_azul_bottle_production-710x1024.jpg\" alt=\"\" class=\"uag-image-5506\" width=\"385\" height=\"555\" title=\"\" loading=\"lazy\" role=\"img\"\/><\/figure><\/div>\n<\/div>\n<\/div><\/div>\n\n\n\n<div style=\"height:100px\" aria-hidden=\"true\" class=\"wp-block-spacer\"><\/div>\n\n\n\n<div class=\"wp-block-uagb-container animated fadeInUp uagb-block-25b65dfa alignfull uagb-is-root-container\"><div class=\"uagb-container-inner-blocks-wrap\">\n<div class=\"wp-block-uagb-image aligncenter uagb-block-aaeff6a8 wp-block-uagb-image--layout-default wp-block-uagb-image--effect-static wp-block-uagb-image--align-center\"><figure class=\"wp-block-uagb-image__figure\"><img decoding=\"async\" srcset=\"https:\/\/padreazul.com\/wp-content\/uploads\/2023\/08\/line.svg ,https:\/\/padreazul.com\/wp-content\/uploads\/2023\/08\/line.svg 780w, https:\/\/padreazul.com\/wp-content\/uploads\/2023\/08\/line.svg 360w\" sizes=\"auto, (max-width: 480px) 150px\" src=\"https:\/\/padreazul.com\/wp-content\/uploads\/2023\/08\/line.svg\" alt=\"Imperfect white line\" class=\"uag-image-2021\" width=\"681\" height=\"15\" title=\"\" loading=\"lazy\" role=\"img\"\/><\/figure><\/div>\n\n\n\n<div class=\"wp-block-uagb-advanced-heading uagb-block-c129ef0c\"><h1 class=\"uagb-heading-text\">1 Flasche &#8211; 200 H\u00e4nde<\/h1><\/div>\n\n\n\n<p class=\"has-text-align-center\">100% Agave &#8211; 100% Handarbeit &#8211; 100% Mexiko<\/p>\n\n\n\n<div class=\"wp-block-uagb-image aligncenter uagb-block-23cffaf0 wp-block-uagb-image--layout-default wp-block-uagb-image--effect-static wp-block-uagb-image--align-center\"><figure class=\"wp-block-uagb-image__figure\"><img decoding=\"async\" srcset=\"https:\/\/padreazul.com\/wp-content\/uploads\/2023\/08\/line.svg ,https:\/\/padreazul.com\/wp-content\/uploads\/2023\/08\/line.svg 780w, https:\/\/padreazul.com\/wp-content\/uploads\/2023\/08\/line.svg 360w\" sizes=\"auto, (max-width: 480px) 150px\" src=\"https:\/\/padreazul.com\/wp-content\/uploads\/2023\/08\/line.svg\" alt=\"Imperfect white line\" class=\"uag-image-2021\" width=\"681\" height=\"15\" title=\"\" loading=\"lazy\" role=\"img\"\/><\/figure><\/div>\n<\/div><\/div>\n\n\n\n<div style=\"height:100px\" aria-hidden=\"true\" class=\"wp-block-spacer\"><\/div>\n\n\n\n<div class=\"wp-block-uagb-container uagb-block-292f595a alignfull uagb-is-root-container\"><div class=\"uagb-container-inner-blocks-wrap\">\n<div class=\"wp-block-uagb-container uagb-block-0bd7e4f9\">\n<div class=\"wp-block-uagb-image aligncenter uagb-block-82fe9d2a wp-block-uagb-image--layout-default wp-block-uagb-image--effect-static wp-block-uagb-image--align-center sticky-image\"><figure class=\"wp-block-uagb-image__figure\"><img decoding=\"async\" srcset=\"https:\/\/padreazul.com\/wp-content\/uploads\/2024\/01\/padre_azul_leather_jacket-1-927x1024.jpg ,https:\/\/padreazul.com\/wp-content\/uploads\/2024\/01\/padre_azul_leather_jacket-1-scaled.jpg 780w, https:\/\/padreazul.com\/wp-content\/uploads\/2024\/01\/padre_azul_leather_jacket-1-scaled.jpg 360w\" sizes=\"auto, (max-width: 480px) 150px\" src=\"https:\/\/padreazul.com\/wp-content\/uploads\/2024\/01\/padre_azul_leather_jacket-1-927x1024.jpg\" alt=\"\" class=\"uag-image-5508\" width=\"403\" height=\"445\" title=\"\" loading=\"lazy\" role=\"img\"\/><\/figure><\/div>\n<\/div>\n\n\n\n<div class=\"wp-block-uagb-container uagb-block-0f80b900\">\n<h2 class=\"wp-block-heading alignwide has-text-align-center animated fadeInUp\">Unser Ledermantel<\/h2>\n\n\n\n<p class=\"has-text-align-left animated fadeInUp\">Der Ledermantel ist eine Hommage an die mexikanischen &#8220;Lucha Libre&#8221; Wrestler. Unsere Flasche tr\u00e4gt ihre Maske wie ein stolzer Luchador, der noch nie einen Kampf verloren hat. Auf der R\u00fcckseite ist sie mit einer handgef\u00e4delten Schn\u00fcrung durch passende \u00d6sen befestigt, so dass die Mystik unseres Padre Azul Flaschendesigns lebendig bleibt.  <\/p>\n<\/div>\n<\/div><\/div>\n\n\n\n<div style=\"height:100px\" aria-hidden=\"true\" class=\"wp-block-spacer\"><\/div>\n\n\n\n<div class=\"wp-block-uagb-container uagb-block-a3c5e683 alignfull uagb-is-root-container\"><div class=\"uagb-container-inner-blocks-wrap\">\n<div class=\"wp-block-uagb-container uagb-block-f45d7642\">\n<h2 class=\"wp-block-heading alignwide has-text-align-center\">Der Name Padre azul<\/h2>\n\n\n\n<p class=\"has-text-align-left\">&#8220;Que padre!&#8221; ist ein Ausdruck, den Sie in Mexiko h\u00e4ufig h\u00f6ren, wenn jemand begeistert ist &#8211; in unserem Fall von unserem Tequila. Apropos Tequila: Die Spirituose wird aus der blauen Weber-Agave hergestellt und &#8220;Azul&#8221; ist das spanische Wort f\u00fcr die Farbe Blau. Padre Azul ist also von beiden Aspekten inspiriert und verbindet sich zu dem, was er heute ist: Magie.<\/p>\n\n\n\n<div class=\"wp-block-uagb-image aligncenter uagb-block-6a471ec7 wp-block-uagb-image--layout-default wp-block-uagb-image--effect-static wp-block-uagb-image--align-center animated fadeInLeft\"><figure class=\"wp-block-uagb-image__figure\"><img decoding=\"async\" srcset=\"https:\/\/padreazul.com\/wp-content\/uploads\/2024\/01\/que_padre-1024x701.webp ,https:\/\/padreazul.com\/wp-content\/uploads\/2024\/01\/que_padre.webp 780w, https:\/\/padreazul.com\/wp-content\/uploads\/2024\/01\/que_padre.webp 360w\" sizes=\"auto, (max-width: 480px) 150px\" src=\"https:\/\/padreazul.com\/wp-content\/uploads\/2024\/01\/que_padre-1024x701.webp\" alt=\"\" class=\"uag-image-5539\" width=\"203\" height=\"71\" title=\"\" loading=\"lazy\" role=\"img\"\/><\/figure><\/div>\n<\/div>\n\n\n\n<div class=\"wp-block-uagb-container uagb-block-eb27590a\">\n<div class=\"wp-block-uagb-image aligncenter uagb-block-50c38181 wp-block-uagb-image--layout-default wp-block-uagb-image--effect-static wp-block-uagb-image--align-center sticky-image animated fadeInRight\"><figure class=\"wp-block-uagb-image__figure\"><img decoding=\"async\" srcset=\"https:\/\/padreazul.com\/wp-content\/uploads\/2023\/08\/padre_azul_reposado_closeup-scaled.webp ,https:\/\/padreazul.com\/wp-content\/uploads\/2023\/08\/padre_azul_reposado_closeup-scaled.webp 780w, https:\/\/padreazul.com\/wp-content\/uploads\/2023\/08\/padre_azul_reposado_closeup-scaled.webp 360w\" sizes=\"auto, (max-width: 480px) 150px\" src=\"https:\/\/padreazul.com\/wp-content\/uploads\/2023\/08\/padre_azul_reposado_closeup-scaled.webp\" alt=\"Close up shot of the Padre Azul Reposado bottle.\" class=\"uag-image-5459\" width=\"1949\" height=\"1949\" title=\"\" loading=\"lazy\" role=\"img\"\/><\/figure><\/div>\n<\/div>\n<\/div><\/div>\n\n\n\n<div style=\"height:100px\" aria-hidden=\"true\" class=\"wp-block-spacer\"><\/div>\n\n\n\n<div class=\"wp-block-uagb-container uagb-block-dfc61f87 alignfull uagb-is-root-container\"><div class=\"uagb-container-inner-blocks-wrap\">\n<div class=\"wp-block-uagb-container uagb-block-41edc45f\">\n<h2 class=\"wp-block-heading alignwide has-text-align-center\">Unser Padre Azul Flaschendesign<\/h2>\n\n\n\n<p class=\"has-text-align-left\">Wie Sie sehen, ist es nicht nur eine gew\u00f6hnliche Flasche &#8211; es ist ein Schatz, der darauf wartet, von Ihnen entdeckt und gelesen zu werden. Ein Juwel, das von Meistern ihres Fachs hergestellt wurde, um von Padres auf der ganzen Welt genossen zu werden. <\/p>\n<\/div>\n\n\n\n<div class=\"wp-block-uagb-container uagb-block-a9625aae\">\n<div class=\"wp-block-uagb-image aligncenter uagb-block-442321fa wp-block-uagb-image--layout-default wp-block-uagb-image--effect-zoomin wp-block-uagb-image--align-center animated fadeInUp\"><figure class=\"wp-block-uagb-image__figure\"><a class=\"\" href=\"https:\/\/padreazul.com\/shop\/\" target=\"\" rel=\"noopener\"><img decoding=\"async\" srcset=\"https:\/\/padreazul.com\/wp-content\/uploads\/2023\/08\/SHOP-TASTE.gif ,https:\/\/padreazul.com\/wp-content\/uploads\/2023\/08\/SHOP-TASTE.gif 780w, https:\/\/padreazul.com\/wp-content\/uploads\/2023\/08\/SHOP-TASTE.gif 360w\" sizes=\"auto, (max-width: 480px) 150px\" src=\"https:\/\/padreazul.com\/wp-content\/uploads\/2023\/08\/SHOP-TASTE.gif\" alt=\"A circle with a shopping cart on top of it. Above the cart it is written &quot;Shop&quot; in capital letters. In the middle of the circle it is written &quot;Taste the magic&quot;. The circle is shaking as it is a gif and guides towards the Padre Azul online shop.\" class=\"uag-image-1432\" width=\"206\" height=\"260\" title=\"\" loading=\"lazy\" role=\"img\"\/><\/a><\/figure><\/div>\n<\/div>\n<\/div><\/div>\n\n\n\n<div style=\"height:100px\" aria-hidden=\"true\" class=\"wp-block-spacer\"><\/div>\n\n\n\n<div class=\"wp-block-uagb-container uagb-block-194920fa alignfull uagb-is-root-container\"><div class=\"uagb-container-inner-blocks-wrap\">\n<div class=\"wp-block-columns alignfull is-layout-flex wp-container-core-columns-is-layout-28f84493 wp-block-columns-is-layout-flex\">\n<div class=\"wp-block-column is-layout-flow wp-block-column-is-layout-flow\" style=\"flex-basis:66%\">\n<div class=\"wp-block-uagb-image uagb-block-02620a01 wp-block-uagb-image--layout-default wp-block-uagb-image--effect-static wp-block-uagb-image--align-none\"><figure class=\"wp-block-uagb-image__figure\"><img decoding=\"async\"  sizes=\"auto, (max-width: 480px) 150px\" src=\"https:\/\/padreazul.com\/wp-content\/uploads\/2023\/08\/Element-13.svg\" alt=\"Wei\u00dfer Text mit der Aufschrift \"Verpassen Sie keinen magischen Moment\".\" width=\"645\" height=\"61\" title=\"\" loading=\"lazy\"><\/figure><\/div>\n<\/div>\n\n\n\n<div class=\"wp-block-column is-vertically-aligned-center is-layout-flow wp-block-column-is-layout-flow\" style=\"flex-basis:33%\">\n<div class=\"wp-block-uagb-buttons uagb-buttons__outer-wrap uagb-btn__default-btn uagb-btn-tablet__default-btn uagb-btn-mobile__large-btn uagb-block-74ff2a30\"><div class=\"uagb-buttons__wrap uagb-buttons-layout-wrap\">\n<div class=\"wp-block-uagb-buttons-child uagb-buttons__outer-wrap uagb-block-89072927 wp-block-button\"><div class=\"uagb-button__wrapper\"><a class=\"uagb-buttons-repeater wp-block-button__link\" href=\"https:\/\/padreazul.com\/newsletter\/\" onclick=\"return true;\" rel=\"follow noopener\" target=\"_self\"><div class=\"uagb-button__link\">NEWSLETTER<\/div><span class=\"uagb-button__icon uagb-button__icon-position-after\"><svg xmlns=\"https:\/\/www.w3.org\/2000\/svg\" viewbox=\"0 0 448 512\"><path d=\"M438.6 278.6l-160 160C272.4 444.9 264.2 448 256 448s-16.38-3.125-22.62-9.375c-12.5-12.5-12.5-32.75 0-45.25L338.8 288H32C14.33 288 .0016 273.7 .0016 256S14.33 224 32 224h306.8l-105.4-105.4c-12.5-12.5-12.5-32.75 0-45.25s32.75-12.5 45.25 0l160 160C451.1 245.9 451.1 266.1 438.6 278.6z\"><\/path><\/svg><\/span><\/a><\/div><\/div>\n<\/div><\/div>\n<\/div>\n<\/div>\n\n\n\n<div class=\"wp-block-uagb-image uagb-block-49ddbe96 wp-block-uagb-image--layout-default wp-block-uagb-image--effect-static wp-block-uagb-image--align-none\"><figure class=\"wp-block-uagb-image__figure\"><img decoding=\"async\" srcset=\"https:\/\/padreazul.com\/wp-content\/uploads\/2023\/08\/line.svg\n \" sizes=\"auto, (max-width: 480px) 150px\" src=\"https:\/\/padreazul.com\/wp-content\/uploads\/2023\/08\/line.svg\" alt=\"Unvollkommene wei\u00dfe Linie\" class=\"uag-image-2021\" width=\"681\" height=\"14\" title=\"\" loading=\"lazy\"><\/figure><\/div>\n\n\n\n<div class=\"wp-block-columns alignfull is-layout-flex wp-container-core-columns-is-layout-28f84493 wp-block-columns-is-layout-flex\">\n<div class=\"wp-block-column is-layout-flow wp-block-column-is-layout-flow\" style=\"flex-basis:33%\">\n<div class=\"wp-block-uagb-image uagb-block-95bf4bf4 wp-block-uagb-image--layout-default wp-block-uagb-image--effect-static wp-block-uagb-image--align-none\"><figure class=\"wp-block-uagb-image__figure\"><img decoding=\"async\" srcset=\"https:\/\/padreazul.com\/wp-content\/uploads\/2023\/08\/ftm_with_ramon.svg\n \" sizes=\"auto, (max-width: 480px) 150px\" src=\"https:\/\/padreazul.com\/wp-content\/uploads\/2023\/08\/ftm_with_ramon.svg\" alt=\"Wei\u00dfer Text mit der Aufschrift \"Folgen Sie der Magie\".\" class=\"uag-image-2026\" width=\"394\" height=\"243\" title=\"\" loading=\"lazy\"><\/figure><\/div>\n<\/div>\n\n\n\n<div class=\"wp-block-column is-vertically-aligned-center is-layout-flow wp-block-column-is-layout-flow\" style=\"flex-basis:33%\">\n<div class=\"wp-block-columns is-not-stacked-on-mobile is-layout-flex wp-container-core-columns-is-layout-28f84493 wp-block-columns-is-layout-flex\">\n<div class=\"wp-block-column is-vertically-aligned-top is-layout-flow wp-block-column-is-layout-flow\">\n<div class=\"wp-block-uagb-image alignright uagb-block-c9e0da26 wp-block-uagb-image--layout-default wp-block-uagb-image--effect-zoomin wp-block-uagb-image--align-right\"><figure class=\"wp-block-uagb-image__figure\"><a class=\"\" href=\"https:\/\/www.facebook.com\/drink.padre\" target=\"_blank\" rel=\"noreferrer noopener\"><img decoding=\"async\"  sizes=\"auto, (max-width: 480px) 150px\" src=\"https:\/\/padreazul.com\/wp-content\/uploads\/2023\/08\/facebook_w.svg\" alt=\"Facebook-Symbol als wei\u00dfer Umriss\" width=\"50\" height=\"50\" title=\"\" loading=\"lazy\"><\/a><\/figure><\/div>\n<\/div>\n\n\n\n<div class=\"wp-block-column is-vertically-aligned-top is-layout-flow wp-block-column-is-layout-flow\">\n<div class=\"wp-block-uagb-image aligncenter uagb-block-00938121 wp-block-uagb-image--layout-default wp-block-uagb-image--effect-zoomin wp-block-uagb-image--align-center\"><figure class=\"wp-block-uagb-image__figure\"><a class=\"\" href=\"https:\/\/www.instagram.com\/padreazul.tequila\/?hl=de\" target=\"_blank\" rel=\"noreferrer noopener\"><img decoding=\"async\"  sizes=\"auto, (max-width: 480px) 150px\" src=\"https:\/\/padreazul.com\/wp-content\/uploads\/2023\/08\/instagram_w.svg\" alt=\"Instagram-Symbol als wei\u00dfer Umriss\" width=\"50\" height=\"50\" title=\"\" loading=\"lazy\"><\/a><\/figure><\/div>\n<\/div>\n\n\n\n<div class=\"wp-block-column is-vertically-aligned-top is-layout-flow wp-block-column-is-layout-flow\">\n<div class=\"wp-block-uagb-image uagb-block-9293810a wp-block-uagb-image--layout-default wp-block-uagb-image--effect-zoomin wp-block-uagb-image--align-none\"><figure class=\"wp-block-uagb-image__figure\"><a class=\"\" href=\"https:\/\/www.youtube.com\/@Padreazul%20\" target=\"_blank\" rel=\"noreferrer noopener\"><img decoding=\"async\"  sizes=\"auto, (max-width: 480px) 150px\" src=\"https:\/\/padreazul.com\/wp-content\/uploads\/2023\/08\/youtube_w.svg\" alt=\"YouTube-Symbol als wei\u00dfer Umriss\" width=\"60\" height=\"50\" title=\"\" loading=\"lazy\"><\/a><\/figure><\/div>\n<\/div>\n<\/div>\n<\/div>\n<\/div>\n<\/div><\/div>\n\n\n","protected":false},"excerpt":{"rendered":"<p>unsere magische Padre-Flasche Unsere Tequila-Flasche ist nicht nur ein Kunstwerk, sondern auch ein St\u00fcck mexikanischer Kultur, das wir zu Ihnen [&hellip;]<\/p>\n","protected":false},"author":4,"featured_media":0,"parent":0,"menu_order":0,"comment_status":"closed","ping_status":"closed","template":"","meta":{"content-type":"","_uag_custom_page_level_css":"","site-sidebar-layout":"default","site-content-layout":"","ast-site-content-layout":"default","site-content-style":"default","site-sidebar-style":"default","ast-global-header-display":"","ast-banner-title-visibility":"","ast-main-header-display":"","ast-hfb-above-header-display":"","ast-hfb-below-header-display":"","ast-hfb-mobile-header-display":"","site-post-title":"disabled","ast-breadcrumbs-content":"","ast-featured-img":"","footer-sml-layout":"","ast-disable-related-posts":"","theme-transparent-header-meta":"","adv-header-id-meta":"","stick-header-meta":"","header-above-stick-meta":"","header-main-stick-meta":"","header-below-stick-meta":"","astra-migrate-meta-layouts":"set","ast-page-background-enabled":"default","ast-page-background-meta":{"desktop":{"background-color":"","background-image":"","background-repeat":"repeat","background-position":"center center","background-size":"auto","background-attachment":"scroll","background-type":"","background-media":"","overlay-type":"","overlay-color":"","overlay-opacity":"","overlay-gradient":""},"tablet":{"background-color":"","background-image":"","background-repeat":"repeat","background-position":"center center","background-size":"auto","background-attachment":"scroll","background-type":"","background-media":"","overlay-type":"","overlay-color":"","overlay-opacity":"","overlay-gradient":""},"mobile":{"background-color":"","background-image":"","background-repeat":"repeat","background-position":"center center","background-size":"auto","background-attachment":"scroll","background-type":"","background-media":"","overlay-type":"","overlay-color":"","overlay-opacity":"","overlay-gradient":""}},"ast-content-background-meta":{"desktop":{"background-color":"var(--ast-global-color-5)","background-image":"","background-repeat":"repeat","background-position":"center center","background-size":"auto","background-attachment":"scroll","background-type":"","background-media":"","overlay-type":"","overlay-color":"","overlay-opacity":"","overlay-gradient":""},"tablet":{"background-color":"var(--ast-global-color-5)","background-image":"","background-repeat":"repeat","background-position":"center center","background-size":"auto","background-attachment":"scroll","background-type":"","background-media":"","overlay-type":"","overlay-color":"","overlay-opacity":"","overlay-gradient":""},"mobile":{"background-color":"var(--ast-global-color-5)","background-image":"","background-repeat":"repeat","background-position":"center center","background-size":"auto","background-attachment":"scroll","background-type":"","background-media":"","overlay-type":"","overlay-color":"","overlay-opacity":"","overlay-gradient":""}},"footnotes":""},"class_list":["post-8518","page","type-page","status-publish","hentry"],"uagb_featured_image_src":{"full":false,"thumbnail":false,"medium":false,"medium_large":false,"large":false,"product_image_size":false,"product_image_size_small":false,"1536x1536":false,"2048x2048":false,"woocommerce_thumbnail":false,"woocommerce_single":false,"woocommerce_gallery_thumbnail":false},"uagb_author_info":{"display_name":"Ramon","author_link":"https:\/\/padreazul.com\/de\/author\/florian_springer\/"},"uagb_comment_info":0,"uagb_excerpt":"unsere magische Padre-Flasche Unsere Tequila-Flasche ist nicht nur ein Kunstwerk, sondern auch ein St\u00fcck mexikanischer Kultur, das wir zu Ihnen [&hellip;]","_links":{"self":[{"href":"https:\/\/padreazul.com\/de\/wp-json\/wp\/v2\/pages\/8518","targetHints":{"allow":["GET"]}}],"collection":[{"href":"https:\/\/padreazul.com\/de\/wp-json\/wp\/v2\/pages"}],"about":[{"href":"https:\/\/padreazul.com\/de\/wp-json\/wp\/v2\/types\/page"}],"author":[{"embeddable":true,"href":"https:\/\/padreazul.com\/de\/wp-json\/wp\/v2\/users\/4"}],"replies":[{"embeddable":true,"href":"https:\/\/padreazul.com\/de\/wp-json\/wp\/v2\/comments?post=8518"}],"version-history":[{"count":0,"href":"https:\/\/padreazul.com\/de\/wp-json\/wp\/v2\/pages\/8518\/revisions"}],"wp:attachment":[{"href":"https:\/\/padreazul.com\/de\/wp-json\/wp\/v2\/media?parent=8518"}],"curies":[{"name":"wp","href":"https:\/\/api.w.org\/{rel}","templated":true}]}}