{"id":8537,"date":"2024-01-11T11:16:20","date_gmt":"2024-01-11T10:16:20","guid":{"rendered":"https:\/\/padreazul.com\/faq-%e2%9d%93-haeufig-gestellte-fragen\/"},"modified":"2024-11-29T10:08:35","modified_gmt":"2024-11-29T09:08:35","slug":"faq","status":"publish","type":"page","link":"https:\/\/padreazul.com\/de\/faq\/","title":{"rendered":"FAQ \u2753 H\u00e4ufig gestellte Fragen"},"content":{"rendered":"\n<div class=\"wp-block-uagb-image aligncenter uagb-block-06ab30a1 wp-block-uagb-image--layout-default wp-block-uagb-image--effect-static wp-block-uagb-image--align-center\"><figure class=\"wp-block-uagb-image__figure\"><img decoding=\"async\"  sizes=\"auto, (max-width: 480px) 150px\" src=\"https:\/\/padreazul.com\/wp-content\/uploads\/2023\/09\/faq.svg\" alt=\"\" width=\"300\" height=\"108\" title=\"\" loading=\"lazy\"><\/figure><\/div>\n\n<div style=\"height:80px\" aria-hidden=\"true\" class=\"wp-block-spacer\"><\/div>\n<div class=\"wp-block-uagb-faq uagb-faq__outer-wrap uagb-block-6e4c4f05 uagb-faq-icon-row uagb-faq-layout-accordion uagb-faq-expand-first-false uagb-faq-inactive-other-true uagb-faq__wrap uagb-buttons-layout-wrap uagb-faq-equal-height     \" data-faqtoggle=\"true\" role=\"tablist\"><div class=\"wp-block-uagb-faq-child uagb-faq-child__outer-wrap uagb-faq-item uagb-block-189ff4ac \" role=\"tab\" tabindex=\"0\"><div class=\"uagb-faq-questions-button uagb-faq-questions\">\t\t\t<span class=\"uagb-icon uagb-faq-icon-wrap\">\n\t\t\t\t\t\t\t\t<svg xmlns=\"https:\/\/www.w3.org\/2000\/svg\" viewBox= \"0 0 448 512\"><path d=\"M432 256c0 17.69-14.33 32.01-32 32.01H256v144c0 17.69-14.33 31.99-32 31.99s-32-14.3-32-31.99v-144H48c-17.67 0-32-14.32-32-32.01s14.33-31.99 32-31.99H192v-144c0-17.69 14.33-32.01 32-32.01s32 14.32 32 32.01v144h144C417.7 224 432 238.3 432 256z\"><\/path><\/svg>\n\t\t\t\t\t\t\t<\/span>\n\t\t\t\t\t\t<span class=\"uagb-icon-active uagb-faq-icon-wrap\">\n\t\t\t\t\t\t\t\t<svg xmlns=\"https:\/\/www.w3.org\/2000\/svg\" viewBox= \"0 0 448 512\"><path d=\"M400 288h-352c-17.69 0-32-14.32-32-32.01s14.31-31.99 32-31.99h352c17.69 0 32 14.3 32 31.99S417.7 288 400 288z\"><\/path><\/svg>\n\t\t\t\t\t\t\t<\/span>\n\t\t\t<h3 class=\"uagb-question\">Wie trinkt man hochwertigen Tequila?<\/h3><\/div><div class=\"uagb-faq-content\"><p>Nat\u00fcrlich spielt es keine Rolle, wie Sie ihn trinken, solange Sie ihn genie\u00dfen. Aber Tequila als Shot mit einer Zitronenscheibe und Salz oder einer Orangenscheibe und Zimt zu trinken, tut der mexikanischen Seele weh! Hochwertiger Tequila sollte langsam genossen werden, Schluck f\u00fcr Schluck, und mit den Menschen geteilt werden, die Sie lieben.  <\/p><\/div><\/div><div class=\"wp-block-uagb-faq-child uagb-faq-child__outer-wrap uagb-faq-item uagb-block-ba1981f1 \" role=\"tab\" tabindex=\"0\"><div class=\"uagb-faq-questions-button uagb-faq-questions\">\t\t\t<span class=\"uagb-icon uagb-faq-icon-wrap\">\n\t\t\t\t\t\t\t\t<svg xmlns=\"https:\/\/www.w3.org\/2000\/svg\" viewBox= \"0 0 448 512\"><path d=\"M432 256c0 17.69-14.33 32.01-32 32.01H256v144c0 17.69-14.33 31.99-32 31.99s-32-14.3-32-31.99v-144H48c-17.67 0-32-14.32-32-32.01s14.33-31.99 32-31.99H192v-144c0-17.69 14.33-32.01 32-32.01s32 14.32 32 32.01v144h144C417.7 224 432 238.3 432 256z\"><\/path><\/svg>\n\t\t\t\t\t\t\t<\/span>\n\t\t\t\t\t\t<span class=\"uagb-icon-active uagb-faq-icon-wrap\">\n\t\t\t\t\t\t\t\t<svg xmlns=\"https:\/\/www.w3.org\/2000\/svg\" viewBox= \"0 0 448 512\"><path d=\"M400 288h-352c-17.69 0-32-14.32-32-32.01s14.31-31.99 32-31.99h352c17.69 0 32 14.3 32 31.99S417.7 288 400 288z\"><\/path><\/svg>\n\t\t\t\t\t\t\t<\/span>\n\t\t\t<h3 class=\"uagb-question\">Wie wird Padre Azul Tequila hergestellt?<\/h3><\/div><div class=\"uagb-faq-content\"><p>Padre Azul Tequila wird aus 100% blauer Agave hergestellt. Wir lassen unsere Agaven zwischen 8 und 10 Jahren wachsen. Nach der Ernte d\u00e4mpfen wir sie 24 bis 48 Stunden lang in &#8220;mamposter\u00edas&#8221;, traditionellen mexikanischen Lehm\u00f6fen, gefolgt von 72 bis 96 Stunden Fermentation. Unsere Fermentierung erfolgt ausschlie\u00dflich spontan. Das hei\u00dft, wir verwenden keinerlei k\u00fcnstliche Hefen. Nach der doppelten Destillation wird unser Blanco sofort in Flaschen abgef\u00fcllt, w\u00e4hrend unser Reposado mindestens 8 Monate lang in handverlesenen Ex-Bourbon-Eichenf\u00e4ssern reift und unser A\u00f1ejo mindestens 18 Monate lang. Immer noch neugierig? <a href=\"https:\/\/padreazul.com\/de\/produktion-%f0%9f%92%aa-ernten-destillieren-reifen-geniessen\/\">Hier<\/a> finden Sie mehr \u00fcber unsere Tequila-Produktion.       <\/p><\/div><\/div><div class=\"wp-block-uagb-faq-child uagb-faq-child__outer-wrap uagb-faq-item uagb-block-5bf6097d \" role=\"tab\" tabindex=\"0\"><div class=\"uagb-faq-questions-button uagb-faq-questions\">\t\t\t<span class=\"uagb-icon uagb-faq-icon-wrap\">\n\t\t\t\t\t\t\t\t<svg xmlns=\"https:\/\/www.w3.org\/2000\/svg\" viewBox= \"0 0 448 512\"><path d=\"M432 256c0 17.69-14.33 32.01-32 32.01H256v144c0 17.69-14.33 31.99-32 31.99s-32-14.3-32-31.99v-144H48c-17.67 0-32-14.32-32-32.01s14.33-31.99 32-31.99H192v-144c0-17.69 14.33-32.01 32-32.01s32 14.32 32 32.01v144h144C417.7 224 432 238.3 432 256z\"><\/path><\/svg>\n\t\t\t\t\t\t\t<\/span>\n\t\t\t\t\t\t<span class=\"uagb-icon-active uagb-faq-icon-wrap\">\n\t\t\t\t\t\t\t\t<svg xmlns=\"https:\/\/www.w3.org\/2000\/svg\" viewBox= \"0 0 448 512\"><path d=\"M400 288h-352c-17.69 0-32-14.32-32-32.01s14.31-31.99 32-31.99h352c17.69 0 32 14.3 32 31.99S417.7 288 400 288z\"><\/path><\/svg>\n\t\t\t\t\t\t\t<\/span>\n\t\t\t<h3 class=\"uagb-question\">Ist Padre Azul ein original mexikanischer Tequila?<\/h3><\/div><div class=\"uagb-faq-content\"><p>Ja! Tequila ist ein Produkt mit gesch\u00fctzter Ursprungsbezeichnung. Es ist wie beim franz\u00f6sischen Champagner oder Cognac: Er darf nur traditionell und in einer bestimmten Region hergestellt werden. Nach mexikanischem Recht darf Tequila ausschlie\u00dflich im Bundesstaat Jalisco und in einigen anderen mexikanischen Gemeinden hergestellt werden. Der Name &#8220;Tequila&#8221; stammt eigentlich von der mexikanischen Stadt Santiago de Tequila in Jalisco. Dort k\u00f6nnen Sie das Nationalmuseum f\u00fcr Tequila besuchen &#8211; sehr interessant!     <\/p><\/div><\/div><div class=\"wp-block-uagb-faq-child uagb-faq-child__outer-wrap uagb-faq-item uagb-block-04dbc40c \" role=\"tab\" tabindex=\"0\"><div class=\"uagb-faq-questions-button uagb-faq-questions\">\t\t\t<span class=\"uagb-icon uagb-faq-icon-wrap\">\n\t\t\t\t\t\t\t\t<svg xmlns=\"https:\/\/www.w3.org\/2000\/svg\" viewBox= \"0 0 448 512\"><path d=\"M432 256c0 17.69-14.33 32.01-32 32.01H256v144c0 17.69-14.33 31.99-32 31.99s-32-14.3-32-31.99v-144H48c-17.67 0-32-14.32-32-32.01s14.33-31.99 32-31.99H192v-144c0-17.69 14.33-32.01 32-32.01s32 14.32 32 32.01v144h144C417.7 224 432 238.3 432 256z\"><\/path><\/svg>\n\t\t\t\t\t\t\t<\/span>\n\t\t\t\t\t\t<span class=\"uagb-icon-active uagb-faq-icon-wrap\">\n\t\t\t\t\t\t\t\t<svg xmlns=\"https:\/\/www.w3.org\/2000\/svg\" viewBox= \"0 0 448 512\"><path d=\"M400 288h-352c-17.69 0-32-14.32-32-32.01s14.31-31.99 32-31.99h352c17.69 0 32 14.3 32 31.99S417.7 288 400 288z\"><\/path><\/svg>\n\t\t\t\t\t\t\t<\/span>\n\t\t\t<h3 class=\"uagb-question\">Woher kommt die Vanille?<\/h3><\/div><div class=\"uagb-faq-content\"><p>Unser Tequila Reposado und Tequila A\u00f1ejo reifen in amerikanischen Eichenf\u00e4ssern. Das rauchige Eichenholz f\u00fcgt wunderbare terti\u00e4re Aromen hinzu und verleiht unserem Tequila seine charakteristischen Geschmacksnoten. Amerikanische Eichenf\u00e4sser sind daf\u00fcr bekannt, dass sie ein leichtes Vanillearoma hinzuf\u00fcgen. W\u00fcrden wir zum Beispiel franz\u00f6sische Eiche verwenden, h\u00e4tte unser Tequila wahrscheinlich ein R\u00f6staroma.   <\/p><\/div><\/div><div class=\"wp-block-uagb-faq-child uagb-faq-child__outer-wrap uagb-faq-item uagb-block-7e916ea2 \" role=\"tab\" tabindex=\"0\"><div class=\"uagb-faq-questions-button uagb-faq-questions\">\t\t\t<span class=\"uagb-icon uagb-faq-icon-wrap\">\n\t\t\t\t\t\t\t\t<svg xmlns=\"https:\/\/www.w3.org\/2000\/svg\" viewBox= \"0 0 448 512\"><path d=\"M432 256c0 17.69-14.33 32.01-32 32.01H256v144c0 17.69-14.33 31.99-32 31.99s-32-14.3-32-31.99v-144H48c-17.67 0-32-14.32-32-32.01s14.33-31.99 32-31.99H192v-144c0-17.69 14.33-32.01 32-32.01s32 14.32 32 32.01v144h144C417.7 224 432 238.3 432 256z\"><\/path><\/svg>\n\t\t\t\t\t\t\t<\/span>\n\t\t\t\t\t\t<span class=\"uagb-icon-active uagb-faq-icon-wrap\">\n\t\t\t\t\t\t\t\t<svg xmlns=\"https:\/\/www.w3.org\/2000\/svg\" viewBox= \"0 0 448 512\"><path d=\"M400 288h-352c-17.69 0-32-14.32-32-32.01s14.31-31.99 32-31.99h352c17.69 0 32 14.3 32 31.99S417.7 288 400 288z\"><\/path><\/svg>\n\t\t\t\t\t\t\t<\/span>\n\t\t\t<h3 class=\"uagb-question\">Wie kochen Sie die Agave?<\/h3><\/div><div class=\"uagb-faq-content\"><p><strong>Das Kochen erfolgt in Mamposter\u00edas, traditionellen mexikanischen Lehm\u00f6fen. Zun\u00e4chst werden die Agaven 24 bis 48 Stunden lang ged\u00e4mpft. Dann nutzen wir die Restw\u00e4rme und geben den ged\u00e4mpften Agavenherzen weitere 24 Stunden, die sie in der wohligen W\u00e4rme der Mamposteria ruhen k\u00f6nnen. Eine Autoklave kann diesen Prozess in 5 oder 6 Stunden durchf\u00fchren, aber das langsame Kochen unserer Agaven gibt unserem hochwertigen Tequila viel mehr Geschmack. Es ist, als w\u00fcrde man einen Tontopf auf einem langsamen Feuer anstelle eines Schnellkochtopfes verwenden &#8211; der Tontopf wird immer bessere Ergebnisse liefern. Sie sehen, die wichtigste Zutat f\u00fcr unseren Premium-Tequila ist wirklich Zeit.     <\/strong><\/p><\/div><\/div><div class=\"wp-block-uagb-faq-child uagb-faq-child__outer-wrap uagb-faq-item uagb-block-04a88a16 \" role=\"tab\" tabindex=\"0\"><div class=\"uagb-faq-questions-button uagb-faq-questions\">\t\t\t<span class=\"uagb-icon uagb-faq-icon-wrap\">\n\t\t\t\t\t\t\t\t<svg xmlns=\"https:\/\/www.w3.org\/2000\/svg\" viewBox= \"0 0 448 512\"><path d=\"M432 256c0 17.69-14.33 32.01-32 32.01H256v144c0 17.69-14.33 31.99-32 31.99s-32-14.3-32-31.99v-144H48c-17.67 0-32-14.32-32-32.01s14.33-31.99 32-31.99H192v-144c0-17.69 14.33-32.01 32-32.01s32 14.32 32 32.01v144h144C417.7 224 432 238.3 432 256z\"><\/path><\/svg>\n\t\t\t\t\t\t\t<\/span>\n\t\t\t\t\t\t<span class=\"uagb-icon-active uagb-faq-icon-wrap\">\n\t\t\t\t\t\t\t\t<svg xmlns=\"https:\/\/www.w3.org\/2000\/svg\" viewBox= \"0 0 448 512\"><path d=\"M400 288h-352c-17.69 0-32-14.32-32-32.01s14.31-31.99 32-31.99h352c17.69 0 32 14.3 32 31.99S417.7 288 400 288z\"><\/path><\/svg>\n\t\t\t\t\t\t\t<\/span>\n\t\t\t<h3 class=\"uagb-question\">Welchen Tequila sollte ich kaufen?<\/h3><\/div><div class=\"uagb-faq-content\"><p>Nun, das ist ganz einfach: Padre Azul, nat\u00fcrlich! Wenn Sie jedoch nicht sicher sind, ob Sie sich f\u00fcr Padre Azul Blanco (Silver in den USA), Reposado oder A\u00f1ejo entscheiden sollen, dann probieren Sie doch unsere <a href=\"https:\/\/padreazul.com\/de\/?post_type=product&amp;p=8646\" target=\"_blank\" rel=\"noreferrer noopener\">Padre Mini Tasting Box<\/a>. Aber im Ernst: Wenn Sie Tequila kaufen, empfehlen wir Ihnen, nur Tequila aus 100% Agave zu kaufen. Wenn kein &#8220;100%&#8221; auf der Flasche steht&#8230; lassen Sie die Finger davon! Es handelt sich um einen Mixto-Tequila, der m\u00f6glicherweise nur 51% Agave enth\u00e4lt, w\u00e4hrend der Rest aus einer anderen Zuckerquelle bestehen k\u00f6nnte.    <\/p><\/div><\/div><div class=\"wp-block-uagb-faq-child uagb-faq-child__outer-wrap uagb-faq-item uagb-block-ff4d3f0c \" role=\"tab\" tabindex=\"0\"><div class=\"uagb-faq-questions-button uagb-faq-questions\">\t\t\t<span class=\"uagb-icon uagb-faq-icon-wrap\">\n\t\t\t\t\t\t\t\t<svg xmlns=\"https:\/\/www.w3.org\/2000\/svg\" viewBox= \"0 0 448 512\"><path d=\"M432 256c0 17.69-14.33 32.01-32 32.01H256v144c0 17.69-14.33 31.99-32 31.99s-32-14.3-32-31.99v-144H48c-17.67 0-32-14.32-32-32.01s14.33-31.99 32-31.99H192v-144c0-17.69 14.33-32.01 32-32.01s32 14.32 32 32.01v144h144C417.7 224 432 238.3 432 256z\"><\/path><\/svg>\n\t\t\t\t\t\t\t<\/span>\n\t\t\t\t\t\t<span class=\"uagb-icon-active uagb-faq-icon-wrap\">\n\t\t\t\t\t\t\t\t<svg xmlns=\"https:\/\/www.w3.org\/2000\/svg\" viewBox= \"0 0 448 512\"><path d=\"M400 288h-352c-17.69 0-32-14.32-32-32.01s14.31-31.99 32-31.99h352c17.69 0 32 14.3 32 31.99S417.7 288 400 288z\"><\/path><\/svg>\n\t\t\t\t\t\t\t<\/span>\n\t\t\t<h3 class=\"uagb-question\">Warum das Flaschendesign?<\/h3><\/div><div class=\"uagb-faq-content\"><p>Unser Flaschendesign ist eine Referenz an die mexikanische Kultur und das mexikanische Erbe. In anderen Kulturen mag der Totenkopf als furchterregend gelten, aber in Mexiko steht er f\u00fcr ewige Freundschaft. Im Gro\u00dfen und Ganzen ist es das Wichtigste im Leben, ZEIT mit Familie und Freunden zu verbringen, nicht wahr? Das einzigartige Flaschendesign von Padre Azul soll Sie daran erinnern und unser hochwertiger Sipping Tequila ist genau das Richtige, um die gemeinsame Zeit au\u00dfergew\u00f6hnlich zu machen.   <\/p><\/div><\/div><div class=\"wp-block-uagb-faq-child uagb-faq-child__outer-wrap uagb-faq-item uagb-block-b55ca26c \" role=\"tab\" tabindex=\"0\"><div class=\"uagb-faq-questions-button uagb-faq-questions\">\t\t\t<span class=\"uagb-icon uagb-faq-icon-wrap\">\n\t\t\t\t\t\t\t\t<svg xmlns=\"https:\/\/www.w3.org\/2000\/svg\" viewBox= \"0 0 448 512\"><path d=\"M432 256c0 17.69-14.33 32.01-32 32.01H256v144c0 17.69-14.33 31.99-32 31.99s-32-14.3-32-31.99v-144H48c-17.67 0-32-14.32-32-32.01s14.33-31.99 32-31.99H192v-144c0-17.69 14.33-32.01 32-32.01s32 14.32 32 32.01v144h144C417.7 224 432 238.3 432 256z\"><\/path><\/svg>\n\t\t\t\t\t\t\t<\/span>\n\t\t\t\t\t\t<span class=\"uagb-icon-active uagb-faq-icon-wrap\">\n\t\t\t\t\t\t\t\t<svg xmlns=\"https:\/\/www.w3.org\/2000\/svg\" viewBox= \"0 0 448 512\"><path d=\"M400 288h-352c-17.69 0-32-14.32-32-32.01s14.31-31.99 32-31.99h352c17.69 0 32 14.3 32 31.99S417.7 288 400 288z\"><\/path><\/svg>\n\t\t\t\t\t\t\t<\/span>\n\t\t\t<h3 class=\"uagb-question\">Was l\u00e4sst sich gut mit Tequila kombinieren?<\/h3><\/div><div class=\"uagb-faq-content\"><p>Tequila ist eine vielseitige Spirituose, die auf viele Arten genossen werden kann. Wir bevorzugen es, Tequila pur zu genie\u00dfen &#8211; ohne Limette, ohne Salz, ohne Bullsh*t. F\u00fcr Cocktails empfehlen wir unseren <a href=\"https:\/\/padreazul.com\/de\/?post_type=product&amp;p=8708\" target=\"_blank\" rel=\"noreferrer noopener\">Padrecito Tequila<\/a>. In Zusammenarbeit mit David Rios, dem mehrfach ausgezeichneten Bartending Weltmeister, haben wir diesen Tequila entwickelt, um Ihren Lieblingscocktail zu verfeinern.    <strong>Aber die beste Kombination ist immer noch: Sie und Ihre Lieblingsmenschen.<\/strong><\/p><\/div><\/div><div class=\"wp-block-uagb-faq-child uagb-faq-child__outer-wrap uagb-faq-item uagb-block-257eb463 \" role=\"tab\" tabindex=\"0\"><div class=\"uagb-faq-questions-button uagb-faq-questions\">\t\t\t<span class=\"uagb-icon uagb-faq-icon-wrap\">\n\t\t\t\t\t\t\t\t<svg xmlns=\"https:\/\/www.w3.org\/2000\/svg\" viewBox= \"0 0 448 512\"><path d=\"M432 256c0 17.69-14.33 32.01-32 32.01H256v144c0 17.69-14.33 31.99-32 31.99s-32-14.3-32-31.99v-144H48c-17.67 0-32-14.32-32-32.01s14.33-31.99 32-31.99H192v-144c0-17.69 14.33-32.01 32-32.01s32 14.32 32 32.01v144h144C417.7 224 432 238.3 432 256z\"><\/path><\/svg>\n\t\t\t\t\t\t\t<\/span>\n\t\t\t\t\t\t<span class=\"uagb-icon-active uagb-faq-icon-wrap\">\n\t\t\t\t\t\t\t\t<svg xmlns=\"https:\/\/www.w3.org\/2000\/svg\" viewBox= \"0 0 448 512\"><path d=\"M400 288h-352c-17.69 0-32-14.32-32-32.01s14.31-31.99 32-31.99h352c17.69 0 32 14.3 32 31.99S417.7 288 400 288z\"><\/path><\/svg>\n\t\t\t\t\t\t\t<\/span>\n\t\t\t<h3 class=\"uagb-question\">Was ist der Unterschied zwischen Tequila und Mezcal?<\/h3><\/div><div class=\"uagb-faq-content\"><p>Mezcal kann als der gro\u00dfe Bruder des Tequila betrachtet werden. Es handelt sich um unterschiedliche Spirituosen, die beide eine gesch\u00fctzte Ursprungsbezeichnung haben. Tequila wird in der Regel durch D\u00e4mpfen der Agave in \u00d6fen hergestellt, bevor er zweimal in Kupferkesseln destilliert wird. Mezcal hingegen wird in Erdgruben gekocht, die mit Lavagestein ausgekleidet und mit Holz und Holzkohle gef\u00fcllt sind, bevor er in Tongef\u00e4\u00dfen destilliert wird. Au\u00dferdem wird Tequila nur aus blauer Agave hergestellt, w\u00e4hrend Mezcal aus anderen Agavenarten gewonnen wird.    <\/p><\/div><\/div><div class=\"wp-block-uagb-faq-child uagb-faq-child__outer-wrap uagb-faq-item uagb-block-b562776e \" role=\"tab\" tabindex=\"0\"><div class=\"uagb-faq-questions-button uagb-faq-questions\">\t\t\t<span class=\"uagb-icon uagb-faq-icon-wrap\">\n\t\t\t\t\t\t\t\t<svg xmlns=\"https:\/\/www.w3.org\/2000\/svg\" viewBox= \"0 0 448 512\"><path d=\"M432 256c0 17.69-14.33 32.01-32 32.01H256v144c0 17.69-14.33 31.99-32 31.99s-32-14.3-32-31.99v-144H48c-17.67 0-32-14.32-32-32.01s14.33-31.99 32-31.99H192v-144c0-17.69 14.33-32.01 32-32.01s32 14.32 32 32.01v144h144C417.7 224 432 238.3 432 256z\"><\/path><\/svg>\n\t\t\t\t\t\t\t<\/span>\n\t\t\t\t\t\t<span class=\"uagb-icon-active uagb-faq-icon-wrap\">\n\t\t\t\t\t\t\t\t<svg xmlns=\"https:\/\/www.w3.org\/2000\/svg\" viewBox= \"0 0 448 512\"><path d=\"M400 288h-352c-17.69 0-32-14.32-32-32.01s14.31-31.99 32-31.99h352c17.69 0 32 14.3 32 31.99S417.7 288 400 288z\"><\/path><\/svg>\n\t\t\t\t\t\t\t<\/span>\n\t\t\t<h3 class=\"uagb-question\">Gibt es einen Wurm in Padre Azul Tequila?<\/h3><\/div><div class=\"uagb-faq-content\"><p>Nein, Tequila soll keinen Wurm in sich tragen! Dieser Mythos wurde in den 1950er Jahren als Teil einer Marketingstrategie von einigen Mezcal-Marken geschaffen, die behaupteten, der Wurm habe magische Kr\u00e4fte oder k\u00f6nne als Aphrodisiakum verwendet werden. Hatten sie Recht? Wer wei\u00df das schon! Was wir aber wissen, ist, dass hochwertiger Tequila oder Mezcal normalerweise keinen Wurm in der Flasche hat.    <\/p><\/div><\/div><div class=\"wp-block-uagb-faq-child uagb-faq-child__outer-wrap uagb-faq-item uagb-block-6dfe049b \" role=\"tab\" tabindex=\"0\"><div class=\"uagb-faq-questions-button uagb-faq-questions\">\t\t\t<span class=\"uagb-icon uagb-faq-icon-wrap\">\n\t\t\t\t\t\t\t\t<svg xmlns=\"https:\/\/www.w3.org\/2000\/svg\" viewBox= \"0 0 448 512\"><path d=\"M432 256c0 17.69-14.33 32.01-32 32.01H256v144c0 17.69-14.33 31.99-32 31.99s-32-14.3-32-31.99v-144H48c-17.67 0-32-14.32-32-32.01s14.33-31.99 32-31.99H192v-144c0-17.69 14.33-32.01 32-32.01s32 14.32 32 32.01v144h144C417.7 224 432 238.3 432 256z\"><\/path><\/svg>\n\t\t\t\t\t\t\t<\/span>\n\t\t\t\t\t\t<span class=\"uagb-icon-active uagb-faq-icon-wrap\">\n\t\t\t\t\t\t\t\t<svg xmlns=\"https:\/\/www.w3.org\/2000\/svg\" viewBox= \"0 0 448 512\"><path d=\"M400 288h-352c-17.69 0-32-14.32-32-32.01s14.31-31.99 32-31.99h352c17.69 0 32 14.3 32 31.99S417.7 288 400 288z\"><\/path><\/svg>\n\t\t\t\t\t\t\t<\/span>\n\t\t\t<h3 class=\"uagb-question\">Welche Gl\u00e4ser sollte man f\u00fcr hochwertigen Tequila verwenden?<\/h3><\/div><div class=\"uagb-faq-content\"><p>F\u00fcr unseren Sipping Tequila empfehlen wir unsere Tasting Gl\u00e4ser:<br>Das Glas spielt eine entscheidende Rolle beim Tequila-Genuss und mit den richtigen Gl\u00e4sern k\u00f6nnen Sie den vollen Geschmack Ihres hochwertigen Tequilas genie\u00dfen. F\u00fcr A\u00f1ejo k\u00f6nnen Sie auch einen klassischen Whiskey-Tumbler oder, was am einfachsten ist, ein Wei\u00dfweinglas verwenden.  <\/p><\/div><\/div><\/div>","protected":false},"excerpt":{"rendered":"","protected":false},"author":4,"featured_media":0,"parent":0,"menu_order":0,"comment_status":"closed","ping_status":"closed","template":"","meta":{"content-type":"","_uag_custom_page_level_css":"","site-sidebar-layout":"default","site-content-layout":"","ast-site-content-layout":"full-width-container","site-content-style":"default","site-sidebar-style":"default","ast-global-header-display":"","ast-banner-title-visibility":"","ast-main-header-display":"","ast-hfb-above-header-display":"","ast-hfb-below-header-display":"","ast-hfb-mobile-header-display":"","site-post-title":"disabled","ast-breadcrumbs-content":"","ast-featured-img":"","footer-sml-layout":"","ast-disable-related-posts":"","theme-transparent-header-meta":"","adv-header-id-meta":"","stick-header-meta":"","header-above-stick-meta":"","header-main-stick-meta":"","header-below-stick-meta":"","astra-migrate-meta-layouts":"default","ast-page-background-enabled":"default","ast-page-background-meta":{"desktop":{"background-color":"","background-image":"","background-repeat":"repeat","background-position":"center center","background-size":"auto","background-attachment":"scroll","background-type":"","background-media":"","overlay-type":"","overlay-color":"","overlay-opacity":"","overlay-gradient":""},"tablet":{"background-color":"","background-image":"","background-repeat":"repeat","background-position":"center center","background-size":"auto","background-attachment":"scroll","background-type":"","background-media":"","overlay-type":"","overlay-color":"","overlay-opacity":"","overlay-gradient":""},"mobile":{"background-color":"","background-image":"","background-repeat":"repeat","background-position":"center center","background-size":"auto","background-attachment":"scroll","background-type":"","background-media":"","overlay-type":"","overlay-color":"","overlay-opacity":"","overlay-gradient":""}},"ast-content-background-meta":{"desktop":{"background-color":"var(--ast-global-color-5)","background-image":"","background-repeat":"repeat","background-position":"center center","background-size":"auto","background-attachment":"scroll","background-type":"","background-media":"","overlay-type":"","overlay-color":"","overlay-opacity":"","overlay-gradient":""},"tablet":{"background-color":"var(--ast-global-color-5)","background-image":"","background-repeat":"repeat","background-position":"center center","background-size":"auto","background-attachment":"scroll","background-type":"","background-media":"","overlay-type":"","overlay-color":"","overlay-opacity":"","overlay-gradient":""},"mobile":{"background-color":"var(--ast-global-color-5)","background-image":"","background-repeat":"repeat","background-position":"center center","background-size":"auto","background-attachment":"scroll","background-type":"","background-media":"","overlay-type":"","overlay-color":"","overlay-opacity":"","overlay-gradient":""}},"footnotes":""},"class_list":["post-8537","page","type-page","status-publish","hentry"],"uagb_featured_image_src":{"full":false,"thumbnail":false,"medium":false,"medium_large":false,"large":false,"product_image_size":false,"product_image_size_small":false,"1536x1536":false,"2048x2048":false,"woocommerce_thumbnail":false,"woocommerce_single":false,"woocommerce_gallery_thumbnail":false},"uagb_author_info":{"display_name":"Ramon","author_link":"https:\/\/padreazul.com\/de\/author\/florian_springer\/"},"uagb_comment_info":0,"uagb_excerpt":null,"_links":{"self":[{"href":"https:\/\/padreazul.com\/de\/wp-json\/wp\/v2\/pages\/8537","targetHints":{"allow":["GET"]}}],"collection":[{"href":"https:\/\/padreazul.com\/de\/wp-json\/wp\/v2\/pages"}],"about":[{"href":"https:\/\/padreazul.com\/de\/wp-json\/wp\/v2\/types\/page"}],"author":[{"embeddable":true,"href":"https:\/\/padreazul.com\/de\/wp-json\/wp\/v2\/users\/4"}],"replies":[{"embeddable":true,"href":"https:\/\/padreazul.com\/de\/wp-json\/wp\/v2\/comments?post=8537"}],"version-history":[{"count":0,"href":"https:\/\/padreazul.com\/de\/wp-json\/wp\/v2\/pages\/8537\/revisions"}],"wp:attachment":[{"href":"https:\/\/padreazul.com\/de\/wp-json\/wp\/v2\/media?parent=8537"}],"curies":[{"name":"wp","href":"https:\/\/api.w.org\/{rel}","templated":true}]}}