{"id":8564,"date":"2023-10-09T10:44:49","date_gmt":"2023-10-09T08:44:49","guid":{"rendered":"https:\/\/padreazul.com\/versand-%f0%9f%93%a6-kosten-laender-dauer\/"},"modified":"2024-11-29T10:18:30","modified_gmt":"2024-11-29T09:18:30","slug":"versand-%f0%9f%93%a6-kosten-laender-dauer","status":"publish","type":"page","link":"https:\/\/padreazul.com\/de\/versand-%f0%9f%93%a6-kosten-laender-dauer\/","title":{"rendered":"Versand \ud83d\udce6 Kosten, L\u00e4nder, Dauer"},"content":{"rendered":"\n<div class=\"wp-block-uagb-image aligncenter uagb-block-fcf94a5a wp-block-uagb-image--layout-default wp-block-uagb-image--effect-static wp-block-uagb-image--align-center\"><figure class=\"wp-block-uagb-image__figure\"><img decoding=\"async\" srcset=\"https:\/\/padreazul.com\/wp-content\/uploads\/2024\/01\/shipping-1-1024x415.webp ,https:\/\/padreazul.com\/wp-content\/uploads\/2024\/01\/shipping-1.webp 780w, https:\/\/padreazul.com\/wp-content\/uploads\/2024\/01\/shipping-1.webp 360w\" sizes=\"auto, (max-width: 480px) 150px\" src=\"https:\/\/padreazul.com\/wp-content\/uploads\/2024\/01\/shipping-1-1024x415.webp\" alt=\"\" class=\"uag-image-5339\" width=\"630\" height=\"255\" title=\"\" loading=\"lazy\" role=\"img\"\/><\/figure><\/div>\n\n\n<div class=\"wp-block-uagb-faq uagb-faq__outer-wrap uagb-block-db041811 uagb-faq-icon-row-reverse uagb-faq-layout-accordion uagb-faq-expand-first-false uagb-faq-inactive-other-true uagb-faq__wrap uagb-buttons-layout-wrap uagb-faq-equal-height     \" data-faqtoggle=\"true\" role=\"tablist\"><div class=\"wp-block-uagb-faq-child uagb-faq-child__outer-wrap uagb-faq-item uagb-block-c1eadb31 wp-block-uagb-faq-child uagb-faq-child__outer-wrap uagb-faq-item uagb-block-c1eadb31\" role=\"tab\" tabindex=\"0\"><div class=\"uagb-faq-questions-button uagb-faq-questions\">\t\t\t<span class=\"uagb-icon uagb-faq-icon-wrap\">\n\t\t\t\t\t\t\t\t<svg xmlns=\"https:\/\/www.w3.org\/2000\/svg\" viewBox= \"0 0 448 512\"><path d=\"M432 256c0 17.69-14.33 32.01-32 32.01H256v144c0 17.69-14.33 31.99-32 31.99s-32-14.3-32-31.99v-144H48c-17.67 0-32-14.32-32-32.01s14.33-31.99 32-31.99H192v-144c0-17.69 14.33-32.01 32-32.01s32 14.32 32 32.01v144h144C417.7 224 432 238.3 432 256z\"><\/path><\/svg>\n\t\t\t\t\t\t\t<\/span>\n\t\t\t\t\t\t<span class=\"uagb-icon-active uagb-faq-icon-wrap\">\n\t\t\t\t\t\t\t\t<svg xmlns=\"https:\/\/www.w3.org\/2000\/svg\" viewBox= \"0 0 448 512\"><path d=\"M400 288h-352c-17.69 0-32-14.32-32-32.01s14.31-31.99 32-31.99h352c17.69 0 32 14.3 32 31.99S417.7 288 400 288z\"><\/path><\/svg>\n\t\t\t\t\t\t\t<\/span>\n\t\t\t<h3 class=\"uagb-question\">In welche L\u00e4nder liefern Sie?<\/h3><\/div><div class=\"uagb-faq-content\"><p>Wir liefern in alle L\u00e4nder, die Mitglied der EU sind. Derzeit sind dies die folgenden: <br>\ud83c\udde6\ud83c\uddf9 \u00d6sterreich<br>\ud83c\udde7\ud83c\uddea Belgien<br>\ud83c\udde7\ud83c\uddec Bulgarien<br>\ud83c\udded\ud83c\uddf7 Kroatien<br>\ud83c\udde8\ud83c\uddfe Zypern<br>\ud83c\udde8\ud83c\uddff Tschechische Republik<br>\ud83c\udde9\ud83c\uddf0 D\u00e4nemark<br>\ud83c\uddea\ud83c\uddea Estland<br>\ud83c\uddeb\ud83c\uddee Finnland<br>\ud83c\uddeb\ud83c\uddf7 Frankreich<br>\ud83c\udde9\ud83c\uddea Deutschland<br>\ud83c\uddec\ud83c\uddf7 Griechenland<br>\ud83c\udded\ud83c\uddfa Ungarn<br>\ud83c\uddee\ud83c\uddea Irland<br>\ud83c\uddee\ud83c\uddf9 Italien<br>\ud83c\uddf1\ud83c\uddfb Lettland<br>\ud83c\uddf1\ud83c\uddf9 Litauen<br>\ud83c\uddf1\ud83c\uddfa Luxemburg<br>\ud83c\uddf2\ud83c\uddf9 Malta<br>\ud83c\uddf3\ud83c\uddf1 Niederlande<br>\ud83c\uddf5\ud83c\uddf1 Polen<br>\ud83c\uddf5\ud83c\uddf9 Portugal<br>\ud83c\uddf7\ud83c\uddf4 Rum\u00e4nien<br>\ud83c\uddf8\ud83c\uddf0 Slowakei<br>\ud83c\uddf8\ud83c\uddee Slowenien<br>\ud83c\uddea\ud83c\uddf8 Spanien<br>\ud83c\uddf8\ud83c\uddea Schweden<br><br>In den folgenden L\u00e4ndern haben wir einen lokalen Partner mit einem eigenen Online-Shop:<br><a href=\"https:\/\/usa.padreazul.com\/home.html\" target=\"_blank\" rel=\"noreferrer noopener\">\ud83c\uddfa\ud83c\uddf8 USA  <\/a><br><a href=\"https:\/\/www.ilgusto.com\/pages\/padre-azul\" target=\"_blank\" rel=\"noreferrer noopener\">\ud83c\uddec\ud83c\udde7 Vereinigtes K\u00f6nigreich<\/a><br><a href=\"https:\/\/www.sga-gmbh.ch\/category\/spirituosen\" target=\"_blank\" rel=\"noreferrer noopener\">\ud83c\udde8\ud83c\udded Schweiz<\/a><\/p><\/div><\/div><div class=\"wp-block-uagb-faq-child uagb-faq-child__outer-wrap uagb-faq-item uagb-block-efb2c721 wp-block-uagb-faq-child uagb-faq-child__outer-wrap uagb-faq-item uagb-block-efb2c721\" role=\"tab\" tabindex=\"0\"><div class=\"uagb-faq-questions-button uagb-faq-questions\">\t\t\t<span class=\"uagb-icon uagb-faq-icon-wrap\">\n\t\t\t\t\t\t\t\t<svg xmlns=\"https:\/\/www.w3.org\/2000\/svg\" viewBox= \"0 0 448 512\"><path d=\"M432 256c0 17.69-14.33 32.01-32 32.01H256v144c0 17.69-14.33 31.99-32 31.99s-32-14.3-32-31.99v-144H48c-17.67 0-32-14.32-32-32.01s14.33-31.99 32-31.99H192v-144c0-17.69 14.33-32.01 32-32.01s32 14.32 32 32.01v144h144C417.7 224 432 238.3 432 256z\"><\/path><\/svg>\n\t\t\t\t\t\t\t<\/span>\n\t\t\t\t\t\t<span class=\"uagb-icon-active uagb-faq-icon-wrap\">\n\t\t\t\t\t\t\t\t<svg xmlns=\"https:\/\/www.w3.org\/2000\/svg\" viewBox= \"0 0 448 512\"><path d=\"M400 288h-352c-17.69 0-32-14.32-32-32.01s14.31-31.99 32-31.99h352c17.69 0 32 14.3 32 31.99S417.7 288 400 288z\"><\/path><\/svg>\n\t\t\t\t\t\t\t<\/span>\n\t\t\t<h3 class=\"uagb-question\">Wie viel kostet der Versand?<\/h3><\/div><div class=\"uagb-faq-content\"><p>Unsere Versandkosten richten sich nach dem Gewicht Ihrer Bestellung und dem Versandziel. Die Versandkosten beginnen bei \u20ac3,85. Der Versand f\u00fcr Bestellungen mit Lieferadressen in \u00d6sterreich und Deutschland \u00fcber \u20ac100 ist kostenlos.  <\/p><\/div><\/div><div class=\"wp-block-uagb-faq-child uagb-faq-child__outer-wrap uagb-faq-item uagb-block-ea73e1db wp-block-uagb-faq-child uagb-faq-child__outer-wrap uagb-faq-item uagb-block-ea73e1db\" role=\"tab\" tabindex=\"0\"><div class=\"uagb-faq-questions-button uagb-faq-questions\">\t\t\t<span class=\"uagb-icon uagb-faq-icon-wrap\">\n\t\t\t\t\t\t\t\t<svg xmlns=\"https:\/\/www.w3.org\/2000\/svg\" viewBox= \"0 0 448 512\"><path d=\"M432 256c0 17.69-14.33 32.01-32 32.01H256v144c0 17.69-14.33 31.99-32 31.99s-32-14.3-32-31.99v-144H48c-17.67 0-32-14.32-32-32.01s14.33-31.99 32-31.99H192v-144c0-17.69 14.33-32.01 32-32.01s32 14.32 32 32.01v144h144C417.7 224 432 238.3 432 256z\"><\/path><\/svg>\n\t\t\t\t\t\t\t<\/span>\n\t\t\t\t\t\t<span class=\"uagb-icon-active uagb-faq-icon-wrap\">\n\t\t\t\t\t\t\t\t<svg xmlns=\"https:\/\/www.w3.org\/2000\/svg\" viewBox= \"0 0 448 512\"><path d=\"M400 288h-352c-17.69 0-32-14.32-32-32.01s14.31-31.99 32-31.99h352c17.69 0 32 14.3 32 31.99S417.7 288 400 288z\"><\/path><\/svg>\n\t\t\t\t\t\t\t<\/span>\n\t\t\t<h3 class=\"uagb-question\">Bieten Sie kostenlosen Versand an?<\/h3><\/div><div class=\"uagb-faq-content\"><p>Ja, wir bieten kostenlosen Versand f\u00fcr alle Bestellungen \u00fcber \u20ac100 in \u00d6sterreich und Deutschland. Die Versandkosten f\u00fcr andere L\u00e4nder werden nach dem Gewicht des Pakets berechnet. <\/p><\/div><\/div><div class=\"wp-block-uagb-faq-child uagb-faq-child__outer-wrap uagb-faq-item uagb-block-9955da8b wp-block-uagb-faq-child uagb-faq-child__outer-wrap uagb-faq-item uagb-block-9955da8b\" role=\"tab\" tabindex=\"0\"><div class=\"uagb-faq-questions-button uagb-faq-questions\">\t\t\t<span class=\"uagb-icon uagb-faq-icon-wrap\">\n\t\t\t\t\t\t\t\t<svg xmlns=\"https:\/\/www.w3.org\/2000\/svg\" viewBox= \"0 0 448 512\"><path d=\"M432 256c0 17.69-14.33 32.01-32 32.01H256v144c0 17.69-14.33 31.99-32 31.99s-32-14.3-32-31.99v-144H48c-17.67 0-32-14.32-32-32.01s14.33-31.99 32-31.99H192v-144c0-17.69 14.33-32.01 32-32.01s32 14.32 32 32.01v144h144C417.7 224 432 238.3 432 256z\"><\/path><\/svg>\n\t\t\t\t\t\t\t<\/span>\n\t\t\t\t\t\t<span class=\"uagb-icon-active uagb-faq-icon-wrap\">\n\t\t\t\t\t\t\t\t<svg xmlns=\"https:\/\/www.w3.org\/2000\/svg\" viewBox= \"0 0 448 512\"><path d=\"M400 288h-352c-17.69 0-32-14.32-32-32.01s14.31-31.99 32-31.99h352c17.69 0 32 14.3 32 31.99S417.7 288 400 288z\"><\/path><\/svg>\n\t\t\t\t\t\t\t<\/span>\n\t\t\t<h3 class=\"uagb-question\">Von wo aus schicken Sie Ihre Pakete?<\/h3><\/div><div class=\"uagb-faq-content\"><p>Wir haben ein Lager in \u00d6sterreich und in Deutschland. Je nach Lieferadresse und verf\u00fcgbarem Bestand in diesen Lagern entscheiden wir, von welchem wir Ihre Bestellung versenden. <\/p><\/div><\/div><div class=\"wp-block-uagb-faq-child uagb-faq-child__outer-wrap uagb-faq-item uagb-block-964636cc wp-block-uagb-faq-child uagb-faq-child__outer-wrap uagb-faq-item uagb-block-964636cc\" role=\"tab\" tabindex=\"0\"><div class=\"uagb-faq-questions-button uagb-faq-questions\">\t\t\t<span class=\"uagb-icon uagb-faq-icon-wrap\">\n\t\t\t\t\t\t\t\t<svg xmlns=\"https:\/\/www.w3.org\/2000\/svg\" viewBox= \"0 0 448 512\"><path d=\"M432 256c0 17.69-14.33 32.01-32 32.01H256v144c0 17.69-14.33 31.99-32 31.99s-32-14.3-32-31.99v-144H48c-17.67 0-32-14.32-32-32.01s14.33-31.99 32-31.99H192v-144c0-17.69 14.33-32.01 32-32.01s32 14.32 32 32.01v144h144C417.7 224 432 238.3 432 256z\"><\/path><\/svg>\n\t\t\t\t\t\t\t<\/span>\n\t\t\t\t\t\t<span class=\"uagb-icon-active uagb-faq-icon-wrap\">\n\t\t\t\t\t\t\t\t<svg xmlns=\"https:\/\/www.w3.org\/2000\/svg\" viewBox= \"0 0 448 512\"><path d=\"M400 288h-352c-17.69 0-32-14.32-32-32.01s14.31-31.99 32-31.99h352c17.69 0 32 14.3 32 31.99S417.7 288 400 288z\"><\/path><\/svg>\n\t\t\t\t\t\t\t<\/span>\n\t\t\t<h3 class=\"uagb-question\">Wie lange dauert es, bis ich meine Bestellung erhalte?<\/h3><\/div><div class=\"uagb-faq-content\"><p>Wir behaupten, Ihre Bestellung innerhalb von maximal 5 Werktagen zu liefern, aber in den meisten F\u00e4llen k\u00f6nnen Sie Ihre Bestellung bereits innerhalb von 3 bis 4 Werktagen nach der Kasse genie\u00dfen.<\/p><\/div><\/div><div class=\"wp-block-uagb-faq-child uagb-faq-child__outer-wrap uagb-faq-item uagb-block-4b45645d wp-block-uagb-faq-child uagb-faq-child__outer-wrap uagb-faq-item uagb-block-4b45645d\" role=\"tab\" tabindex=\"0\"><div class=\"uagb-faq-questions-button uagb-faq-questions\">\t\t\t<span class=\"uagb-icon uagb-faq-icon-wrap\">\n\t\t\t\t\t\t\t\t<svg xmlns=\"https:\/\/www.w3.org\/2000\/svg\" viewBox= \"0 0 448 512\"><path d=\"M432 256c0 17.69-14.33 32.01-32 32.01H256v144c0 17.69-14.33 31.99-32 31.99s-32-14.3-32-31.99v-144H48c-17.67 0-32-14.32-32-32.01s14.33-31.99 32-31.99H192v-144c0-17.69 14.33-32.01 32-32.01s32 14.32 32 32.01v144h144C417.7 224 432 238.3 432 256z\"><\/path><\/svg>\n\t\t\t\t\t\t\t<\/span>\n\t\t\t\t\t\t<span class=\"uagb-icon-active uagb-faq-icon-wrap\">\n\t\t\t\t\t\t\t\t<svg xmlns=\"https:\/\/www.w3.org\/2000\/svg\" viewBox= \"0 0 448 512\"><path d=\"M400 288h-352c-17.69 0-32-14.32-32-32.01s14.31-31.99 32-31.99h352c17.69 0 32 14.3 32 31.99S417.7 288 400 288z\"><\/path><\/svg>\n\t\t\t\t\t\t\t<\/span>\n\t\t\t<h3 class=\"uagb-question\">Welcher Zustelldienst wird meine Bestellung liefern?<\/h3><\/div><div class=\"uagb-faq-content\"><p>Wir versenden alle unsere Pakete mit DPD oder DHL.<\/p><\/div><\/div><\/div>","protected":false},"excerpt":{"rendered":"","protected":false},"author":2,"featured_media":0,"parent":0,"menu_order":0,"comment_status":"closed","ping_status":"closed","template":"","meta":{"content-type":"","_uag_custom_page_level_css":"","site-sidebar-layout":"default","site-content-layout":"","ast-site-content-layout":"default","site-content-style":"default","site-sidebar-style":"default","ast-global-header-display":"","ast-banner-title-visibility":"","ast-main-header-display":"","ast-hfb-above-header-display":"","ast-hfb-below-header-display":"","ast-hfb-mobile-header-display":"","site-post-title":"disabled","ast-breadcrumbs-content":"","ast-featured-img":"","footer-sml-layout":"","ast-disable-related-posts":"","theme-transparent-header-meta":"","adv-header-id-meta":"","stick-header-meta":"","header-above-stick-meta":"","header-main-stick-meta":"","header-below-stick-meta":"","astra-migrate-meta-layouts":"set","ast-page-background-enabled":"default","ast-page-background-meta":{"desktop":{"background-color":"","background-image":"","background-repeat":"repeat","background-position":"center center","background-size":"auto","background-attachment":"scroll","background-type":"","background-media":"","overlay-type":"","overlay-color":"","overlay-opacity":"","overlay-gradient":""},"tablet":{"background-color":"","background-image":"","background-repeat":"repeat","background-position":"center center","background-size":"auto","background-attachment":"scroll","background-type":"","background-media":"","overlay-type":"","overlay-color":"","overlay-opacity":"","overlay-gradient":""},"mobile":{"background-color":"","background-image":"","background-repeat":"repeat","background-position":"center center","background-size":"auto","background-attachment":"scroll","background-type":"","background-media":"","overlay-type":"","overlay-color":"","overlay-opacity":"","overlay-gradient":""}},"ast-content-background-meta":{"desktop":{"background-color":"var(--ast-global-color-5)","background-image":"","background-repeat":"repeat","background-position":"center center","background-size":"auto","background-attachment":"scroll","background-type":"","background-media":"","overlay-type":"","overlay-color":"","overlay-opacity":"","overlay-gradient":""},"tablet":{"background-color":"var(--ast-global-color-5)","background-image":"","background-repeat":"repeat","background-position":"center center","background-size":"auto","background-attachment":"scroll","background-type":"","background-media":"","overlay-type":"","overlay-color":"","overlay-opacity":"","overlay-gradient":""},"mobile":{"background-color":"var(--ast-global-color-5)","background-image":"","background-repeat":"repeat","background-position":"center center","background-size":"auto","background-attachment":"scroll","background-type":"","background-media":"","overlay-type":"","overlay-color":"","overlay-opacity":"","overlay-gradient":""}},"footnotes":""},"class_list":["post-8564","page","type-page","status-publish","hentry"],"uagb_featured_image_src":{"full":false,"thumbnail":false,"medium":false,"medium_large":false,"large":false,"product_image_size":false,"product_image_size_small":false,"1536x1536":false,"2048x2048":false,"woocommerce_thumbnail":false,"woocommerce_single":false,"woocommerce_gallery_thumbnail":false},"uagb_author_info":{"display_name":"Wordpress Web-Crossing","author_link":"https:\/\/padreazul.com\/de\/author\/wordpress_webcrossing\/"},"uagb_comment_info":0,"uagb_excerpt":null,"_links":{"self":[{"href":"https:\/\/padreazul.com\/de\/wp-json\/wp\/v2\/pages\/8564","targetHints":{"allow":["GET"]}}],"collection":[{"href":"https:\/\/padreazul.com\/de\/wp-json\/wp\/v2\/pages"}],"about":[{"href":"https:\/\/padreazul.com\/de\/wp-json\/wp\/v2\/types\/page"}],"author":[{"embeddable":true,"href":"https:\/\/padreazul.com\/de\/wp-json\/wp\/v2\/users\/2"}],"replies":[{"embeddable":true,"href":"https:\/\/padreazul.com\/de\/wp-json\/wp\/v2\/comments?post=8564"}],"version-history":[{"count":0,"href":"https:\/\/padreazul.com\/de\/wp-json\/wp\/v2\/pages\/8564\/revisions"}],"wp:attachment":[{"href":"https:\/\/padreazul.com\/de\/wp-json\/wp\/v2\/media?parent=8564"}],"curies":[{"name":"wp","href":"https:\/\/api.w.org\/{rel}","templated":true}]}}