{"id":8569,"date":"2023-10-03T15:43:28","date_gmt":"2023-10-03T13:43:28","guid":{"rendered":"https:\/\/padreazul.com\/padrecito-tequila-blanco-%f0%9f%92%80-info\/"},"modified":"2024-11-27T11:36:29","modified_gmt":"2024-11-27T10:36:29","slug":"padrecito-tequila-blanco-%f0%9f%92%80-info","status":"publish","type":"page","link":"https:\/\/padreazul.com\/de\/padrecito-tequila-blanco-%f0%9f%92%80-info\/","title":{"rendered":"Padrecito Tequila Blanco Info"},"content":{"rendered":"\n<div class=\"wp-block-padre-blocks-product-display\"><div class=\"product-display\"><div class=\"product-title\"><div class=\"product-title-image\" style=\"max-height:200px\"><img decoding=\"async\" src=\"https:\/\/padreazul.com\/wp-content\/uploads\/2023\/10\/padrecito.svg\" alt=\"\"><\/div><\/div><div class=\"product-description\">Entdecken Sie Padrecito \u2013 eine wirklich einzigartige, gesundheitsbewusste Tequila-Marke, die durch ihre organische Herstellung, Koscher-Zertifizierung und niedrigen Kaloriengehalt hervorsticht. Padrecito wird ausschlie\u00dflich aus 100 % biologischem blauen Agaven hergestellt und vereint Reinheit und Wohlbefinden in perfekter Harmonie. Genie\u00dfen Sie einen geschmeidigen, nat\u00fcrlichen Geschmack, der die Essenz authentischer Qualit\u00e4t widerspiegelt. <\/div><div class=\"product-image\"><img decoding=\"async\" src=\"https:\/\/padreazul.com\/wp-content\/uploads\/2024\/11\/Padrecito-awards-417x900.png\" alt=\"\"><\/div><div class=\"product-link\"><a href=\"0\"><img decoding=\"async\" src=\"https:\/\/padreazul.com\/wp-content\/plugins\/padre-blocks\/build\/product-display\/..\/images\/SHOP_Magic.150098ff.gif\" alt=\"shop-link\"><\/a><\/div><\/div><\/div>\n\n<div style=\"height:100px\" aria-hidden=\"true\" class=\"wp-block-spacer\"><\/div>\n\n<div class=\"wp-block-padre-parallax alignfull\" data-speed=\"30\" data-height=\"50\" data-type=\"image\" style=\"--padre-section-height:50VH;--padre-section-height-mobile:50VH;--padre-element-height:150%\"><img decoding=\"async\" loading=\"lazy\" class=\"parallax-element\" src=\"https:\/\/padreazul.com\/wp-content\/uploads\/2023\/11\/david_erika_padrecito.webp\" srcset=\"image 600w, https:\/\/padreazul.com\/wp-content\/uploads\/2023\/11\/david_erika_padrecito.webp 1920w\" sizes=\"auto, (max-width: 600px) 600px, 1920px\" width=\"1920\" height=\"1080\" alt=\"Padre - Premium Tequila\"><\/div>\n\n<div class=\"wp-block-uagb-container uagb-block-e03f1c26 alignfull uagb-is-root-container\"><div class=\"uagb-container-inner-blocks-wrap\">\n<div class=\"wp-block-columns is-layout-flex wp-container-core-columns-is-layout-28f84493 wp-block-columns-is-layout-flex\">\n<div class=\"wp-block-column is-layout-flow wp-block-column-is-layout-flow\">\n<div class=\"wp-block-uagb-advanced-heading uagb-block-97144126\"><h2 class=\"uagb-heading-text\">Was ist Padrecito Tequila?<\/h2><\/div>\n\n\n\n<p>Padrecito wurde von dem weltbekannten Barkeeper David Rios in Zusammenarbeit mit Erika Sangeado, einer der wenigen weiblichen Master Distiller, kreiert. Dieses besondere Tequila ist f\u00fcr alle, die Geschmack und Gesundheit gleicherma\u00dfen sch\u00e4tzen. Mit seinem kalorienarmen Profil und der Koscher-Zertifizierung bietet Padrecito unbeschwerten Genuss in jeder Situation. Ob pur oder als Basis f\u00fcr Cocktails \u2013 mit Padrecito entscheiden Sie sich f\u00fcr au\u00dfergew\u00f6hnliche Qualit\u00e4t, die auch Ihr Wohlbefinden im Blick hat.  <\/p>\n\n\n\n<div class=\"wp-block-uagb-advanced-heading uagb-block-b743952a\"><h2 class=\"uagb-heading-text\">Warum Padrecito?<\/h2><\/div>\n\n\n\n<p>Ihre Suche nach einem wirklich reinen, biologischen Tequila hat hier ein Ende! Padrecito vereint Davids Expertise als Barkeeper mit Erikas meisterhafter Destillationskunst, um Ihnen einen Tequila zu bieten, der perfekt zum Mixen oder puren Genuss ausbalanciert ist. Mit seinem biologischen Anbau, der Koscher-Zertifizierung und dem kalorienarmen Profil steht Padrecito f\u00fcr gesundheitsbewussten Luxus.  <\/p>\n\n\n\n<p>Padrecito ist weit mehr als nur ein Tequila \u2013 es ist eine bewusste, nachhaltige Wahl, die authentischen Geschmack mit einem Fokus auf Wohlbefinden verbindet. Mit seiner hochwertigen Qualit\u00e4t, biologischen Reinheit und gesundheitsbewussten Eigenschaften wird Padrecito zum perfekten Highlight f\u00fcr jede Bar.  <\/p>\n\n\n\n<div class=\"wp-block-uagb-image uagb-block-0418f88b wp-block-uagb-image--layout-default wp-block-uagb-image--effect-static wp-block-uagb-image--align-none\"><figure class=\"wp-block-uagb-image__figure\"><img decoding=\"async\" srcset=\"https:\/\/padreazul.com\/wp-content\/uploads\/2023\/08\/line.svg ,https:\/\/padreazul.com\/wp-content\/uploads\/2023\/08\/line.svg 780w, https:\/\/padreazul.com\/wp-content\/uploads\/2023\/08\/line.svg 360w\" sizes=\"auto, (max-width: 480px) 150px\" src=\"https:\/\/padreazul.com\/wp-content\/uploads\/2023\/08\/line.svg\" alt=\"Unvollkommene wei\u00dfe Linie\" class=\"uag-image-2021\" width=\"681\" height=\"14\" title=\"\" loading=\"lazy\" role=\"img\"><\/figure><\/div>\n\n\n\n<div class=\"wp-block-uagb-advanced-heading uagb-block-65fb8f79\"><h3 class=\"uagb-heading-text\">&#8220;Der einzige Tequila, den Sie zum Mixen verwenden werden!&#8221;<\/h3><\/div>\n\n\n\n<p class=\"has-text-align-center\">David Rios &#8211; Weltmeister im Bartending<\/p>\n\n\n\n<div class=\"wp-block-uagb-image uagb-block-556138e9 wp-block-uagb-image--layout-default wp-block-uagb-image--effect-static wp-block-uagb-image--align-none\"><figure class=\"wp-block-uagb-image__figure\"><img decoding=\"async\" srcset=\"https:\/\/padreazul.com\/wp-content\/uploads\/2023\/08\/line.svg ,https:\/\/padreazul.com\/wp-content\/uploads\/2023\/08\/line.svg 780w, https:\/\/padreazul.com\/wp-content\/uploads\/2023\/08\/line.svg 360w\" sizes=\"auto, (max-width: 480px) 150px\" src=\"https:\/\/padreazul.com\/wp-content\/uploads\/2023\/08\/line.svg\" alt=\"Unvollkommene wei\u00dfe Linie\" class=\"uag-image-2021\" width=\"681\" height=\"14\" title=\"\" loading=\"lazy\" role=\"img\"><\/figure><\/div>\n\n\n\n<div class=\"wp-block-uagb-advanced-heading uagb-block-68c39698\"><h2 class=\"uagb-heading-text\">#sipit #pairit #mixit<\/h2><\/div>\n\n\n\n<p>Entdecken Sie Padrecito \u2013 einen Premium-Tequila Blanco, der mit au\u00dfergew\u00f6hnlicher Qualit\u00e4t und Authentizit\u00e4t \u00fcberzeugt. Hergestellt aus 100 % biologischem blauen Agaven, begeistert unser Tequila Blanco mit einem reinen, weichen Geschmack, zarten Noten frischer Agave und einem Hauch von Zitrus. Perfekt ausbalanciert und nachhaltig produziert, ist Padrecito ideal, um pur genossen oder Cocktails auf ein neues Niveau zu heben. Erleben Sie einen Tequila, der Luxus und das Versprechen biologischer Reinheit vereint!   <\/p>\n\n\n\n<div class=\"wp-block-uagb-image aligncenter uagb-block-b78ceae7 wp-block-uagb-image--layout-default wp-block-uagb-image--effect-static wp-block-uagb-image--align-center\"><figure class=\"wp-block-uagb-image__figure\"><a class=\"\" href=\"https:\/\/padreazul.com\/de\/?post_type=product&#038;p=8708\" target=\"\" rel=\"noopener\"><img decoding=\"async\" srcset=\"https:\/\/padreazul.com\/wp-content\/uploads\/2023\/08\/SHOP-AWARD.gif ,https:\/\/padreazul.com\/wp-content\/uploads\/2023\/08\/SHOP-AWARD.gif 780w, https:\/\/padreazul.com\/wp-content\/uploads\/2023\/08\/SHOP-AWARD.gif 360w\" sizes=\"auto, (max-width: 480px) 150px\" src=\"https:\/\/padreazul.com\/wp-content\/uploads\/2023\/08\/SHOP-AWARD.gif\" alt=\"Ein Kreis mit einem Einkaufswagen auf der Spitze. \u00dcber dem Einkaufswagen steht in Gro\u00dfbuchstaben \"Shop\". In der Mitte des Kreises steht \"Belohne dich\". Der Kreis sch\u00fcttelt sich, da es sich um ein Gif handelt, und f\u00fchrt zum Padre Azul-Onlineshop.\" class=\"uag-image-1529\" width=\"169\" height=\"207\" title=\"\" loading=\"lazy\" role=\"img\"><\/a><\/figure><\/div>\n<\/div>\n\n\n\n<div class=\"wp-block-column is-layout-flow wp-block-column-is-layout-flow\">\n<div class=\"wp-block-uagb-image aligncenter uagb-block-c6cc0409 wp-block-uagb-image--layout-default wp-block-uagb-image--effect-static wp-block-uagb-image--align-center sticky-image\"><figure class=\"wp-block-uagb-image__figure\"><img decoding=\"async\" srcset=\"https:\/\/padreazul.com\/wp-content\/uploads\/2023\/11\/david_rios_padrecito_vertical-682x1024.webp ,https:\/\/padreazul.com\/wp-content\/uploads\/2023\/11\/david_rios_padrecito_vertical.webp 780w, https:\/\/padreazul.com\/wp-content\/uploads\/2023\/11\/david_rios_padrecito_vertical.webp 360w\" sizes=\"auto, (max-width: 480px) 150px\" src=\"https:\/\/padreazul.com\/wp-content\/uploads\/2023\/11\/david_rios_padrecito_vertical-682x1024.webp\" alt=\"\" class=\"uag-image-4018\" width=\"350\" height=\"400\" title=\"\" loading=\"lazy\" role=\"img\"><\/figure><\/div>\n<\/div>\n<\/div>\n<\/div><\/div>\n\n<div style=\"height:83px\" aria-hidden=\"true\" class=\"wp-block-spacer\"><\/div>\n\n<div class=\"wp-block-uagb-advanced-heading uagb-block-92295e12\"><h2 class=\"uagb-heading-text\">Unsere Cocktails, kreiert von David Rios<\/h2><\/div>\n\n<div class=\"wp-block-uagb-slider uagb-block-8b62d46f uagb-slider-container\"><div class=\"uagb-slides uagb-swiper\"><div class=\"swiper-wrapper\">\n<div class=\"wp-block-uagb-slider-child uagb-slider-child-wrap swiper-slide uagb-block-c1f2c1b3\"><div class=\"swiper-content\">\n<div class=\"wp-block-uagb-container uagb-block-55c24814 alignfull uagb-is-root-container\"><div class=\"uagb-container-inner-blocks-wrap\">\n<div class=\"wp-block-uagb-info-box uagb-block-a4117e35 uagb-infobox__content-wrap  uagb-infobox-icon-above-title uagb-infobox-image-valign-top\"><div class=\"uagb-ifb-content\"><div class=\"uagb-ifb-image-content\"><img decoding=\"async\" src=\"https:\/\/padreazul.com\/wp-content\/uploads\/2023\/11\/padrecita-400x600.webp\" alt=\"\" width=\"\" height=\"0\" loading=\"lazy\"\/><\/div><div class=\"uagb-ifb-title-wrap\"><h2 class=\"uagb-ifb-title\">Padrecita<\/h2><\/div><div class=\"uagb-ifb-separator\"><\/div><p class=\"uagb-ifb-desc\">6cl Padrecito<br\/>2,5cl frischer Limettensaft<br\/>1,5cl Agavensirup<br\/>5-10cl Ingwerbier zum Auff\u00fcllen<br\/>Optional eine Prise Meersalz<br\/><br\/>Befeuchten Sie den Rand eines Highball-Glases mit einer Limettenscheibe und tauchen Sie ihn in einen Teller mit mexikanischem Meersalz. David Rios bevorzugt eine Mischung aus Kakao, Morita-Chili, Sesam und Hibiskusbl\u00fcten &#8211; aber normales Meersalz funktioniert genauso gut! Geben Sie alle Zutaten au\u00dfer dem Ingwerbier in einen Shaker und sch\u00fctteln Sie sie vorsichtig. Die Mischung in das vorbereitete Glas abseihen und mit kaltem Ginger Beer auff\u00fcllen. Garnieren Sie mit einer Zitronenschale und einigen frischen Minzbl\u00e4ttern. \u00a1Salud!     <\/p><\/div><\/div>\n<\/div><\/div>\n<\/div><\/div>\n\n\n\n<div class=\"wp-block-uagb-slider-child uagb-slider-child-wrap swiper-slide uagb-block-f8c3714d\"><div class=\"swiper-content\">\n<div class=\"wp-block-uagb-container uagb-block-db21b541 alignfull uagb-is-root-container\"><div class=\"uagb-container-inner-blocks-wrap\">\n<div class=\"wp-block-uagb-info-box uagb-block-7797cc6a uagb-infobox__content-wrap  uagb-infobox-icon-above-title uagb-infobox-image-valign-top\"><div class=\"uagb-ifb-content\"><div class=\"uagb-ifb-image-content\"><img decoding=\"async\" src=\"https:\/\/padreazul.com\/wp-content\/uploads\/2023\/11\/palomita-400x600.webp\" alt=\"\" width=\"\" height=\"0\" loading=\"lazy\"\/><\/div><div class=\"uagb-ifb-title-wrap\"><h2 class=\"uagb-ifb-title\">Palomita<\/h2><\/div><div class=\"uagb-ifb-separator\"><\/div><p class=\"uagb-ifb-desc\">5cl Padrecito<br\/>2cl Cherry Campari<br\/>1,5cl frischer rosa Grapefruitsaft<br\/>1,5cl Agavensirup<br\/>Grapefruit-Soda von London Essence zum Auff\u00fcllen<br\/><br\/>Geben Sie Padrecito, Cherry Campari, den Pink-Grapefruitsaft und Agavensirup in den Shaker und r\u00fchren Sie vorsichtig um. Die Mischung in ein Glas abseihen und mit dem Grapefruit-Soda auff\u00fcllen. Wenn Sie m\u00f6chten, k\u00f6nnen Sie auch eine Prise Salz hinzuf\u00fcgen und das Glas mit etwas Minze, einer Kirsche und einer Grapefruitspalte garnieren.  <\/p><\/div><\/div>\n<\/div><\/div>\n<\/div><\/div>\n\n\n\n<div class=\"wp-block-uagb-slider-child uagb-slider-child-wrap swiper-slide uagb-block-c672556e\"><div class=\"swiper-content\">\n<div class=\"wp-block-uagb-container uagb-block-75580a5b alignfull uagb-is-root-container\"><div class=\"uagb-container-inner-blocks-wrap\">\n<div class=\"wp-block-uagb-info-box uagb-block-818d95e2 uagb-infobox__content-wrap  uagb-infobox-icon-above-title uagb-infobox-image-valign-top\"><div class=\"uagb-ifb-content\"><div class=\"uagb-ifb-image-content\"><img decoding=\"async\" src=\"https:\/\/padreazul.com\/wp-content\/uploads\/2023\/11\/cantarito-503x600.webp\" alt=\"\" width=\"\" height=\"0\" loading=\"lazy\"\/><\/div><div class=\"uagb-ifb-title-wrap\"><h2 class=\"uagb-ifb-title\">Cantarito<\/h2><\/div><div class=\"uagb-ifb-separator\"><\/div><p class=\"uagb-ifb-desc\">6cl Padrecito<br\/>4,5cl Orangensaft<br\/>2cl Grapefruitsaft<br\/>1,5cl Limettensaft<br\/>Prise Salz<br\/>6cl &#8211; Pink Grapefruit Soda<br\/><br\/>F\u00fcllen Sie zun\u00e4chst den Shaker mit Padrecito, Orangensaft, Grapefruitsaft und Limettensaft. Geben Sie dann eine Prise Salz und Eisw\u00fcrfel hinzu und sch\u00fctteln Sie kr\u00e4ftig. Dann in eine Tasse abseihen und mit Pink Grapefruit Soda auff\u00fcllen. Garnieren, servieren und genie\u00dfen!   <\/p><\/div><\/div>\n<\/div><\/div>\n<\/div><\/div>\n\n\n\n<div class=\"wp-block-uagb-slider-child uagb-slider-child-wrap swiper-slide uagb-block-3eef0af6\"><div class=\"swiper-content\">\n<div class=\"wp-block-uagb-container uagb-block-ec3f1050 alignfull uagb-is-root-container\"><div class=\"uagb-container-inner-blocks-wrap\">\n<div class=\"wp-block-uagb-info-box uagb-block-7149bde7 uagb-infobox__content-wrap  uagb-infobox-icon-above-title uagb-infobox-image-valign-top\"><div class=\"uagb-ifb-content\"><div class=\"uagb-ifb-image-content\"><img decoding=\"async\" src=\"https:\/\/padreazul.com\/wp-content\/uploads\/2023\/11\/juanita-444x600.webp\" alt=\"\" width=\"\" height=\"0\" loading=\"lazy\"\/><\/div><div class=\"uagb-ifb-title-wrap\"><h2 class=\"uagb-ifb-title\">Juanita<\/h2><\/div><div class=\"uagb-ifb-separator\"><\/div><p class=\"uagb-ifb-desc\">4,5cl Padrecito<br\/>2cl Campari<br\/>2cl Roter Wermut La Quintinye Royal<br\/>0,5cl Pedro Ximenez Sherry<br\/>1 Spritzer Orangenbitter<br\/><br\/>Geben Sie einfach Padrecito, Campari und Red Vermouth sowie den Sherry in eine Glas. F\u00fcgen Sie Eisw\u00fcrfel hinzu und r\u00fchren Sie alles vorsichtig zusammen um. Dann seihen Sie dies in ein mit Eisw\u00fcrfeln gef\u00fclltes Glas ab. Verfeinern Sie den Drink mit einem Spritzer Orangenbitter und einer Orangenzeste. F\u00fcr Feinschmecker: eine Olive mit Rosmarin zum Garnieren!    <\/p><\/div><\/div>\n<\/div><\/div>\n<\/div><\/div>\n\n\n\n<div class=\"wp-block-uagb-slider-child uagb-slider-child-wrap swiper-slide uagb-block-50e33a01\"><div class=\"swiper-content\">\n<div class=\"wp-block-uagb-container uagb-block-4f650544 alignfull uagb-is-root-container\"><div class=\"uagb-container-inner-blocks-wrap\">\n<div class=\"wp-block-uagb-info-box uagb-block-9da33c0a uagb-infobox__content-wrap  uagb-infobox-icon-above-title uagb-infobox-image-valign-top\"><div class=\"uagb-ifb-content\"><div class=\"uagb-ifb-image-content\"><img decoding=\"async\" src=\"https:\/\/padreazul.com\/wp-content\/uploads\/2023\/11\/margarita-480x600.webp\" alt=\"\" width=\"\" height=\"0\" loading=\"lazy\"\/><\/div><div class=\"uagb-ifb-title-wrap\"><h2 class=\"uagb-ifb-title\">Margarita<\/h2><\/div><div class=\"uagb-ifb-separator\"><\/div><p class=\"uagb-ifb-desc\">3cl Padrecito<br\/>2cl frischer Limettensaft<br\/>1cl Orangenlik\u00f6r<br\/>Eine Prise Salz<br\/>Eine Limette zum Garnieren<br\/><br\/>Befeuchten Sie den Rand des Cocktailglases mit der Limette und tauchen Sie ihn in das Salz. F\u00fcllen Sie den Shaker mit crushed Eis, Padrecito, Limettensaft und Orangenlik\u00f6r und sch\u00fctteln Sie kr\u00e4ftig. Anschlie\u00dfend den Drink in das Glas abseihen und servieren.  <\/p><\/div><\/div>\n<\/div><\/div>\n<\/div><\/div>\n\n\n\n<div class=\"wp-block-uagb-slider-child uagb-slider-child-wrap swiper-slide uagb-block-a3959535\"><div class=\"swiper-content\">\n<div class=\"wp-block-uagb-container uagb-block-7c7ba238 alignfull uagb-is-root-container\"><div class=\"uagb-container-inner-blocks-wrap\">\n<div class=\"wp-block-uagb-info-box uagb-block-dee24c66 uagb-infobox__content-wrap  uagb-infobox-icon-above-title uagb-infobox-image-valign-top\"><div class=\"uagb-ifb-content\"><div class=\"uagb-ifb-image-content\"><img decoding=\"async\" src=\"https:\/\/padreazul.com\/wp-content\/uploads\/2023\/11\/batanga-367x600.webp\" alt=\"\" width=\"\" height=\"0\" loading=\"lazy\"\/><\/div><div class=\"uagb-ifb-title-wrap\"><h2 class=\"uagb-ifb-title\">Batanga<\/h2><\/div><p class=\"uagb-ifb-desc\">5cl Padrecito<br\/>1,5cl Limettensaft<br\/>15cl Cola<br\/>Limettenscheibe zum Garnieren<br\/>Eisw\u00fcrfel<br\/><br\/>F\u00fcllen Sie ein Highball-Glas mit Eisw\u00fcrfeln. Gie\u00dfen Sie den Limettensaft und Padrecito hinein und f\u00fcllen Sie den Rest mit Cola auf. R\u00fchren Sie einmal um und garnieren Sie mit der Limette.  <\/p><\/div><\/div>\n<\/div><\/div>\n<\/div><\/div>\n\n\n\n<div class=\"wp-block-uagb-slider-child uagb-slider-child-wrap swiper-slide uagb-block-40e0c9b7\"><div class=\"swiper-content\">\n<div class=\"wp-block-uagb-container uagb-block-2b2680fc alignfull uagb-is-root-container\"><div class=\"uagb-container-inner-blocks-wrap\">\n<div class=\"wp-block-uagb-info-box uagb-block-5a7521c5 uagb-infobox__content-wrap  uagb-infobox-icon-above-title uagb-infobox-image-valign-top\"><div class=\"uagb-ifb-content\"><div class=\"uagb-ifb-image-content\"><img decoding=\"async\" src=\"https:\/\/padreazul.com\/wp-content\/uploads\/2023\/11\/padresoda-400x600.webp\" alt=\"\" width=\"\" height=\"0\" loading=\"lazy\"\/><\/div><div class=\"uagb-ifb-title-wrap\"><h2 class=\"uagb-ifb-title\">Padre Soda<\/h2><\/div><div class=\"uagb-ifb-separator\"><\/div><p class=\"uagb-ifb-desc\">6cl Padrecito<br\/>Beliebige Menge Sodawasser zum Auff\u00fcllen<br\/>Limetten- oder Zitronenscheibe zum Garnieren<br\/><br\/>Kaum ein Getr\u00e4nk ist einfacher als ein Padrecito Soda! Gie\u00dfen Sie den Padrecito einfach in Ihr Lieblingsglas, geben Sie Soda dazu, pressen Sie eine Zitronen- oder Limettenscheibe ins Glas und geben Sie diese hinzu &#8211; fertig! <\/p><\/div><\/div>\n<\/div><\/div>\n<\/div><\/div>\n<\/div><\/div><div class=\"swiper-button-prev\"><\/div><div class=\"swiper-button-next\"><\/div><\/div>\n\n<div style=\"height:100px\" aria-hidden=\"true\" class=\"wp-block-spacer\"><\/div>\n","protected":false},"excerpt":{"rendered":"<p>Was ist Padrecito Tequila? Padrecito wurde von dem weltbekannten Barkeeper David Rios in Zusammenarbeit mit Erika Sangeado, einer der wenigen [&hellip;]<\/p>\n","protected":false},"author":2,"featured_media":0,"parent":0,"menu_order":0,"comment_status":"closed","ping_status":"closed","template":"","meta":{"content-type":"","_uag_custom_page_level_css":"","site-sidebar-layout":"default","site-content-layout":"","ast-site-content-layout":"full-width-container","site-content-style":"default","site-sidebar-style":"default","ast-global-header-display":"","ast-banner-title-visibility":"","ast-main-header-display":"","ast-hfb-above-header-display":"","ast-hfb-below-header-display":"","ast-hfb-mobile-header-display":"","site-post-title":"disabled","ast-breadcrumbs-content":"","ast-featured-img":"","footer-sml-layout":"","ast-disable-related-posts":"","theme-transparent-header-meta":"","adv-header-id-meta":"","stick-header-meta":"","header-above-stick-meta":"","header-main-stick-meta":"","header-below-stick-meta":"","astra-migrate-meta-layouts":"default","ast-page-background-enabled":"default","ast-page-background-meta":{"desktop":{"background-color":"","background-image":"","background-repeat":"repeat","background-position":"center center","background-size":"auto","background-attachment":"scroll","background-type":"","background-media":"","overlay-type":"","overlay-color":"","overlay-opacity":"","overlay-gradient":""},"tablet":{"background-color":"","background-image":"","background-repeat":"repeat","background-position":"center center","background-size":"auto","background-attachment":"scroll","background-type":"","background-media":"","overlay-type":"","overlay-color":"","overlay-opacity":"","overlay-gradient":""},"mobile":{"background-color":"","background-image":"","background-repeat":"repeat","background-position":"center center","background-size":"auto","background-attachment":"scroll","background-type":"","background-media":"","overlay-type":"","overlay-color":"","overlay-opacity":"","overlay-gradient":""}},"ast-content-background-meta":{"desktop":{"background-color":"var(--ast-global-color-5)","background-image":"","background-repeat":"repeat","background-position":"center center","background-size":"auto","background-attachment":"scroll","background-type":"","background-media":"","overlay-type":"","overlay-color":"","overlay-opacity":"","overlay-gradient":""},"tablet":{"background-color":"var(--ast-global-color-5)","background-image":"","background-repeat":"repeat","background-position":"center center","background-size":"auto","background-attachment":"scroll","background-type":"","background-media":"","overlay-type":"","overlay-color":"","overlay-opacity":"","overlay-gradient":""},"mobile":{"background-color":"var(--ast-global-color-5)","background-image":"","background-repeat":"repeat","background-position":"center center","background-size":"auto","background-attachment":"scroll","background-type":"","background-media":"","overlay-type":"","overlay-color":"","overlay-opacity":"","overlay-gradient":""}},"footnotes":""},"class_list":["post-8569","page","type-page","status-publish","hentry"],"uagb_featured_image_src":{"full":false,"thumbnail":false,"medium":false,"medium_large":false,"large":false,"product_image_size":false,"product_image_size_small":false,"1536x1536":false,"2048x2048":false,"woocommerce_thumbnail":false,"woocommerce_single":false,"woocommerce_gallery_thumbnail":false},"uagb_author_info":{"display_name":"Wordpress Web-Crossing","author_link":"https:\/\/padreazul.com\/de\/author\/wordpress_webcrossing\/"},"uagb_comment_info":0,"uagb_excerpt":"Was ist Padrecito Tequila? Padrecito wurde von dem weltbekannten Barkeeper David Rios in Zusammenarbeit mit Erika Sangeado, einer der wenigen [&hellip;]","_links":{"self":[{"href":"https:\/\/padreazul.com\/de\/wp-json\/wp\/v2\/pages\/8569","targetHints":{"allow":["GET"]}}],"collection":[{"href":"https:\/\/padreazul.com\/de\/wp-json\/wp\/v2\/pages"}],"about":[{"href":"https:\/\/padreazul.com\/de\/wp-json\/wp\/v2\/types\/page"}],"author":[{"embeddable":true,"href":"https:\/\/padreazul.com\/de\/wp-json\/wp\/v2\/users\/2"}],"replies":[{"embeddable":true,"href":"https:\/\/padreazul.com\/de\/wp-json\/wp\/v2\/comments?post=8569"}],"version-history":[{"count":0,"href":"https:\/\/padreazul.com\/de\/wp-json\/wp\/v2\/pages\/8569\/revisions"}],"wp:attachment":[{"href":"https:\/\/padreazul.com\/de\/wp-json\/wp\/v2\/media?parent=8569"}],"curies":[{"name":"wp","href":"https:\/\/api.w.org\/{rel}","templated":true}]}}