{"id":8578,"date":"2023-10-02T16:52:06","date_gmt":"2023-10-02T14:52:06","guid":{"rendered":"https:\/\/padreazul.com\/artist-edition-2021-tequila-anejo-%f0%9f%92%80-info\/"},"modified":"2024-11-04T12:48:09","modified_gmt":"2024-11-04T11:48:09","slug":"artist-edition-2021-tequila-anejo-%f0%9f%92%80-info","status":"publish","type":"page","link":"https:\/\/padreazul.com\/de\/artist-edition-2021-tequila-anejo-%f0%9f%92%80-info\/","title":{"rendered":"Artist Edition 2021 Tequila A\u00f1ejo \ud83d\udc80 Info"},"content":{"rendered":"\n<div class=\"wp-block-padre-blocks-product-display\"><div class=\"product-display\"><div class=\"product-title\"><div class=\"product-title-image\" style=\"max-height:434px\"><img decoding=\"async\" src=\"https:\/\/padreazul.com\/wp-content\/uploads\/2023\/10\/muertos-517x900.webp\" alt=\"\"><\/div><\/div><div class=\"product-description\">D\u00fcrfen wir vorstellen: unsere erste j\u00e4hrliche limitierte K\u00fcnstleredition 2021 in Zusammenarbeit mit Jos\u00e9 Parra. K\u00f6stlicher A\u00f1ejo-Tequila in einer au\u00dfergew\u00f6hnlichen, vom K\u00fcnstler gestalteten Flasche. <\/div><div class=\"product-image\"><img decoding=\"async\" src=\"https:\/\/padreazul.com\/wp-content\/uploads\/2023\/10\/21-edition-453x900.webp\" alt=\"\"><\/div><div class=\"product-link\"><a href=\"https:\/\/padreazul.com\/product\/artist-edition-2021-tequila-anejo-700ml\/\"><img decoding=\"async\" src=\"https:\/\/padreazul.com\/wp-content\/plugins\/padre-blocks\/build\/product-display\/..\/images\/SHOP_Magic.150098ff.gif\" alt=\"shop-link\"><\/a><\/div><\/div><\/div>\n\n<div style=\"height:100px\" aria-hidden=\"true\" class=\"wp-block-spacer\"><\/div>\n\n<div class=\"wp-block-padre-parallax alignfull\" data-speed=\"30\" data-height=\"50\" data-type=\"image\" style=\"--padre-section-height:50VH;--padre-section-height-mobile:50VH;--padre-element-height:150%\"><img decoding=\"async\" class=\"parallax-element\" src=\"https:\/\/padreazul.com\/wp-content\/uploads\/2023\/10\/Artist-Edition-2021.webp\" alt=\"Padre - Premium Tequila\"><\/div>\n\n<div style=\"height:70px\" aria-hidden=\"true\" class=\"wp-block-spacer\"><\/div>\n\n<h2 class=\"wp-block-heading has-text-align-center\">limitierte K\u00fcnstleredition 2021 &#8211; mit dem K\u00fcnstler Jos\u00e9 Parra<\/h2>\n\n<div class=\"wp-block-uagb-container uagb-block-19ddf040 alignfull uagb-is-root-container\"><div class=\"uagb-container-inner-blocks-wrap\">\n<div class=\"wp-block-uagb-container uagb-block-d7add3ed\">\n<div class=\"wp-block-uagb-image alignright uagb-block-53c7b0b5 wp-block-uagb-image--layout-default wp-block-uagb-image--effect-static wp-block-uagb-image--align-right\"><figure class=\"wp-block-uagb-image__figure\"><img decoding=\"async\" srcset=\"https:\/\/padreazul.com\/wp-content\/uploads\/2023\/10\/catrina_de_velas-1024x1024.webp ,https:\/\/padreazul.com\/wp-content\/uploads\/2023\/10\/catrina_de_velas.webp 780w, https:\/\/padreazul.com\/wp-content\/uploads\/2023\/10\/catrina_de_velas.webp 360w\" sizes=\"auto, (max-width: 480px) 150px\" src=\"https:\/\/padreazul.com\/wp-content\/uploads\/2023\/10\/catrina_de_velas-1024x1024.webp\" alt=\"\" class=\"uag-image-4109\" width=\"478\" height=\"478\" title=\"\" loading=\"lazy\"><\/figure><\/div>\n<\/div>\n\n\n\n<div class=\"wp-block-uagb-container uagb-block-2127d668\">\n<h3 class=\"wp-block-heading\">das Kunstwerk &#8220;Catrina de velas&#8221;<\/h3>\n\n\n\n<p>Die Kunstwerke von Jos\u00e9 Parra fangen das Wesen des mexikanischen Tags der Toten durch die ikonische Calavera Catrina ein. Da die Menschen Catrinas Sch\u00e4delgesicht nicht sehen, gibt Parras Kunstwerk ein tieferes Geheimnis preis. Ist es eine Feier oder eine ergreifende Reflexion? Hinter dem eleganten Kost\u00fcm k\u00f6nnte die echte Catrina \u00fcber das Leben ihrer G\u00e4ste nachdenken, die jeweils durch eine flackernde Kerze dargestellt werden. Nur Parra, der in Guadalajara geboren wurde, kennt die Antwort auf diese faszinierende Darstellung.    <\/p>\n<\/div>\n<\/div><\/div>\n\n<div class=\"wp-block-uagb-image aligncenter uagb-block-6acb0212 wp-block-uagb-image--layout-default wp-block-uagb-image--effect-static wp-block-uagb-image--align-center\"><figure class=\"wp-block-uagb-image__figure\"><img decoding=\"async\" srcset=\"https:\/\/padreazul.com\/wp-content\/uploads\/2023\/09\/an-outstanding-experience.svg ,https:\/\/padreazul.com\/wp-content\/uploads\/2023\/09\/an-outstanding-experience.svg 780w, https:\/\/padreazul.com\/wp-content\/uploads\/2023\/09\/an-outstanding-experience.svg 360w\" sizes=\"auto, (max-width: 480px) 150px\" src=\"https:\/\/padreazul.com\/wp-content\/uploads\/2023\/09\/an-outstanding-experience.svg\" alt=\"Eine Grafik mit wei\u00dfen Gro\u00dfbuchstaben mit der Aufschrift \"Ein herausragendes Erlebnis\".\" class=\"uag-image-2478\" width=\"546\" height=\"192\" title=\"\" loading=\"lazy\"><\/figure><\/div>\n\n<div class=\"wp-block-uagb-container uagb-block-eb14c700 alignfull uagb-is-root-container\"><div class=\"uagb-container-inner-blocks-wrap\">\n<div class=\"wp-block-uagb-container uagb-block-dc8cb1b3\">\n<h3 class=\"wp-block-heading\">der K\u00fcnstler jos\u00e9 Parra<\/h3>\n\n\n\n<p>Jos\u00e9 Parra, der in eine K\u00fcnstlerfamilie hineingeboren wurde, entdeckte schon fr\u00fch seine Leidenschaft f\u00fcr die Kunst. Von der Art Students League of New York bis zur Universit\u00e4t von Guadalajara hat sein Talent einen globalen Eindruck hinterlassen. Seit 2014 organisiert er die &#8220;Loter\u00eda Mexicana&#8221; und hat zu bedeutenden Projekten wie &#8220;El Mural del Milenio&#8221; und &#8220;El Arte del Vino&#8221; beigetragen. Insbesondere hat er ein beeindruckendes Portr\u00e4t von Fernando del Paso f\u00fcr das National College in Mexiko-Stadt geschaffen.   <\/p>\n<\/div>\n\n\n\n<div class=\"wp-block-uagb-container uagb-block-9d8829da\">\n<div class=\"wp-block-uagb-image aligncenter uagb-block-4ae77f1a wp-block-uagb-image--layout-default wp-block-uagb-image--effect-static wp-block-uagb-image--align-center\"><figure class=\"wp-block-uagb-image__figure\"><img decoding=\"async\" srcset=\"https:\/\/padreazul.com\/wp-content\/uploads\/2023\/11\/catrina_de_velas_prints.webp ,https:\/\/padreazul.com\/wp-content\/uploads\/2023\/11\/catrina_de_velas_prints.webp 780w, https:\/\/padreazul.com\/wp-content\/uploads\/2023\/11\/catrina_de_velas_prints.webp 360w\" sizes=\"auto, (max-width: 480px) 150px\" src=\"https:\/\/padreazul.com\/wp-content\/uploads\/2023\/11\/catrina_de_velas_prints.webp\" alt=\"\" class=\"uag-image-4195\" width=\"314\" height=\"396\" title=\"\" loading=\"lazy\"><\/figure><\/div>\n<\/div>\n<\/div><\/div>\n\n<div class=\"wp-block-uagb-container uagb-block-e03f1c26 alignfull uagb-is-root-container\"><div class=\"uagb-container-inner-blocks-wrap\">\n<div class=\"wp-block-columns is-layout-flex wp-container-core-columns-is-layout-28f84493 wp-block-columns-is-layout-flex\">\n<div class=\"wp-block-column is-layout-flow wp-block-column-is-layout-flow\">\n<div class=\"wp-block-uagb-image aligncenter uagb-block-56b908dc wp-block-uagb-image--layout-default wp-block-uagb-image--effect-zoomin wp-block-uagb-image--align-center\"><figure class=\"wp-block-uagb-image__figure\"><a class=\"\" href=\"https:\/\/padreazul.com\/product\/artist-edition-2021-tequila-anejo-700ml\/\" target=\"\" rel=\"noopener\"><img decoding=\"async\" srcset=\"https:\/\/padreazul.com\/wp-content\/uploads\/2023\/08\/SHOP-AWARD.gif ,https:\/\/padreazul.com\/wp-content\/uploads\/2023\/08\/SHOP-AWARD.gif 780w, https:\/\/padreazul.com\/wp-content\/uploads\/2023\/08\/SHOP-AWARD.gif 360w\" sizes=\"auto, (max-width: 480px) 150px\" src=\"https:\/\/padreazul.com\/wp-content\/uploads\/2023\/08\/SHOP-AWARD.gif\" alt=\"\" class=\"uag-image-1529\" width=\"200\" height=\"866\" title=\"\" loading=\"lazy\"><\/a><\/figure><\/div>\n<\/div>\n\n\n\n<div class=\"wp-block-column is-layout-flow wp-block-column-is-layout-flow\">\n<h3 class=\"wp-block-heading\">der Beginn von etwas Besonderem<\/h3>\n\n\n\n<p class=\"has-text-align-left\">Die erste Limited Artist Edition 2021 wird dem D\u00eda de los Muertos auf jeden Fall gerecht: Padre Azul Tequila A\u00f1ejo vom Feinsten, 100% blaue Weber-Agave, 18 Monate lang in handverlesenen Bourbon-Eichenf\u00e4ssern gereift, in einer einzigartigen, vom mexikanischen K\u00fcnstler Jos\u00e9 Parra gestalteten Flasche. Eine begrenzte Anzahl von Drucken seines Kunstwerks war ebenfalls erh\u00e4ltlich. Diese limitierte Sonderedition ist ein Fest &#8211; f\u00fcr die Augen und den Gaumen.  <\/p>\n<\/div>\n<\/div>\n<\/div><\/div>\n\n<div style=\"height:100px\" aria-hidden=\"true\" class=\"wp-block-spacer\"><\/div>\n","protected":false},"excerpt":{"rendered":"<p>limitierte K\u00fcnstleredition 2021 &#8211; mit dem K\u00fcnstler Jos\u00e9 Parra das Kunstwerk &#8220;Catrina de velas&#8221; Die Kunstwerke von Jos\u00e9 Parra fangen [&hellip;]<\/p>\n","protected":false},"author":2,"featured_media":0,"parent":0,"menu_order":0,"comment_status":"closed","ping_status":"closed","template":"","meta":{"content-type":"","_uag_custom_page_level_css":"","site-sidebar-layout":"default","site-content-layout":"","ast-site-content-layout":"full-width-container","site-content-style":"default","site-sidebar-style":"default","ast-global-header-display":"","ast-banner-title-visibility":"","ast-main-header-display":"","ast-hfb-above-header-display":"","ast-hfb-below-header-display":"","ast-hfb-mobile-header-display":"","site-post-title":"disabled","ast-breadcrumbs-content":"","ast-featured-img":"","footer-sml-layout":"","ast-disable-related-posts":"","theme-transparent-header-meta":"","adv-header-id-meta":"","stick-header-meta":"","header-above-stick-meta":"","header-main-stick-meta":"","header-below-stick-meta":"","astra-migrate-meta-layouts":"default","ast-page-background-enabled":"default","ast-page-background-meta":{"desktop":{"background-color":"","background-image":"","background-repeat":"repeat","background-position":"center center","background-size":"auto","background-attachment":"scroll","background-type":"","background-media":"","overlay-type":"","overlay-color":"","overlay-opacity":"","overlay-gradient":""},"tablet":{"background-color":"","background-image":"","background-repeat":"repeat","background-position":"center center","background-size":"auto","background-attachment":"scroll","background-type":"","background-media":"","overlay-type":"","overlay-color":"","overlay-opacity":"","overlay-gradient":""},"mobile":{"background-color":"","background-image":"","background-repeat":"repeat","background-position":"center center","background-size":"auto","background-attachment":"scroll","background-type":"","background-media":"","overlay-type":"","overlay-color":"","overlay-opacity":"","overlay-gradient":""}},"ast-content-background-meta":{"desktop":{"background-color":"var(--ast-global-color-5)","background-image":"","background-repeat":"repeat","background-position":"center center","background-size":"auto","background-attachment":"scroll","background-type":"","background-media":"","overlay-type":"","overlay-color":"","overlay-opacity":"","overlay-gradient":""},"tablet":{"background-color":"var(--ast-global-color-5)","background-image":"","background-repeat":"repeat","background-position":"center center","background-size":"auto","background-attachment":"scroll","background-type":"","background-media":"","overlay-type":"","overlay-color":"","overlay-opacity":"","overlay-gradient":""},"mobile":{"background-color":"var(--ast-global-color-5)","background-image":"","background-repeat":"repeat","background-position":"center center","background-size":"auto","background-attachment":"scroll","background-type":"","background-media":"","overlay-type":"","overlay-color":"","overlay-opacity":"","overlay-gradient":""}},"footnotes":""},"class_list":["post-8578","page","type-page","status-publish","hentry"],"uagb_featured_image_src":{"full":false,"thumbnail":false,"medium":false,"medium_large":false,"large":false,"product_image_size":false,"product_image_size_small":false,"1536x1536":false,"2048x2048":false,"woocommerce_thumbnail":false,"woocommerce_single":false,"woocommerce_gallery_thumbnail":false},"uagb_author_info":{"display_name":"Wordpress Web-Crossing","author_link":"https:\/\/padreazul.com\/de\/author\/wordpress_webcrossing\/"},"uagb_comment_info":0,"uagb_excerpt":"limitierte K\u00fcnstleredition 2021 &#8211; mit dem K\u00fcnstler Jos\u00e9 Parra das Kunstwerk &#8220;Catrina de velas&#8221; Die Kunstwerke von Jos\u00e9 Parra fangen [&hellip;]","_links":{"self":[{"href":"https:\/\/padreazul.com\/de\/wp-json\/wp\/v2\/pages\/8578","targetHints":{"allow":["GET"]}}],"collection":[{"href":"https:\/\/padreazul.com\/de\/wp-json\/wp\/v2\/pages"}],"about":[{"href":"https:\/\/padreazul.com\/de\/wp-json\/wp\/v2\/types\/page"}],"author":[{"embeddable":true,"href":"https:\/\/padreazul.com\/de\/wp-json\/wp\/v2\/users\/2"}],"replies":[{"embeddable":true,"href":"https:\/\/padreazul.com\/de\/wp-json\/wp\/v2\/comments?post=8578"}],"version-history":[{"count":0,"href":"https:\/\/padreazul.com\/de\/wp-json\/wp\/v2\/pages\/8578\/revisions"}],"wp:attachment":[{"href":"https:\/\/padreazul.com\/de\/wp-json\/wp\/v2\/media?parent=8578"}],"curies":[{"name":"wp","href":"https:\/\/api.w.org\/{rel}","templated":true}]}}