{"id":8585,"date":"2023-09-18T15:47:54","date_gmt":"2023-09-18T13:47:54","guid":{"rendered":"https:\/\/padreazul.com\/tequila-reposado-%f0%9f%92%80-infos\/"},"modified":"2024-11-04T12:48:09","modified_gmt":"2024-11-04T11:48:09","slug":"tequila-reposado-%f0%9f%92%80-infos","status":"publish","type":"page","link":"https:\/\/padreazul.com\/de\/tequila-reposado-%f0%9f%92%80-infos\/","title":{"rendered":"Tequila Reposado \ud83d\udc80 Infos"},"content":{"rendered":"\n<div class=\"wp-block-padre-blocks-product-display\"><div class=\"product-display\"><div class=\"product-title\"><div class=\"product-title-image\" style=\"max-height:281px\"><img decoding=\"async\" src=\"https:\/\/padreazul.com\/wp-content\/uploads\/2023\/09\/reposado.svg\" alt=\"\"><\/div><div class=\"laurel-wrapper\"><div class=\"laurel-text-wrapper\"><div class=\"laurel-top-line\" style=\"font-size:43px;line-height:43.1px\">WSWA<\/div><div class=\"laurel-bottom-line\" style=\"font-size:19px;line-height:19.1px\">Doppeltes Gold<\/div><\/div><\/div><\/div><div class=\"product-description\">Reift 8 Monate lang in handverlesenen Eichenf\u00e4ssern. Hellgelbe Farbe und Komplexit\u00e4t am Gaumen. Noten von gekochter Agave, Fruchtkompott und Vanille. Ein Tequila, den Sie nicht verpassen sollten!   <\/div><div class=\"product-image\"><img decoding=\"async\" src=\"https:\/\/padreazul.com\/wp-content\/uploads\/2023\/09\/reposado-bottle-1-474x900.png\" alt=\"\"><\/div><div class=\"product-link\"><a href=\"https:\/\/padreazul.com\/product\/tequila-reposado-700ml\/\"><img decoding=\"async\" src=\"https:\/\/padreazul.com\/wp-content\/plugins\/padre-blocks\/build\/product-display\/..\/images\/SHOP_Magic.150098ff.gif\" alt=\"shop-link\"><\/a><\/div><\/div><\/div>\n\n<div style=\"height:100px\" aria-hidden=\"true\" class=\"wp-block-spacer\"><\/div>\n\n<div class=\"wp-block-padre-parallax alignfull\" data-speed=\"30\" data-height=\"50\" data-type=\"image\" style=\"--padre-section-height:50VH;--padre-section-height-mobile:50VH;--padre-element-height:150%\"><img decoding=\"async\" class=\"parallax-element\" src=\"https:\/\/padreazul.com\/wp-content\/uploads\/2023\/11\/reposado_parallax-scaled.webp\" alt=\"Padre - Premium Tequila\"><\/div>\n\n<div class=\"wp-block-uagb-container uagb-block-e03f1c26 alignfull uagb-is-root-container\"><div class=\"uagb-container-inner-blocks-wrap\">\n<div class=\"wp-block-columns is-layout-flex wp-container-core-columns-is-layout-28f84493 wp-block-columns-is-layout-flex\">\n<div class=\"wp-block-column is-layout-flow wp-block-column-is-layout-flow\">\n<figure class=\"wp-block-image aligncenter size-full is-resized\"><img decoding=\"async\" src=\"https:\/\/padreazul.com\/wp-content\/uploads\/2023\/08\/Element-10.svg\" alt=\"\" class=\"wp-image-1485\" style=\"width:198px;height:39px\"\/><\/figure>\n\n\n\n<div class=\"wp-block-uagb-image aligncenter uagb-block-cdc9a551 wp-block-uagb-image--layout-default wp-block-uagb-image--effect-static wp-block-uagb-image--align-center\"><figure class=\"wp-block-uagb-image__figure\"><img decoding=\"async\" srcset=\"https:\/\/padreazul.com\/wp-content\/uploads\/2023\/09\/magic-times.svg ,https:\/\/padreazul.com\/wp-content\/uploads\/2023\/09\/magic-times.svg 780w, https:\/\/padreazul.com\/wp-content\/uploads\/2023\/09\/magic-times.svg 360w\" sizes=\"auto, (max-width: 480px) 150px\" src=\"https:\/\/padreazul.com\/wp-content\/uploads\/2023\/09\/magic-times.svg\" alt=\"\" class=\"uag-image-2479\" width=\"340\" height=\"131\" title=\"\" loading=\"lazy\"><\/figure><\/div>\n\n\n\n<div class=\"wp-block-uagb-advanced-heading uagb-block-97144126\"><h2 class=\"uagb-heading-text\">Reposado &#8211; die reine Freude am Leben.<\/h2><\/div>\n\n\n\n<p>Stellen Sie sich die sonnen\u00fcberfluteten Landschaften Mexikos vor, wo sich die Blauen Agaven vor fast einem Jahrzehnt auf eine Reise begeben haben. 8 bis 10 Jahre lang streckten sie sich der sengenden Sonne entgegen und nahmen ihre W\u00e4rme und Essenz in sich auf. Die Geschichte entfaltet sich durch tagelanges sorgf\u00e4ltiges Kochen, geduldiges Fermentieren und eine 8-monatige Umarmung in handverlesenen Bourbon-Eichenf\u00e4ssern.  <\/p>\n\n\n\n<div style=\"height:17px\" aria-hidden=\"true\" class=\"wp-block-spacer\"><\/div>\n<\/div>\n\n\n\n<div class=\"wp-block-column is-layout-flow wp-block-column-is-layout-flow\">\n<div class=\"wp-block-uagb-image aligncenter uagb-block-e1e2b170 wp-block-uagb-image--layout-default wp-block-uagb-image--effect-static wp-block-uagb-image--align-center\"><figure class=\"wp-block-uagb-image__figure\"><img decoding=\"async\" src=\"https:\/\/padreazul.com\/wp-content\/uploads\/2023\/11\/reposado_productpage-683x1024.webp\" alt=\"\" class=\"uag-image-4294\" width=\"420\" height=\"630\" title=\"\" loading=\"lazy\"><\/figure><\/div>\n\n\n\n<div style=\"height:60px\" aria-hidden=\"true\" class=\"wp-block-spacer\"><\/div>\n<\/div>\n<\/div>\n<\/div><\/div>\n\n<div style=\"height:50px\" aria-hidden=\"true\" class=\"wp-block-spacer\"><\/div>\n\n<div class=\"wp-block-uagb-container uagb-block-8d789c9e alignfull uagb-is-root-container\"><div class=\"uagb-container-inner-blocks-wrap\">\n<div class=\"wp-block-uagb-container uagb-block-53d3ede3\">\n<div class=\"wp-block-uagb-image aligncenter uagb-block-c1cbcbb2 wp-block-uagb-image--layout-default wp-block-uagb-image--effect-zoomin wp-block-uagb-image--align-center\"><figure class=\"wp-block-uagb-image__figure\"><a class=\"\" href=\"https:\/\/padreazul.com\/product\/tequila-reposado-700ml\/\" target=\"\" rel=\"noopener\"><img decoding=\"async\" srcset=\"https:\/\/padreazul.com\/wp-content\/uploads\/2023\/08\/SHOP-AWARD.gif ,https:\/\/padreazul.com\/wp-content\/uploads\/2023\/08\/SHOP-AWARD.gif 780w, https:\/\/padreazul.com\/wp-content\/uploads\/2023\/08\/SHOP-AWARD.gif 360w\" sizes=\"auto, (max-width: 480px) 150px\" src=\"https:\/\/padreazul.com\/wp-content\/uploads\/2023\/08\/SHOP-AWARD.gif\" alt=\"\" class=\"uag-image-1529\" width=\"170\" height=\"208\" title=\"\" loading=\"lazy\"><\/a><\/figure><\/div>\n<\/div>\n\n\n\n<div class=\"wp-block-uagb-container uagb-block-eef8f613\">\n<p>Im Laufe der Zeit entfaltete sich das Herz dieses au\u00dfergew\u00f6hnlichen Tequilas &#8211; eine Geschichte, die sich in jedem Schluck widerspiegelt. Stellen Sie sich ein subtiles Vanillearoma vor, einen Hauch von seltener und gekochter Agave und einen anhaltenden Nachgeschmack, der die Geschichte von Geduld und Hingabe erz\u00e4hlt. Dieser Tequila ist nicht nur ein Getr\u00e4nk, er ist eine Reise durch die Zeit, eine Symphonie von Aromen, die von den H\u00e4nden der Natur und der Zeit selbst geschaffen wurde. Genie\u00dfen Sie den emotionalen Reichtum dieses au\u00dfergew\u00f6hnlichen Reposado Tequilas.   <\/p>\n<\/div>\n<\/div><\/div>\n\n<div style=\"height:100px\" aria-hidden=\"true\" class=\"wp-block-spacer\"><\/div>\n","protected":false},"excerpt":{"rendered":"<p>Reposado &#8211; die reine Freude am Leben. Stellen Sie sich die sonnen\u00fcberfluteten Landschaften Mexikos vor, wo sich die Blauen Agaven [&hellip;]<\/p>\n","protected":false},"author":2,"featured_media":0,"parent":0,"menu_order":0,"comment_status":"closed","ping_status":"closed","template":"","meta":{"content-type":"","_uag_custom_page_level_css":"","site-sidebar-layout":"default","site-content-layout":"","ast-site-content-layout":"full-width-container","site-content-style":"default","site-sidebar-style":"default","ast-global-header-display":"","ast-banner-title-visibility":"","ast-main-header-display":"","ast-hfb-above-header-display":"","ast-hfb-below-header-display":"","ast-hfb-mobile-header-display":"","site-post-title":"disabled","ast-breadcrumbs-content":"","ast-featured-img":"","footer-sml-layout":"","ast-disable-related-posts":"","theme-transparent-header-meta":"","adv-header-id-meta":"","stick-header-meta":"","header-above-stick-meta":"","header-main-stick-meta":"","header-below-stick-meta":"","astra-migrate-meta-layouts":"default","ast-page-background-enabled":"default","ast-page-background-meta":{"desktop":{"background-color":"","background-image":"","background-repeat":"repeat","background-position":"center center","background-size":"auto","background-attachment":"scroll","background-type":"","background-media":"","overlay-type":"","overlay-color":"","overlay-opacity":"","overlay-gradient":""},"tablet":{"background-color":"","background-image":"","background-repeat":"repeat","background-position":"center center","background-size":"auto","background-attachment":"scroll","background-type":"","background-media":"","overlay-type":"","overlay-color":"","overlay-opacity":"","overlay-gradient":""},"mobile":{"background-color":"","background-image":"","background-repeat":"repeat","background-position":"center center","background-size":"auto","background-attachment":"scroll","background-type":"","background-media":"","overlay-type":"","overlay-color":"","overlay-opacity":"","overlay-gradient":""}},"ast-content-background-meta":{"desktop":{"background-color":"var(--ast-global-color-5)","background-image":"","background-repeat":"repeat","background-position":"center center","background-size":"auto","background-attachment":"scroll","background-type":"","background-media":"","overlay-type":"","overlay-color":"","overlay-opacity":"","overlay-gradient":""},"tablet":{"background-color":"var(--ast-global-color-5)","background-image":"","background-repeat":"repeat","background-position":"center center","background-size":"auto","background-attachment":"scroll","background-type":"","background-media":"","overlay-type":"","overlay-color":"","overlay-opacity":"","overlay-gradient":""},"mobile":{"background-color":"var(--ast-global-color-5)","background-image":"","background-repeat":"repeat","background-position":"center center","background-size":"auto","background-attachment":"scroll","background-type":"","background-media":"","overlay-type":"","overlay-color":"","overlay-opacity":"","overlay-gradient":""}},"footnotes":""},"class_list":["post-8585","page","type-page","status-publish","hentry"],"uagb_featured_image_src":{"full":false,"thumbnail":false,"medium":false,"medium_large":false,"large":false,"product_image_size":false,"product_image_size_small":false,"1536x1536":false,"2048x2048":false,"woocommerce_thumbnail":false,"woocommerce_single":false,"woocommerce_gallery_thumbnail":false},"uagb_author_info":{"display_name":"Wordpress Web-Crossing","author_link":"https:\/\/padreazul.com\/de\/author\/wordpress_webcrossing\/"},"uagb_comment_info":0,"uagb_excerpt":"Reposado &#8211; die reine Freude am Leben. Stellen Sie sich die sonnen\u00fcberfluteten Landschaften Mexikos vor, wo sich die Blauen Agaven [&hellip;]","_links":{"self":[{"href":"https:\/\/padreazul.com\/de\/wp-json\/wp\/v2\/pages\/8585","targetHints":{"allow":["GET"]}}],"collection":[{"href":"https:\/\/padreazul.com\/de\/wp-json\/wp\/v2\/pages"}],"about":[{"href":"https:\/\/padreazul.com\/de\/wp-json\/wp\/v2\/types\/page"}],"author":[{"embeddable":true,"href":"https:\/\/padreazul.com\/de\/wp-json\/wp\/v2\/users\/2"}],"replies":[{"embeddable":true,"href":"https:\/\/padreazul.com\/de\/wp-json\/wp\/v2\/comments?post=8585"}],"version-history":[{"count":0,"href":"https:\/\/padreazul.com\/de\/wp-json\/wp\/v2\/pages\/8585\/revisions"}],"wp:attachment":[{"href":"https:\/\/padreazul.com\/de\/wp-json\/wp\/v2\/media?parent=8585"}],"curies":[{"name":"wp","href":"https:\/\/api.w.org\/{rel}","templated":true}]}}