{"id":8590,"date":"2023-10-02T16:47:05","date_gmt":"2023-10-02T14:47:05","guid":{"rendered":"https:\/\/padreazul.com\/cristalino-tequila-anejo-%f0%9f%92%80-infos\/"},"modified":"2024-11-04T12:48:09","modified_gmt":"2024-11-04T11:48:09","slug":"cristalino-tequila-anejo-%f0%9f%92%80-infos","status":"publish","type":"page","link":"https:\/\/padreazul.com\/de\/cristalino-tequila-anejo-%f0%9f%92%80-infos\/","title":{"rendered":"Cristalino Tequila A\u00f1ejo \ud83d\udc80 Infos"},"content":{"rendered":"\n<div class=\"wp-block-padre-blocks-product-display\"><div class=\"product-display\"><div class=\"product-title\"><div class=\"product-title-image\" style=\"max-height:500px\"><img decoding=\"async\" src=\"https:\/\/padreazul.com\/wp-content\/uploads\/2023\/10\/cristalino.svg\" alt=\"\"><\/div><div class=\"laurel-wrapper\"><div class=\"laurel-text-wrapper\"><div class=\"laurel-top-line\" style=\"font-size:48px;line-height:48.1px\">\u00d6GZ<\/div><div class=\"laurel-bottom-line\" style=\"font-size:32px;line-height:32.1px\">GEWINNER<\/div><\/div><\/div><\/div><div class=\"product-description\">Der wahrscheinlich magischste Tequila, den Sie auf diesem Planeten finden werden! Diese auf 1000 Flaschen limitierte Edition vereint die Arbeit der besten mexikanischen und \u00f6sterreichischen Handwerker zu einem einzigen Meisterwerk. Das ist Magie! <\/div><div class=\"product-image\"><img decoding=\"async\" src=\"https:\/\/padreazul.com\/wp-content\/uploads\/2023\/10\/cristalino-453x900.webp\" alt=\"\"><\/div><div class=\"product-link\"><a href=\"https:\/\/padreazul.com\/product\/cristalino-tequila-anejo-700ml\/\"><img decoding=\"async\" src=\"https:\/\/padreazul.com\/wp-content\/plugins\/padre-blocks\/build\/product-display\/..\/images\/SHOP_Magic.150098ff.gif\" alt=\"shop-link\"><\/a><\/div><\/div><\/div>\n\n<div style=\"height:100px\" aria-hidden=\"true\" class=\"wp-block-spacer\"><\/div>\n\n<div class=\"wp-block-padre-parallax alignfull\" data-speed=\"30\" data-height=\"50\" data-type=\"image\" style=\"--padre-section-height:50VH;--padre-section-height-mobile:50VH;--padre-element-height:150%\"><img decoding=\"async\" class=\"parallax-element\" src=\"https:\/\/padreazul.com\/wp-content\/uploads\/2023\/11\/cristalino_skull_parallax-scaled.webp\" alt=\"Padre - Premium Tequila\"><\/div>\n\n<div style=\"height:100px\" aria-hidden=\"true\" class=\"wp-block-spacer\"><\/div>\n\n<div class=\"wp-block-uagb-container uagb-block-012107a1 alignfull uagb-is-root-container\"><div class=\"uagb-container-inner-blocks-wrap\">\n<div class=\"wp-block-uagb-container uagb-block-dfa2bec6\">\n<div class=\"wp-block-uagb-advanced-heading uagb-block-97144126\"><h2 class=\"uagb-heading-text\">padre azul cristalino tequila<\/h2><\/div>\n\n\n\n<p>Es gibt Momente im Leben, die einfach nach dem Au\u00dfergew\u00f6hnlichen rufen. Mit anderen Worten: unser Padre Azul Cristalino Tequila in Zusammenarbeit mit der \u00f6sterreichischen Kristallmanufaktur Swarovski und dem mexikanischen Designlabel Prison art. In Momenten, in denen selbst das Beste nicht gut genug ist, ist diese Sonderedition genau richtig.  <\/p>\n<\/div>\n\n\n\n<div class=\"wp-block-uagb-container uagb-block-e89c8505\">\n<div class=\"wp-block-uagb-image uagb-block-ac71bdba wp-block-uagb-image--layout-default wp-block-uagb-image--effect-static wp-block-uagb-image--align-none\"><figure class=\"wp-block-uagb-image__figure\"><img decoding=\"async\" src=\"https:\/\/padreazul.com\/wp-content\/uploads\/2023\/10\/prison_art_worker-1024x683.webp\" alt=\"\" class=\"uag-image-3492\" width=\"1024\" height=\"683\" title=\"\" loading=\"lazy\"><\/figure><\/div>\n<\/div>\n<\/div><\/div>\n\n<div style=\"height:100px\" aria-hidden=\"true\" class=\"wp-block-spacer\"><\/div>\n\n<div class=\"wp-block-uagb-container uagb-block-d3e23509 alignfull uagb-is-root-container\"><div class=\"uagb-container-inner-blocks-wrap\">\n<div class=\"wp-block-uagb-container uagb-block-c2622e76\">\n<div class=\"wp-block-uagb-image aligncenter uagb-block-64e08fd2 wp-block-uagb-image--layout-default wp-block-uagb-image--effect-static wp-block-uagb-image--align-center\"><figure class=\"wp-block-uagb-image__figure\"><img decoding=\"async\" src=\"https:\/\/padreazul.com\/wp-content\/uploads\/2023\/11\/padre_swarovski_prisonart-1024x1024.webp\" alt=\"\" class=\"uag-image-4166\" width=\"496\" height=\"442\" title=\"\" loading=\"lazy\"><\/figure><\/div>\n<\/div>\n\n\n\n<div class=\"wp-block-uagb-container uagb-block-4861e224\">\n<h3 class=\"wp-block-heading\">Versch\u00f6nern Sie Ihren besonderen Moment<\/h3>\n\n\n\n<p>limitiert auf 1000 vollst\u00e4ndig handgefertigte Flaschen weltweit. Jede Flasche ist mit 100% blauem Weber Agave Tequila von h\u00f6chster Qualit\u00e4t gef\u00fcllt. Der Geschmack unseres A\u00f1ejo kombiniert mit der \u00c4sthetik unseres Blanco &#8211; ein Handwerk, das noch nicht viele Tequila-Hersteller beherrschen!    <\/p>\n\n\n\n<p>Dar\u00fcber hinaus werden die Totenk\u00f6pfe exklusiv von Swarovski in \u00d6sterreich hergestellt. Jeder einzelne ist von 1 bis 1000 nummeriert. Die K\u00fcnstler von prison art tun ihr \u00dcbriges. Sie gravieren jede Flasche per Hand wie T\u00e4towierer. Das Label prison art hilft ihnen bei der Wiedereingliederung in die Gesellschaft. Sie erhalten also ein einzigartiges St\u00fcck, das Ihrem besonderen Moment etwas Magisches verleiht!     <\/p>\n<\/div>\n<\/div><\/div>\n\n<div class=\"wp-block-uagb-container uagb-block-e03f1c26 alignfull uagb-is-root-container\"><div class=\"uagb-container-inner-blocks-wrap\">\n<div class=\"wp-block-columns is-layout-flex wp-container-core-columns-is-layout-28f84493 wp-block-columns-is-layout-flex\">\n<div class=\"wp-block-column is-layout-flow wp-block-column-is-layout-flow\">\n<h3 class=\"wp-block-heading\">farblose Magie trifft bunten Geschmack<\/h3>\n\n\n\n<p>Es ist nicht nur die Geschichte und die Flasche, die diese Edition au\u00dfergew\u00f6hnlich macht. Nachdem wir die rohen Agaven erfolgreich in fl\u00fcssiges Gold verwandelt haben, haben wir sie in unsere Eichenf\u00e4sser gelegt. 18 Monate, um genau zu sein. Diese \u00fcberdurchschnittliche Reifung verleiht der Spirituose eine hellgelbe Farbe und Komplexit\u00e4t am Gaumen.   <\/p>\n\n\n\n<p>Aber hier geschieht die Magie! Mit Aktivkohle filtern wir die Farbpigmente heraus und machen daraus eine transparente Spirituose &#8211; einen Cristalino Tequila! Kristallklar in der Farbe und farbenfroh im Geschmack. Gekochte Agave zusammen mit Fruchtkompott und einem Hauch von Vanillearomen. Ein Genuss f\u00fcr Ihren Mund!   <\/p>\n<\/div>\n\n\n\n<div class=\"wp-block-column is-layout-flow wp-block-column-is-layout-flow\">\n<div class=\"wp-block-uagb-image aligncenter uagb-block-0ba3a635 wp-block-uagb-image--layout-default wp-block-uagb-image--effect-static wp-block-uagb-image--align-center\"><figure class=\"wp-block-uagb-image__figure\"><img decoding=\"async\" src=\"https:\/\/padreazul.com\/wp-content\/uploads\/2023\/10\/cristalino_skull_back-1024x1024.webp\" alt=\"\" class=\"uag-image-3764\" width=\"413\" height=\"413\" title=\"\" loading=\"lazy\"><\/figure><\/div>\n<\/div>\n<\/div>\n<\/div><\/div>\n\n<div class=\"wp-block-uagb-image aligncenter uagb-block-c9fa14bb wp-block-uagb-image--layout-default wp-block-uagb-image--effect-zoomin wp-block-uagb-image--align-center\"><figure class=\"wp-block-uagb-image__figure\"><a class=\"\" href=\"https:\/\/padreazul.com\/product\/cristalino-tequila-anejo-700ml\/\" target=\"\" rel=\"noopener\"><img decoding=\"async\" src=\"https:\/\/padreazul.com\/wp-content\/uploads\/2023\/08\/SHOP_Magic.gif\" alt=\"\" class=\"uag-image-1337\" width=\"186\" height=\"890\" title=\"\" loading=\"lazy\"><\/a><\/figure><\/div>\n\n<div style=\"height:100px\" aria-hidden=\"true\" class=\"wp-block-spacer\"><\/div>\n","protected":false},"excerpt":{"rendered":"<p>padre azul cristalino tequila Es gibt Momente im Leben, die einfach nach dem Au\u00dfergew\u00f6hnlichen rufen. Mit anderen Worten: unser Padre [&hellip;]<\/p>\n","protected":false},"author":2,"featured_media":0,"parent":0,"menu_order":0,"comment_status":"closed","ping_status":"closed","template":"","meta":{"content-type":"","_uag_custom_page_level_css":"","site-sidebar-layout":"default","site-content-layout":"","ast-site-content-layout":"full-width-container","site-content-style":"default","site-sidebar-style":"default","ast-global-header-display":"","ast-banner-title-visibility":"","ast-main-header-display":"","ast-hfb-above-header-display":"","ast-hfb-below-header-display":"","ast-hfb-mobile-header-display":"","site-post-title":"disabled","ast-breadcrumbs-content":"","ast-featured-img":"","footer-sml-layout":"","ast-disable-related-posts":"","theme-transparent-header-meta":"","adv-header-id-meta":"","stick-header-meta":"","header-above-stick-meta":"","header-main-stick-meta":"","header-below-stick-meta":"","astra-migrate-meta-layouts":"default","ast-page-background-enabled":"default","ast-page-background-meta":{"desktop":{"background-color":"","background-image":"","background-repeat":"repeat","background-position":"center center","background-size":"auto","background-attachment":"scroll","background-type":"","background-media":"","overlay-type":"","overlay-color":"","overlay-opacity":"","overlay-gradient":""},"tablet":{"background-color":"","background-image":"","background-repeat":"repeat","background-position":"center center","background-size":"auto","background-attachment":"scroll","background-type":"","background-media":"","overlay-type":"","overlay-color":"","overlay-opacity":"","overlay-gradient":""},"mobile":{"background-color":"","background-image":"","background-repeat":"repeat","background-position":"center center","background-size":"auto","background-attachment":"scroll","background-type":"","background-media":"","overlay-type":"","overlay-color":"","overlay-opacity":"","overlay-gradient":""}},"ast-content-background-meta":{"desktop":{"background-color":"var(--ast-global-color-5)","background-image":"","background-repeat":"repeat","background-position":"center center","background-size":"auto","background-attachment":"scroll","background-type":"","background-media":"","overlay-type":"","overlay-color":"","overlay-opacity":"","overlay-gradient":""},"tablet":{"background-color":"var(--ast-global-color-5)","background-image":"","background-repeat":"repeat","background-position":"center center","background-size":"auto","background-attachment":"scroll","background-type":"","background-media":"","overlay-type":"","overlay-color":"","overlay-opacity":"","overlay-gradient":""},"mobile":{"background-color":"var(--ast-global-color-5)","background-image":"","background-repeat":"repeat","background-position":"center center","background-size":"auto","background-attachment":"scroll","background-type":"","background-media":"","overlay-type":"","overlay-color":"","overlay-opacity":"","overlay-gradient":""}},"footnotes":""},"class_list":["post-8590","page","type-page","status-publish","hentry"],"uagb_featured_image_src":{"full":false,"thumbnail":false,"medium":false,"medium_large":false,"large":false,"product_image_size":false,"product_image_size_small":false,"1536x1536":false,"2048x2048":false,"woocommerce_thumbnail":false,"woocommerce_single":false,"woocommerce_gallery_thumbnail":false},"uagb_author_info":{"display_name":"Wordpress Web-Crossing","author_link":"https:\/\/padreazul.com\/de\/author\/wordpress_webcrossing\/"},"uagb_comment_info":0,"uagb_excerpt":"padre azul cristalino tequila Es gibt Momente im Leben, die einfach nach dem Au\u00dfergew\u00f6hnlichen rufen. Mit anderen Worten: unser Padre [&hellip;]","_links":{"self":[{"href":"https:\/\/padreazul.com\/de\/wp-json\/wp\/v2\/pages\/8590","targetHints":{"allow":["GET"]}}],"collection":[{"href":"https:\/\/padreazul.com\/de\/wp-json\/wp\/v2\/pages"}],"about":[{"href":"https:\/\/padreazul.com\/de\/wp-json\/wp\/v2\/types\/page"}],"author":[{"embeddable":true,"href":"https:\/\/padreazul.com\/de\/wp-json\/wp\/v2\/users\/2"}],"replies":[{"embeddable":true,"href":"https:\/\/padreazul.com\/de\/wp-json\/wp\/v2\/comments?post=8590"}],"version-history":[{"count":0,"href":"https:\/\/padreazul.com\/de\/wp-json\/wp\/v2\/pages\/8590\/revisions"}],"wp:attachment":[{"href":"https:\/\/padreazul.com\/de\/wp-json\/wp\/v2\/media?parent=8590"}],"curies":[{"name":"wp","href":"https:\/\/api.w.org\/{rel}","templated":true}]}}