{"id":8597,"date":"2023-09-18T15:47:43","date_gmt":"2023-09-18T13:47:43","guid":{"rendered":"https:\/\/padreazul.com\/tequila-anejo-%f0%9f%92%80-infos\/"},"modified":"2024-11-04T12:48:09","modified_gmt":"2024-11-04T11:48:09","slug":"tequila-anejo-%f0%9f%92%80-infos","status":"publish","type":"page","link":"https:\/\/padreazul.com\/de\/tequila-anejo-%f0%9f%92%80-infos\/","title":{"rendered":"Tequila A\u00f1ejo \ud83d\udc80 Infos"},"content":{"rendered":"\n<div class=\"wp-block-padre-blocks-product-display\"><div class=\"product-display\"><div class=\"product-title\"><div class=\"product-title-image\" style=\"max-height:311px\"><img decoding=\"async\" src=\"https:\/\/padreazul.com\/wp-content\/uploads\/2023\/09\/anejo.svg\" alt=\"\"><\/div><div class=\"laurel-wrapper\"><div class=\"laurel-text-wrapper\"><div class=\"laurel-top-line\" style=\"font-size:24px;line-height:24.1px\">Zigarren&amp;Spirituosen<\/div><div class=\"laurel-bottom-line\" style=\"font-size:45px;line-height:45.1px\">98 PT.<\/div><\/div><\/div><\/div><div class=\"product-description\">Unser A\u00f1ejo wird 18 Monate lang in Eichenf\u00e4ssern gereift. Dies verleiht der Spirituose ein komplexes und ausgewogenes Profil. Vanille gepaart mit Karamell und Schokolade. Erh\u00f6hen Sie Ihr Trinkerlebnis mit dieser Flasche!   <\/div><div class=\"product-image\"><img decoding=\"async\" src=\"https:\/\/padreazul.com\/wp-content\/uploads\/2023\/09\/anejo-bottle-443x900.png\" alt=\"\"><\/div><div class=\"product-link\"><a href=\"https:\/\/padreazul.com\/product\/tequila-anejo-700ml\/\"><img decoding=\"async\" src=\"https:\/\/padreazul.com\/wp-content\/plugins\/padre-blocks\/build\/product-display\/..\/images\/SHOP_Magic.150098ff.gif\" alt=\"\"><\/a><\/div><\/div><\/div>\n\n<div style=\"height:100px\" aria-hidden=\"true\" class=\"wp-block-spacer\"><\/div>\n\n<div class=\"wp-block-padre-parallax alignfull\" data-speed=\"30\" data-height=\"50\" data-type=\"image\" style=\"--padre-section-height:50VH;--padre-section-height-mobile:50VH;--padre-element-height:150%\"><img decoding=\"async\" class=\"parallax-element\" src=\"https:\/\/padreazul.com\/wp-content\/uploads\/2023\/11\/anejo_parallax.webp\" alt=\"Padre - Premium Tequila\"><\/div>\n\n<div class=\"wp-block-uagb-container uagb-block-eddf6dac alignfull uagb-is-root-container\"><div class=\"uagb-container-inner-blocks-wrap\">\n<div class=\"wp-block-columns is-layout-flex wp-container-core-columns-is-layout-28f84493 wp-block-columns-is-layout-flex\">\n<div class=\"wp-block-column is-layout-flow wp-block-column-is-layout-flow\">\n<figure class=\"wp-block-image aligncenter size-full is-resized\"><img decoding=\"async\" src=\"https:\/\/padreazul.com\/wp-content\/uploads\/2023\/08\/Element-10.svg\" alt=\"\" class=\"wp-image-1485\" style=\"width:198px;height:39px\"\/><\/figure>\n\n\n\n<div class=\"wp-block-uagb-image aligncenter uagb-block-cdc9a551 wp-block-uagb-image--layout-default wp-block-uagb-image--effect-static wp-block-uagb-image--align-center\"><figure class=\"wp-block-uagb-image__figure\"><img decoding=\"async\" srcset=\"https:\/\/padreazul.com\/wp-content\/uploads\/2023\/08\/Element-5.svg\n \" sizes=\"auto, (max-width: 480px) 150px\" src=\"https:\/\/padreazul.com\/wp-content\/uploads\/2023\/08\/Element-5.svg\" alt=\"\" class=\"uag-image-1338\" width=\"340\" height=\"131\" title=\"\" loading=\"lazy\"><\/figure><\/div>\n\n\n\n<div class=\"wp-block-uagb-advanced-heading uagb-block-97144126\"><h2 class=\"uagb-heading-text\">ewige Freundschaft<\/h2><\/div>\n\n\n\n<p>Stellen Sie sich einen Abend mit lieben Freunden, Lachen und der Welt vor, die in Ordnung gebracht wurde &#8211; all das erg\u00e4nzt durch einen Schluck dieses au\u00dfergew\u00f6hnlichen Tequilas. Dieser A\u00f1ejo reifte \u00fcber 18 Monate in Bourbon-Eichenf\u00e4ssern und enth\u00fcllt eine Komplexit\u00e4t und Sanftheit wie kein anderer. Mit einem Hauch von Vanille, Schokolade, karamellisierten N\u00fcssen und Zimt ist er der perfekte Abschluss f\u00fcr einen geselligen Abend. Er ist mehr als nur ein Getr\u00e4nk, er ist die gef\u00fchlvolle Note, die Ihre denkw\u00fcrdigen Momente vervollst\u00e4ndigt. Prost auf das Au\u00dfergew\u00f6hnliche!    <\/p>\n<\/div>\n\n\n\n<div class=\"wp-block-column is-layout-flow wp-block-column-is-layout-flow\">\n<div class=\"wp-block-uagb-image aligncenter uagb-block-511300a2 wp-block-uagb-image--layout-default wp-block-uagb-image--effect-static wp-block-uagb-image--align-center\"><figure class=\"wp-block-uagb-image__figure\"><img decoding=\"async\" src=\"https:\/\/padreazul.com\/wp-content\/uploads\/2023\/11\/anejo_productpage-683x1024.webp\" alt=\"\" class=\"uag-image-4320\" width=\"305\" height=\"457\" title=\"\" loading=\"lazy\"><\/figure><\/div>\n\n\n\n<div class=\"wp-block-uagb-image aligncenter uagb-block-83b3cbdb wp-block-uagb-image--layout-default wp-block-uagb-image--effect-zoomin wp-block-uagb-image--align-center\"><figure class=\"wp-block-uagb-image__figure\"><a class=\"\" href=\"https:\/\/padreazul.com\/product\/tequila-anejo-700ml\/\" target=\"\" rel=\"noopener\"><img decoding=\"async\" src=\"https:\/\/padreazul.com\/wp-content\/uploads\/2023\/08\/SHOP-AWARD.gif\" alt=\"\" class=\"uag-image-1529\" width=\"158\" height=\"194\" title=\"\" loading=\"lazy\"><\/a><\/figure><\/div>\n<\/div>\n<\/div>\n<\/div><\/div>\n","protected":false},"excerpt":{"rendered":"<p>ewige Freundschaft Stellen Sie sich einen Abend mit lieben Freunden, Lachen und der Welt vor, die in Ordnung gebracht wurde [&hellip;]<\/p>\n","protected":false},"author":2,"featured_media":0,"parent":0,"menu_order":0,"comment_status":"closed","ping_status":"closed","template":"","meta":{"content-type":"","_uag_custom_page_level_css":"","site-sidebar-layout":"default","site-content-layout":"","ast-site-content-layout":"full-width-container","site-content-style":"default","site-sidebar-style":"default","ast-global-header-display":"","ast-banner-title-visibility":"","ast-main-header-display":"","ast-hfb-above-header-display":"","ast-hfb-below-header-display":"","ast-hfb-mobile-header-display":"","site-post-title":"disabled","ast-breadcrumbs-content":"","ast-featured-img":"","footer-sml-layout":"","theme-transparent-header-meta":"","adv-header-id-meta":"","stick-header-meta":"","header-above-stick-meta":"","header-main-stick-meta":"","header-below-stick-meta":"","astra-migrate-meta-layouts":"default","ast-page-background-enabled":"default","ast-page-background-meta":{"desktop":{"background-color":"","background-image":"","background-repeat":"repeat","background-position":"center center","background-size":"auto","background-attachment":"scroll","background-type":"","background-media":"","overlay-type":"","overlay-color":"","overlay-opacity":"","overlay-gradient":""},"tablet":{"background-color":"","background-image":"","background-repeat":"repeat","background-position":"center center","background-size":"auto","background-attachment":"scroll","background-type":"","background-media":"","overlay-type":"","overlay-color":"","overlay-opacity":"","overlay-gradient":""},"mobile":{"background-color":"","background-image":"","background-repeat":"repeat","background-position":"center center","background-size":"auto","background-attachment":"scroll","background-type":"","background-media":"","overlay-type":"","overlay-color":"","overlay-opacity":"","overlay-gradient":""}},"ast-content-background-meta":{"desktop":{"background-color":"var(--ast-global-color-5)","background-image":"","background-repeat":"repeat","background-position":"center center","background-size":"auto","background-attachment":"scroll","background-type":"","background-media":"","overlay-type":"","overlay-color":"","overlay-opacity":"","overlay-gradient":""},"tablet":{"background-color":"var(--ast-global-color-5)","background-image":"","background-repeat":"repeat","background-position":"center center","background-size":"auto","background-attachment":"scroll","background-type":"","background-media":"","overlay-type":"","overlay-color":"","overlay-opacity":"","overlay-gradient":""},"mobile":{"background-color":"var(--ast-global-color-5)","background-image":"","background-repeat":"repeat","background-position":"center center","background-size":"auto","background-attachment":"scroll","background-type":"","background-media":"","overlay-type":"","overlay-color":"","overlay-opacity":"","overlay-gradient":""}},"footnotes":""},"class_list":["post-8597","page","type-page","status-publish","hentry"],"uagb_featured_image_src":{"full":false,"thumbnail":false,"medium":false,"medium_large":false,"large":false,"product_image_size":false,"product_image_size_small":false,"1536x1536":false,"2048x2048":false,"woocommerce_thumbnail":false,"woocommerce_single":false,"woocommerce_gallery_thumbnail":false},"uagb_author_info":{"display_name":"Wordpress Web-Crossing","author_link":"https:\/\/padreazul.com\/de\/author\/wordpress_webcrossing\/"},"uagb_comment_info":0,"uagb_excerpt":"ewige Freundschaft Stellen Sie sich einen Abend mit lieben Freunden, Lachen und der Welt vor, die in Ordnung gebracht wurde [&hellip;]","_links":{"self":[{"href":"https:\/\/padreazul.com\/de\/wp-json\/wp\/v2\/pages\/8597","targetHints":{"allow":["GET"]}}],"collection":[{"href":"https:\/\/padreazul.com\/de\/wp-json\/wp\/v2\/pages"}],"about":[{"href":"https:\/\/padreazul.com\/de\/wp-json\/wp\/v2\/types\/page"}],"author":[{"embeddable":true,"href":"https:\/\/padreazul.com\/de\/wp-json\/wp\/v2\/users\/2"}],"replies":[{"embeddable":true,"href":"https:\/\/padreazul.com\/de\/wp-json\/wp\/v2\/comments?post=8597"}],"version-history":[{"count":0,"href":"https:\/\/padreazul.com\/de\/wp-json\/wp\/v2\/pages\/8597\/revisions"}],"wp:attachment":[{"href":"https:\/\/padreazul.com\/de\/wp-json\/wp\/v2\/media?parent=8597"}],"curies":[{"name":"wp","href":"https:\/\/api.w.org\/{rel}","templated":true}]}}