{"id":8867,"date":"2024-11-05T13:00:58","date_gmt":"2024-11-05T12:00:58","guid":{"rendered":"https:\/\/padreazul.com\/x-von-xiaman-mezcal-%f0%9f%92%80-info\/"},"modified":"2024-11-28T17:54:34","modified_gmt":"2024-11-28T16:54:34","slug":"x-von-xiaman-mezcal-%f0%9f%92%80-info","status":"publish","type":"page","link":"https:\/\/padreazul.com\/de\/x-von-xiaman-mezcal-%f0%9f%92%80-info\/","title":{"rendered":"X von Xiaman Mezcal Info"},"content":{"rendered":"\n<div class=\"wp-block-uagb-container uagb-block-26a96bb4 alignfull uagb-is-root-container\"><div class=\"uagb-container-inner-blocks-wrap\">\n<div class=\"wp-block-columns is-layout-flex wp-container-core-columns-is-layout-28f84493 wp-block-columns-is-layout-flex\">\n<div class=\"wp-block-column is-layout-flow wp-block-column-is-layout-flow\" style=\"flex-basis:40%\">\n<div class=\"wp-block-uagb-image aligncenter uagb-block-c8713193 wp-block-uagb-image--layout-default wp-block-uagb-image--effect-static wp-block-uagb-image--align-center\"><figure class=\"wp-block-uagb-image__figure\"><img decoding=\"async\" srcset=\"https:\/\/padreazul.com\/wp-content\/uploads\/2024\/11\/X_desktop-removebg-preview.png ,https:\/\/padreazul.com\/wp-content\/uploads\/2024\/11\/X_desktop-removebg-preview.png 780w, https:\/\/padreazul.com\/wp-content\/uploads\/2024\/11\/X_desktop-removebg-preview.png 360w\" sizes=\"auto, (max-width: 480px) 150px\" src=\"https:\/\/padreazul.com\/wp-content\/uploads\/2024\/11\/X_desktop-removebg-preview.png\" alt=\"\" class=\"uag-image-8850\" width=\"269\" height=\"150\" title=\"X_desktop-removebg-preview\" loading=\"lazy\" role=\"img\"><\/figure><\/div>\n\n\n\n<div class=\"wp-block-uagb-image aligncenter uagb-block-dbb2a5b2 wp-block-uagb-image--layout-default wp-block-uagb-image--effect-static wp-block-uagb-image--align-center uag-hide-desktop uag-hide-tab\"><figure class=\"wp-block-uagb-image__figure\"><img decoding=\"async\" srcset=\"https:\/\/padreazul.com\/wp-content\/uploads\/2024\/11\/X-mobile-474x1024.png ,https:\/\/padreazul.com\/wp-content\/uploads\/2024\/11\/X-mobile.png 780w, https:\/\/padreazul.com\/wp-content\/uploads\/2024\/11\/X-mobile.png 360w\" sizes=\"auto, (max-width: 480px) 150px\" src=\"https:\/\/padreazul.com\/wp-content\/uploads\/2024\/11\/X-mobile-474x1024.png\" alt=\"\" class=\"uag-image-8846\" width=\"507\" height=\"1000\" title=\"X Handy\" loading=\"lazy\" role=\"img\"><\/figure><\/div>\n\n\n\n<div style=\"height:40px\" aria-hidden=\"true\" class=\"wp-block-spacer\"><\/div>\n\n\n\n<p>X by Xiaman \u2013 der Trank der G\u00f6tter! Dieser Mezcal ist ein rauchiges Meisterwerk, das ausschlie\u00dflich aus 100 % Espad\u00edn-Agave gefertigt wird. In einem unterirdischen Ofen behutsam gegart und nach traditioneller Methode fermentiert und destilliert, entfaltet er ein au\u00dfergew\u00f6hnliches Bouquet erdiger Aromen und komplexer Geschmacksnuancen. Lassen Sie sich mit jedem Schluck in eine neue, faszinierende Dimension des Genusses entf\u00fchren!   <\/p>\n<\/div>\n\n\n\n<div class=\"wp-block-column is-layout-flow wp-block-column-is-layout-flow\" style=\"flex-basis:40%\">\n<div class=\"wp-block-uagb-image aligncenter uagb-block-1779a497 wp-block-uagb-image--layout-default wp-block-uagb-image--effect-static wp-block-uagb-image--align-center uag-hide-mob\"><figure class=\"wp-block-uagb-image__figure\"><img decoding=\"async\" srcset=\"https:\/\/padreazul.com\/wp-content\/uploads\/2024\/11\/X-mobile-474x1024.png ,https:\/\/padreazul.com\/wp-content\/uploads\/2024\/11\/X-mobile.png 780w, https:\/\/padreazul.com\/wp-content\/uploads\/2024\/11\/X-mobile.png 360w\" sizes=\"auto, (max-width: 480px) 150px\" src=\"https:\/\/padreazul.com\/wp-content\/uploads\/2024\/11\/X-mobile-474x1024.png\" alt=\"\" class=\"uag-image-8846\" width=\"507\" height=\"1000\" title=\"X Handy\" loading=\"lazy\" role=\"img\"><\/figure><\/div>\n\n\n\n<div style=\"height:100px\" aria-hidden=\"true\" class=\"wp-block-spacer\"><\/div>\n<\/div>\n\n\n\n<div class=\"wp-block-column is-vertically-aligned-center is-layout-flow wp-block-column-is-layout-flow\">\n<div class=\"wp-block-uagb-image uagb-block-8c866e38 wp-block-uagb-image--layout-default wp-block-uagb-image--effect-zoomin wp-block-uagb-image--align-none\"><figure class=\"wp-block-uagb-image__figure\"><a class=\"\" href=\"https:\/\/padreazul.com\/de\/product\/xiaman-artesanal-mezcal-700ml-copy\/\" target=\"\" rel=\"noopener\"><img decoding=\"async\" srcset=\"https:\/\/padreazul.com\/wp-content\/uploads\/2023\/08\/SHOP_Magic-1.gif\n \" sizes=\"auto, (max-width: 480px) 150px\" src=\"https:\/\/padreazul.com\/wp-content\/uploads\/2023\/08\/SHOP_Magic-1.gif\" alt=\"\" class=\"uag-image-1431\" width=\"757\" height=\"906\" title=\"\" loading=\"lazy\" role=\"img\"><\/a><\/figure><\/div>\n<\/div>\n<\/div>\n<\/div><\/div>\n\n<div class=\"wp-block-padre-parallax alignfull\" data-speed=\"30\" data-height=\"50\" data-type=\"image\" style=\"--padre-section-height:50VH;--padre-section-height-mobile:50VH;--padre-element-height:150%\"><img decoding=\"async\" loading=\"lazy\" class=\"parallax-element\" src=\"https:\/\/padreazul.com\/wp-content\/uploads\/2024\/11\/IMG_1434-2048x1365.jpg\" srcset=\"https:\/\/padreazul.com\/wp-content\/uploads\/2024\/11\/IMG_1434-1350x900.jpg 600w, https:\/\/padreazul.com\/wp-content\/uploads\/2024\/11\/IMG_1434-2048x1365.jpg 1920w\" sizes=\"auto, (max-width: 600px) 600px, 1920px\" width=\"1920\" height=\"1080\" alt=\"Padre - Premium Tequila\"><\/div>\n\n<div class=\"wp-block-uagb-advanced-heading uagb-block-97144126\"><h2 class=\"uagb-heading-text\">Was ist X von Xiaman Mezcal?<\/h2><\/div>\n\n<div class=\"wp-block-uagb-container uagb-block-a0a3d75f alignfull uagb-is-root-container\"><div class=\"uagb-container-inner-blocks-wrap\">\n<div class=\"wp-block-uagb-container uagb-block-67a918d9\">\n<p>Historisch gesehen wurde eine fr\u00fche Form des Mezcals von den indigenen V\u00f6lkern Mexikos verehrt. Heute hat dieser edle Trank die Herzen von Connaisseuren auf der ganzen Welt erobert. Seien Sie der N\u00e4chste , der sich dieser au\u00dfergew\u00f6hnlichen Reise anschlie\u00dft!  <\/p>\n\n\n\n<p>W\u00e4hrend Tequila-Produzenten auf die Verwendung der Blue Weber Agave beschr\u00e4nkt sind, haben Mezcaleros die Freiheit, aus einer Vielzahl von Agavenarten zu w\u00e4hlen. F\u00fcr unser au\u00dfergew\u00f6hnliches X by Xiaman verwenden wir ausschlie\u00dflich die Espad\u00edn-Agave, die f\u00fcr ihr reichhaltiges Aromenspektrum bekannt ist, um ein wahrhaft bemerkenswertes Trinkerlebnis zu schaffen. <\/p>\n\n\n\n<p>Mezcal zeichnet sich durch einen komplexeren Produktionsprozess und ein vielschichtigeres Geschmackserlebnis aus. Die Destillation hochwertigen Mezcals ist eine wahre Kunstform, und obwohl moderne Methoden in der Branche weit verbreitet sind, bleiben wir der traditionellen Handwerkskunst treu. Wir bewahren die Authentizit\u00e4t und Echtheit, indem wir die jahrhundertealten Techniken ehren, die unseren Mezcal zu etwas ganz Besonderem machen.  <\/p>\n<\/div>\n\n\n\n<div class=\"wp-block-uagb-container uagb-block-428b6fb6\">\n<figure class=\"wp-block-image size-large\"><img loading=\"lazy\" decoding=\"async\" width=\"1024\" height=\"683\" src=\"https:\/\/padreazul.com\/wp-content\/uploads\/2024\/11\/IMG_1436-1024x683.jpg\" alt=\"\" class=\"wp-image-8857\" srcset=\"https:\/\/padreazul.com\/wp-content\/uploads\/2024\/11\/IMG_1436-1024x683.jpg 1024w, https:\/\/padreazul.com\/wp-content\/uploads\/2024\/11\/IMG_1436-300x200.jpg 300w, https:\/\/padreazul.com\/wp-content\/uploads\/2024\/11\/IMG_1436-768x512.jpg 768w, https:\/\/padreazul.com\/wp-content\/uploads\/2024\/11\/IMG_1436-1350x900.jpg 1350w, https:\/\/padreazul.com\/wp-content\/uploads\/2024\/11\/IMG_1436-900x600.jpg 900w, https:\/\/padreazul.com\/wp-content\/uploads\/2024\/11\/IMG_1436-1536x1024.jpg 1536w, https:\/\/padreazul.com\/wp-content\/uploads\/2024\/11\/IMG_1436-2048x1365.jpg 2048w, https:\/\/padreazul.com\/wp-content\/uploads\/2024\/11\/IMG_1436-500x333.jpg 500w\" sizes=\"auto, (max-width: 1024px) 100vw, 1024px\" \/><\/figure>\n<\/div>\n<\/div><\/div>\n\n<div style=\"height:70px\" aria-hidden=\"true\" class=\"wp-block-spacer\"><\/div>\n\n<figure class=\"wp-block-image aligncenter size-full is-resized\"><img decoding=\"async\" src=\"https:\/\/padreazul.com\/wp-content\/uploads\/2023\/09\/hard-wark-smooth-taste.svg\" alt=\"\" class=\"wp-image-2414\" style=\"width:577px;height:auto\"\/><\/figure>\n\n<div class=\"wp-block-uagb-container uagb-block-e03f1c26 alignfull uagb-is-root-container\"><div class=\"uagb-container-inner-blocks-wrap\">\n<div class=\"wp-block-columns is-layout-flex wp-container-core-columns-is-layout-28f84493 wp-block-columns-is-layout-flex\">\n<div class=\"wp-block-column is-layout-flow wp-block-column-is-layout-flow\">\n<div style=\"height:89px\" aria-hidden=\"true\" class=\"wp-block-spacer\"><\/div>\n\n\n\n<figure class=\"wp-block-image size-large\"><img loading=\"lazy\" decoding=\"async\" width=\"1024\" height=\"571\" src=\"https:\/\/padreazul.com\/wp-content\/uploads\/2024\/11\/IMG_0498-1024x571.jpg\" alt=\"\" class=\"wp-image-8860\" srcset=\"https:\/\/padreazul.com\/wp-content\/uploads\/2024\/11\/IMG_0498-1024x571.jpg 1024w, https:\/\/padreazul.com\/wp-content\/uploads\/2024\/11\/IMG_0498-300x167.jpg 300w, https:\/\/padreazul.com\/wp-content\/uploads\/2024\/11\/IMG_0498-768x428.jpg 768w, https:\/\/padreazul.com\/wp-content\/uploads\/2024\/11\/IMG_0498-1076x600.jpg 1076w, https:\/\/padreazul.com\/wp-content\/uploads\/2024\/11\/IMG_0498-500x279.jpg 500w, https:\/\/padreazul.com\/wp-content\/uploads\/2024\/11\/IMG_0498.jpg 1284w\" sizes=\"auto, (max-width: 1024px) 100vw, 1024px\" \/><\/figure>\n<\/div>\n\n\n\n<div class=\"wp-block-column is-layout-flow wp-block-column-is-layout-flow\">\n<h2 class=\"wp-block-heading\">Crafting Excellence<\/h2>\n\n\n\n<p>Die Herstellung des X by Xiaman Mezcal erfolgt strikt &#8220;artesanal&#8221;, das hei\u00dft nach traditionellen Methoden und festgelegten Regeln. Mit einem Alkoholgehalt von 40 % ist dieser edle Spirituosen von h\u00f6chster Qualit\u00e4t und erf\u00fcllt s\u00e4mtliche Standards des Mezcal-Regulierungsrates. <\/p>\n\n\n\n<div style=\"height:15px\" aria-hidden=\"true\" class=\"wp-block-spacer\"><\/div>\n\n\n\n<p>X by Xiaman wird aus 100 % Espad\u00edn-Agave hergestellt. Diese einzelne Agavensorte vereint eine perfekte Balance aus komplexen Aromen und intensiven Geschmacksnuancen, die die Tiefe und den Charakter der reifen Espad\u00edn-Agave in vollkommener Weise zur Geltung bringen. <\/p>\n\n\n\n<div style=\"height:15px\" aria-hidden=\"true\" class=\"wp-block-spacer\"><\/div>\n\n\n\n<div class=\"wp-block-uagb-image aligncenter uagb-block-cacdf781 wp-block-uagb-image--layout-default wp-block-uagb-image--effect-zoomin wp-block-uagb-image--align-center\"><figure class=\"wp-block-uagb-image__figure\"><a class=\"\" href=\"https:\/\/padreazul.com\/de\/product\/xiaman-artesanal-mezcal-700ml-copy\/\" target=\"\" rel=\"noopener\"><img decoding=\"async\" srcset=\"https:\/\/padreazul.com\/wp-content\/uploads\/2023\/08\/SHOP_Magic-1.gif\n \" sizes=\"auto, (max-width: 480px) 150px\" src=\"https:\/\/padreazul.com\/wp-content\/uploads\/2023\/08\/SHOP_Magic-1.gif\" alt=\"\" class=\"uag-image-1431\" width=\"163\" height=\"195\" title=\"\" loading=\"lazy\" role=\"img\"><\/a><\/figure><\/div>\n<\/div>\n<\/div>\n<\/div><\/div>\n\n<div style=\"height:100px\" aria-hidden=\"true\" class=\"wp-block-spacer\"><\/div>\n","protected":false},"excerpt":{"rendered":"<p>X by Xiaman \u2013 der Trank der G\u00f6tter! Dieser Mezcal ist ein rauchiges Meisterwerk, das ausschlie\u00dflich aus 100 % Espad\u00edn-Agave [&hellip;]<\/p>\n","protected":false},"author":3,"featured_media":0,"parent":0,"menu_order":0,"comment_status":"closed","ping_status":"closed","template":"","meta":{"content-type":"","_uag_custom_page_level_css":"","site-sidebar-layout":"default","site-content-layout":"","ast-site-content-layout":"full-width-container","site-content-style":"default","site-sidebar-style":"default","ast-global-header-display":"","ast-banner-title-visibility":"","ast-main-header-display":"","ast-hfb-above-header-display":"","ast-hfb-below-header-display":"","ast-hfb-mobile-header-display":"","site-post-title":"disabled","ast-breadcrumbs-content":"","ast-featured-img":"","footer-sml-layout":"","ast-disable-related-posts":"","theme-transparent-header-meta":"","adv-header-id-meta":"","stick-header-meta":"","header-above-stick-meta":"","header-main-stick-meta":"","header-below-stick-meta":"","astra-migrate-meta-layouts":"default","ast-page-background-enabled":"default","ast-page-background-meta":{"desktop":{"background-color":"","background-image":"","background-repeat":"repeat","background-position":"center center","background-size":"auto","background-attachment":"scroll","background-type":"","background-media":"","overlay-type":"","overlay-color":"","overlay-opacity":"","overlay-gradient":""},"tablet":{"background-color":"","background-image":"","background-repeat":"repeat","background-position":"center center","background-size":"auto","background-attachment":"scroll","background-type":"","background-media":"","overlay-type":"","overlay-color":"","overlay-opacity":"","overlay-gradient":""},"mobile":{"background-color":"","background-image":"","background-repeat":"repeat","background-position":"center center","background-size":"auto","background-attachment":"scroll","background-type":"","background-media":"","overlay-type":"","overlay-color":"","overlay-opacity":"","overlay-gradient":""}},"ast-content-background-meta":{"desktop":{"background-color":"var(--ast-global-color-5)","background-image":"","background-repeat":"repeat","background-position":"center center","background-size":"auto","background-attachment":"scroll","background-type":"","background-media":"","overlay-type":"","overlay-color":"","overlay-opacity":"","overlay-gradient":""},"tablet":{"background-color":"var(--ast-global-color-5)","background-image":"","background-repeat":"repeat","background-position":"center center","background-size":"auto","background-attachment":"scroll","background-type":"","background-media":"","overlay-type":"","overlay-color":"","overlay-opacity":"","overlay-gradient":""},"mobile":{"background-color":"var(--ast-global-color-5)","background-image":"","background-repeat":"repeat","background-position":"center center","background-size":"auto","background-attachment":"scroll","background-type":"","background-media":"","overlay-type":"","overlay-color":"","overlay-opacity":"","overlay-gradient":""}},"footnotes":""},"class_list":["post-8867","page","type-page","status-publish","hentry"],"uagb_featured_image_src":{"full":false,"thumbnail":false,"medium":false,"medium_large":false,"large":false,"product_image_size":false,"product_image_size_small":false,"1536x1536":false,"2048x2048":false,"woocommerce_thumbnail":false,"woocommerce_single":false,"woocommerce_gallery_thumbnail":false},"uagb_author_info":{"display_name":"David","author_link":"https:\/\/padreazul.com\/de\/author\/shop_manager\/"},"uagb_comment_info":0,"uagb_excerpt":"X by Xiaman \u2013 der Trank der G\u00f6tter! Dieser Mezcal ist ein rauchiges Meisterwerk, das ausschlie\u00dflich aus 100 % Espad\u00edn-Agave [&hellip;]","_links":{"self":[{"href":"https:\/\/padreazul.com\/de\/wp-json\/wp\/v2\/pages\/8867","targetHints":{"allow":["GET"]}}],"collection":[{"href":"https:\/\/padreazul.com\/de\/wp-json\/wp\/v2\/pages"}],"about":[{"href":"https:\/\/padreazul.com\/de\/wp-json\/wp\/v2\/types\/page"}],"author":[{"embeddable":true,"href":"https:\/\/padreazul.com\/de\/wp-json\/wp\/v2\/users\/3"}],"replies":[{"embeddable":true,"href":"https:\/\/padreazul.com\/de\/wp-json\/wp\/v2\/comments?post=8867"}],"version-history":[{"count":0,"href":"https:\/\/padreazul.com\/de\/wp-json\/wp\/v2\/pages\/8867\/revisions"}],"wp:attachment":[{"href":"https:\/\/padreazul.com\/de\/wp-json\/wp\/v2\/media?parent=8867"}],"curies":[{"name":"wp","href":"https:\/\/api.w.org\/{rel}","templated":true}]}}