{"id":8953,"date":"2024-11-07T17:14:15","date_gmt":"2024-11-07T16:14:15","guid":{"rendered":"https:\/\/padreazul.com\/tequila-single-barrel-anejo-%f0%9f%92%80-info\/"},"modified":"2024-11-28T17:48:00","modified_gmt":"2024-11-28T16:48:00","slug":"tequila-single-barrel-anejo-%f0%9f%92%80-info","status":"publish","type":"page","link":"https:\/\/padreazul.com\/de\/tequila-single-barrel-anejo-%f0%9f%92%80-info\/","title":{"rendered":"Tequila Single Barrel A\u00f1ejo \ud83d\udc80 Info"},"content":{"rendered":"\n<div class=\"wp-block-uagb-container uagb-block-26a96bb4 alignfull uagb-is-root-container\"><div class=\"uagb-container-inner-blocks-wrap\">\n<div class=\"wp-block-columns is-layout-flex wp-container-core-columns-is-layout-28f84493 wp-block-columns-is-layout-flex\">\n<div class=\"wp-block-column is-layout-flow wp-block-column-is-layout-flow\" style=\"flex-basis:40%\">\n<div style=\"height:172px\" aria-hidden=\"true\" class=\"wp-block-spacer\"><\/div>\n\n\n\n<div class=\"wp-block-uagb-image aligncenter uagb-block-c8713193 wp-block-uagb-image--layout-default wp-block-uagb-image--effect-static wp-block-uagb-image--align-center\"><figure class=\"wp-block-uagb-image__figure\"><img decoding=\"async\" srcset=\"https:\/\/padreazul.com\/wp-content\/uploads\/2023\/09\/time-time-time.svg ,https:\/\/padreazul.com\/wp-content\/uploads\/2023\/09\/time-time-time.svg 780w, https:\/\/padreazul.com\/wp-content\/uploads\/2023\/09\/time-time-time.svg 360w\" sizes=\"auto, (max-width: 480px) 150px\" src=\"https:\/\/padreazul.com\/wp-content\/uploads\/2023\/09\/time-time-time.svg\" alt=\"\" class=\"uag-image-2433\" width=\"412\" height=\"910\" title=\"\" loading=\"lazy\" role=\"img\"><\/figure><\/div>\n\n\n\n<div class=\"wp-block-uagb-image aligncenter uagb-block-dbb2a5b2 wp-block-uagb-image--layout-default wp-block-uagb-image--effect-static wp-block-uagb-image--align-center uag-hide-desktop uag-hide-tab\"><figure class=\"wp-block-uagb-image__figure\"><img decoding=\"async\" srcset=\"https:\/\/padreazul.com\/wp-content\/uploads\/2024\/11\/SB_A-Desk-EU-1024x1024.png ,https:\/\/padreazul.com\/wp-content\/uploads\/2024\/11\/SB_A-Desk-EU.png 780w, https:\/\/padreazul.com\/wp-content\/uploads\/2024\/11\/SB_A-Desk-EU.png 360w\" sizes=\"auto, (max-width: 480px) 150px\" src=\"https:\/\/padreazul.com\/wp-content\/uploads\/2024\/11\/SB_A-Desk-EU-1024x1024.png\" alt=\"\" class=\"uag-image-8198\" width=\"507\" height=\"1000\" title=\"SB_A-Schreibtisch EU\" loading=\"lazy\" role=\"img\"><\/figure><\/div>\n\n\n\n<div style=\"height:40px\" aria-hidden=\"true\" class=\"wp-block-spacer\"><\/div>\n\n\n\n<p style=\"padding-top:var(--wp--preset--spacing--50)\">Begeben Sie sich auf eine au\u00dfergew\u00f6hnliche Tequila-Reise mit unserem Single Barrel A\u00f1ejo &#8211; ein unverzichtbares Erlebnis f\u00fcr alle, die einen zeitlosen Geschmack suchen. Zwei Jahre lang in handverlesenen F\u00e4ssern gereift, enth\u00fcllt dieser A\u00f1ejo eine einzigartige Tiefe und einen unvergleichlichen Charakter. Entdecken Sie die reiche Komplexit\u00e4t, die nur durch die perfekte Mischung aus Geduld und Handwerkskunst erreicht werden kann!  <\/p>\n<\/div>\n\n\n\n<div class=\"wp-block-column is-layout-flow wp-block-column-is-layout-flow\" style=\"flex-basis:40%\">\n<div class=\"wp-block-uagb-image aligncenter uagb-block-1779a497 wp-block-uagb-image--layout-default wp-block-uagb-image--effect-static wp-block-uagb-image--align-center uag-hide-mob\"><figure class=\"wp-block-uagb-image__figure\"><img decoding=\"async\" srcset=\"https:\/\/padreazul.com\/wp-content\/uploads\/2024\/11\/SB-Anejo-mobile-474x1024.png ,https:\/\/padreazul.com\/wp-content\/uploads\/2024\/11\/SB-Anejo-mobile.png 780w, https:\/\/padreazul.com\/wp-content\/uploads\/2024\/11\/SB-Anejo-mobile.png 360w\" sizes=\"auto, (max-width: 480px) 150px\" src=\"https:\/\/padreazul.com\/wp-content\/uploads\/2024\/11\/SB-Anejo-mobile-474x1024.png\" alt=\"\" class=\"uag-image-8817\" width=\"507\" height=\"1000\" title=\"SB Anejo mobil\" loading=\"lazy\" role=\"img\"><\/figure><\/div>\n\n\n\n<div style=\"height:113px\" aria-hidden=\"true\" class=\"wp-block-spacer\"><\/div>\n<\/div>\n\n\n\n<div class=\"wp-block-column is-vertically-aligned-center is-layout-flow wp-block-column-is-layout-flow\">\n<div class=\"wp-block-uagb-image uagb-block-8c866e38 wp-block-uagb-image--layout-default wp-block-uagb-image--effect-zoomin wp-block-uagb-image--align-none\"><figure class=\"wp-block-uagb-image__figure\"><a class=\"\" href=\"https:\/\/padreazul.com\/it\/product\/set-degustazione-single-barrel-anejo-700ml-2-bicchieri-da-degustazione\/\" target=\"\" rel=\"noopener\"><img decoding=\"async\" srcset=\"https:\/\/padreazul.com\/wp-content\/uploads\/2023\/08\/SHOP_Magic-1.gif\n \" sizes=\"auto, (max-width: 480px) 150px\" src=\"https:\/\/padreazul.com\/wp-content\/uploads\/2023\/08\/SHOP_Magic-1.gif\" alt=\"\" class=\"uag-image-1431\" width=\"757\" height=\"906\" title=\"\" loading=\"lazy\" role=\"img\"><\/a><\/figure><\/div>\n<\/div>\n<\/div>\n<\/div><\/div>\n\n<div class=\"wp-block-padre-parallax alignfull\" data-speed=\"30\" data-height=\"50\" data-type=\"image\" style=\"--padre-section-height:50VH;--padre-section-height-mobile:50VH;--padre-element-height:150%\"><img decoding=\"async\" loading=\"lazy\" class=\"parallax-element\" src=\"https:\/\/padreazul.com\/wp-content\/uploads\/2023\/09\/aging.webp\" srcset=\"image 600w, https:\/\/padreazul.com\/wp-content\/uploads\/2023\/09\/aging.webp 1920w\" sizes=\"auto, (max-width: 600px) 600px, 1920px\" width=\"1920\" height=\"1080\" alt=\"Padre - Premium Tequila\"><\/div>\n\n<div class=\"wp-block-uagb-container uagb-block-e03f1c26 alignfull uagb-is-root-container\"><div class=\"uagb-container-inner-blocks-wrap\">\n<div class=\"wp-block-columns is-layout-flex wp-container-core-columns-is-layout-28f84493 wp-block-columns-is-layout-flex\">\n<div class=\"wp-block-column is-layout-flow wp-block-column-is-layout-flow\">\n<div style=\"height:100px\" aria-hidden=\"true\" class=\"wp-block-spacer\"><\/div>\n\n\n\n<div class=\"wp-block-uagb-image uagb-block-d5a27a2b wp-block-uagb-image--layout-default wp-block-uagb-image--effect-static wp-block-uagb-image--align-none\"><figure class=\"wp-block-uagb-image__figure\"><img decoding=\"async\" srcset=\"https:\/\/padreazul.com\/wp-content\/uploads\/2023\/09\/magic-times.svg ,https:\/\/padreazul.com\/wp-content\/uploads\/2023\/09\/magic-times.svg 780w, https:\/\/padreazul.com\/wp-content\/uploads\/2023\/09\/magic-times.svg 360w\" sizes=\"auto, (max-width: 480px) 150px\" src=\"https:\/\/padreazul.com\/wp-content\/uploads\/2023\/09\/magic-times.svg\" alt=\"\" class=\"uag-image-2479\" width=\"460\" height=\"177\" title=\"\" loading=\"lazy\" role=\"img\"><\/figure><\/div>\n<\/div>\n\n\n\n<div class=\"wp-block-column is-layout-flow wp-block-column-is-layout-flow\">\n<div class=\"wp-block-uagb-advanced-heading uagb-block-97144126\"><h2 class=\"uagb-heading-text\">Eine Harmonie der Geschm\u00e4cker<\/h2><\/div>\n\n\n\n<p>Erleben Sie die Essenz der Zeit mit unserem Single Barrel A\u00f1ejo &#8211; ein unvergleichliches Meisterwerk in jeder Flasche. Mit Hingabe hergestellt und jahrelang in sorgf\u00e4ltig ausgew\u00e4hlten Bourbonf\u00e4ssern gereift, entfaltet dieser Tequila ein komplexes Aroma. Tiefe Noten von gekochter Agave, Vanille und getrockneter Aprikose mischen sich mit warmen Ankl\u00e4ngen von Zimt, Karamell und dunkler Schokolade. Jeder Schluck ist pure Eleganz &#8211; perfekt f\u00fcr Momente, die nach au\u00dfergew\u00f6hnlicher Perfektion verlangen.   <\/p>\n<\/div>\n<\/div>\n<\/div><\/div>\n\n<div style=\"height:55px\" aria-hidden=\"true\" class=\"wp-block-spacer\"><\/div>\n\n<div class=\"wp-block-uagb-container uagb-block-fb661113 alignfull uagb-is-root-container\"><div class=\"uagb-container-inner-blocks-wrap\">\n<div class=\"wp-block-uagb-container uagb-block-fe84684e\">\n<div class=\"wp-block-uagb-advanced-heading uagb-block-01ceb806\"><h2 class=\"uagb-heading-text\">Zur Perfektion gereift<\/h2><\/div>\n\n\n\n<p>F\u00fcr abenteuerlustige Genie\u00dfer, die Authentizit\u00e4t suchen, bietet unser Single Barrel A\u00f1ejo eine unvergleichliche Reise. Jede Charge wird aus der feinsten Blue Weber Agave destilliert und reift zwei Jahre lang in sorgf\u00e4ltig ausgew\u00e4hlten Bourbonf\u00e4ssern, um ein weiches, vielschichtiges Profil mit bemerkenswerter Tiefe zu entwickeln. Es wird nur eine begrenzte Anzahl von F\u00e4ssern produziert, was diesen exklusiven Tequila zu einem au\u00dfergew\u00f6hnlichen Geschmackserlebnis macht. Jede Flasche ist einzeln nummeriert und handsigniert &#8211; ein echtes Sammlerst\u00fcck und ein lebendiges Zeugnis der einzigartigen Geschichte, die sie erz\u00e4hlt.   <\/p>\n<\/div>\n\n\n\n<div class=\"wp-block-uagb-container uagb-block-8c1cce12\">\n<div class=\"wp-block-uagb-image aligncenter uagb-block-cae1dd91 wp-block-uagb-image--layout-default wp-block-uagb-image--effect-zoomin wp-block-uagb-image--align-center\"><figure class=\"wp-block-uagb-image__figure\"><a class=\"\" href=\"https:\/\/padreazul.com\/it\/?post_type=product&#038;p=8727\" target=\"\" rel=\"noopener\"><img decoding=\"async\" srcset=\"https:\/\/padreazul.com\/wp-content\/uploads\/2023\/08\/SHOP-TIME.gif ,https:\/\/padreazul.com\/wp-content\/uploads\/2023\/08\/SHOP-TIME.gif 780w, https:\/\/padreazul.com\/wp-content\/uploads\/2023\/08\/SHOP-TIME.gif 360w\" sizes=\"auto, (max-width: 480px) 150px\" src=\"https:\/\/padreazul.com\/wp-content\/uploads\/2023\/08\/SHOP-TIME.gif\" alt=\"\" class=\"uag-image-1423\" width=\"188\" height=\"234\" title=\"\" loading=\"lazy\" role=\"img\"><\/a><\/figure><\/div>\n<\/div>\n<\/div><\/div>\n\n<div style=\"height:100px\" aria-hidden=\"true\" class=\"wp-block-spacer\"><\/div>\n","protected":false},"excerpt":{"rendered":"<p>Begeben Sie sich auf eine au\u00dfergew\u00f6hnliche Tequila-Reise mit unserem Single Barrel A\u00f1ejo &#8211; ein unverzichtbares Erlebnis f\u00fcr alle, die einen [&hellip;]<\/p>\n","protected":false},"author":3,"featured_media":0,"parent":0,"menu_order":0,"comment_status":"closed","ping_status":"closed","template":"","meta":{"content-type":"","_uag_custom_page_level_css":"","site-sidebar-layout":"default","site-content-layout":"","ast-site-content-layout":"full-width-container","site-content-style":"default","site-sidebar-style":"default","ast-global-header-display":"","ast-banner-title-visibility":"","ast-main-header-display":"","ast-hfb-above-header-display":"","ast-hfb-below-header-display":"","ast-hfb-mobile-header-display":"","site-post-title":"disabled","ast-breadcrumbs-content":"","ast-featured-img":"","footer-sml-layout":"","ast-disable-related-posts":"","theme-transparent-header-meta":"","adv-header-id-meta":"","stick-header-meta":"","header-above-stick-meta":"","header-main-stick-meta":"","header-below-stick-meta":"","astra-migrate-meta-layouts":"default","ast-page-background-enabled":"default","ast-page-background-meta":{"desktop":{"background-color":"","background-image":"","background-repeat":"repeat","background-position":"center center","background-size":"auto","background-attachment":"scroll","background-type":"","background-media":"","overlay-type":"","overlay-color":"","overlay-opacity":"","overlay-gradient":""},"tablet":{"background-color":"","background-image":"","background-repeat":"repeat","background-position":"center center","background-size":"auto","background-attachment":"scroll","background-type":"","background-media":"","overlay-type":"","overlay-color":"","overlay-opacity":"","overlay-gradient":""},"mobile":{"background-color":"","background-image":"","background-repeat":"repeat","background-position":"center center","background-size":"auto","background-attachment":"scroll","background-type":"","background-media":"","overlay-type":"","overlay-color":"","overlay-opacity":"","overlay-gradient":""}},"ast-content-background-meta":{"desktop":{"background-color":"var(--ast-global-color-5)","background-image":"","background-repeat":"repeat","background-position":"center center","background-size":"auto","background-attachment":"scroll","background-type":"","background-media":"","overlay-type":"","overlay-color":"","overlay-opacity":"","overlay-gradient":""},"tablet":{"background-color":"var(--ast-global-color-5)","background-image":"","background-repeat":"repeat","background-position":"center center","background-size":"auto","background-attachment":"scroll","background-type":"","background-media":"","overlay-type":"","overlay-color":"","overlay-opacity":"","overlay-gradient":""},"mobile":{"background-color":"var(--ast-global-color-5)","background-image":"","background-repeat":"repeat","background-position":"center center","background-size":"auto","background-attachment":"scroll","background-type":"","background-media":"","overlay-type":"","overlay-color":"","overlay-opacity":"","overlay-gradient":""}},"footnotes":""},"class_list":["post-8953","page","type-page","status-publish","hentry"],"uagb_featured_image_src":{"full":false,"thumbnail":false,"medium":false,"medium_large":false,"large":false,"product_image_size":false,"product_image_size_small":false,"1536x1536":false,"2048x2048":false,"woocommerce_thumbnail":false,"woocommerce_single":false,"woocommerce_gallery_thumbnail":false},"uagb_author_info":{"display_name":"David","author_link":"https:\/\/padreazul.com\/de\/author\/shop_manager\/"},"uagb_comment_info":0,"uagb_excerpt":"Begeben Sie sich auf eine au\u00dfergew\u00f6hnliche Tequila-Reise mit unserem Single Barrel A\u00f1ejo &#8211; ein unverzichtbares Erlebnis f\u00fcr alle, die einen [&hellip;]","_links":{"self":[{"href":"https:\/\/padreazul.com\/de\/wp-json\/wp\/v2\/pages\/8953","targetHints":{"allow":["GET"]}}],"collection":[{"href":"https:\/\/padreazul.com\/de\/wp-json\/wp\/v2\/pages"}],"about":[{"href":"https:\/\/padreazul.com\/de\/wp-json\/wp\/v2\/types\/page"}],"author":[{"embeddable":true,"href":"https:\/\/padreazul.com\/de\/wp-json\/wp\/v2\/users\/3"}],"replies":[{"embeddable":true,"href":"https:\/\/padreazul.com\/de\/wp-json\/wp\/v2\/comments?post=8953"}],"version-history":[{"count":0,"href":"https:\/\/padreazul.com\/de\/wp-json\/wp\/v2\/pages\/8953\/revisions"}],"wp:attachment":[{"href":"https:\/\/padreazul.com\/de\/wp-json\/wp\/v2\/media?parent=8953"}],"curies":[{"name":"wp","href":"https:\/\/api.w.org\/{rel}","templated":true}]}}